{"id":74,"date":"2020-05-12T07:17:57","date_gmt":"2020-05-12T07:17:57","guid":{"rendered":"http:\/\/huertali-cp85.wordpresstemporal.com\/gmari\/?page_id=74"},"modified":"2023-01-30T11:58:26","modified_gmt":"2023-01-30T11:58:26","slug":"periodoncia-e-implantes-dentales","status":"publish","type":"page","link":"https:\/\/garciamariformacion.com\/fr\/profesionales\/cursos-de-odontologia\/cursos-para-higienistas-dentales\/periodoncia-e-implantes-dentales\/","title":{"rendered":"Cours intensif en Parodontie et implants dentaires"},"content":{"rendered":"<div data-elementor-type=\"wp-page\" data-elementor-id=\"74\" class=\"elementor elementor-74\" data-elementor-settings=\"[]\">\n\t\t\t\t\t\t<div class=\"elementor-inner\">\n\t\t\t\t\t\t\t<div class=\"elementor-section-wrap\">\n\t\t\t\t\t\t\t<section class=\"elementor-section elementor-top-section elementor-element elementor-element-e13cc00 elementor-section-stretched elementor-section-boxed elementor-section-height-default elementor-section-height-default\" data-id=\"e13cc00\" data-element_type=\"section\" data-settings=\"{&quot;stretch_section&quot;:&quot;section-stretched&quot;}\">\n\t\t\t\t\t\t<div class=\"elementor-container elementor-column-gap-default\">\n\t\t\t\t\t\t\t<div class=\"elementor-row\">\n\t\t\t\t\t<div class=\"elementor-column elementor-col-66 elementor-top-column elementor-element elementor-element-5d55a43\" data-id=\"5d55a43\" data-element_type=\"column\">\n\t\t\t<div class=\"elementor-column-wrap elementor-element-populated\">\n\t\t\t\t\t\t\t<div class=\"elementor-widget-wrap\">\n\t\t\t\t\t\t<div class=\"elementor-element elementor-element-e4efa8b elementor-widget elementor-widget-heading\" data-id=\"e4efa8b\" data-element_type=\"widget\" data-widget_type=\"heading.default\">\n\t\t\t\t<div class=\"elementor-widget-container\">\n\t\t\t<h2 class=\"elementor-heading-title elementor-size-default\">Cours intensif pour hygi\u00e9nistes dentaires :<\/h2>\t\t<\/div>\n\t\t\t\t<\/div>\n\t\t\t\t<div class=\"elementor-element elementor-element-02eb917 elementor-widget elementor-widget-heading\" data-id=\"02eb917\" data-element_type=\"widget\" data-widget_type=\"heading.default\">\n\t\t\t\t<div class=\"elementor-widget-container\">\n\t\t\t<h2 class=\"elementor-heading-title elementor-size-default\">Parodontie et implants dentaires<\/h2>\t\t<\/div>\n\t\t\t\t<\/div>\n\t\t\t\t<div class=\"elementor-element elementor-element-ee1a5a1 elementor-widget elementor-widget-text-editor\" data-id=\"ee1a5a1\" data-element_type=\"widget\" data-widget_type=\"text-editor.default\">\n\t\t\t\t<div class=\"elementor-widget-container\">\n\t\t\t\t\t\t\t\t<div class=\"elementor-text-editor elementor-clearfix\">\n\t\t\t\t\t<p><span style=\"font-weight: 400;\">Les cours intensifs sont un moyen pratique et efficace de se rapprocher des techniques les plus innovantes.<\/span> <span style=\"font-weight: 400;\">Ce cours vise \u00e0 r\u00e9pondre \u00e0 la forte demande de formation des hygi\u00e9nistes dentaires dans la sp\u00e9cialit\u00e9 de parodontie, en faisant le tour des techniques, protocoles et proc\u00e9dures les plus pertinents.<\/span><\/p><p><span style=\"font-weight: 400;\">De nos jours, les patients parodontaux peuvent avoir des implants dentaires dans le cadre d&#039;un bon entretien, \u00e0 condition qu&#039;ils se pr\u00e9sentent \u00e0 leurs contr\u00f4les et qu&#039;ils s&#039;engagent \u00e0 maintenir leur sant\u00e9 bucco-dentaire. C&#039;est pourquoi nous aborderons cet aspect ainsi que le travail de l&#039;hygi\u00e9niste dentaire pour motiver et maintenir la sant\u00e9 parodontale du patient.\u00a0<\/span><\/p>\t\t\t\t\t<\/div>\n\t\t\t\t\t\t<\/div>\n\t\t\t\t<\/div>\n\t\t\t\t<div class=\"elementor-element elementor-element-0783831 elementor-widget elementor-widget-accordion\" data-id=\"0783831\" data-element_type=\"widget\" data-widget_type=\"accordion.default\">\n\t\t\t\t<div class=\"elementor-widget-container\">\n\t\t\t\t\t<div class=\"elementor-accordion\" role=\"tablist\">\n\t\t\t\t\t\t\t<div class=\"elementor-accordion-item\">\n\t\t\t\t\t<div id=\"elementor-tab-title-7871\" class=\"elementor-tab-title\" data-tab=\"1\" role=\"tab\" aria-controls=\"elementor-tab-content-7871\" aria-expanded=\"false\">\n\t\t\t\t\t\t\t\t\t\t\t\t\t<span class=\"elementor-accordion-icon elementor-accordion-icon-left\" aria-hidden=\"true\">\n\t\t\t\t\t\t\t\t\t\t\t\t\t\t\t<span class=\"elementor-accordion-icon-closed\"><i class=\"fas fa-plus\"><\/i><\/span>\n\t\t\t\t\t\t\t\t<span class=\"elementor-accordion-icon-opened\"><i class=\"fas fa-minus\"><\/i><\/span>\n\t\t\t\t\t\t\t\t\t\t\t\t\t\t<\/span>\n\t\t\t\t\t\t\t\t\t\t\t\t<a class=\"elementor-accordion-title\" href=\"\">Description du cours<\/a>\n\t\t\t\t\t<\/div>\n\t\t\t\t\t<div id=\"elementor-tab-content-7871\" class=\"elementor-tab-content elementor-clearfix\" data-tab=\"1\" role=\"tabpanel\" aria-labelledby=\"elementor-tab-title-7871\"><p><span style=\"font-weight: 400;\">Le cours est \u00e9minemment pratique et s&#039;adresse aux hygi\u00e9nistes dentaires avec ou sans exp\u00e9rience pr\u00e9alable dans la sp\u00e9cialit\u00e9, puisque nous nous adaptons \u00e0 leurs besoins et \u00e0 leurs connaissances pr\u00e9alables. Les techniques et proc\u00e9dures qui rel\u00e8vent de cette profession seront expliqu\u00e9es et pratiqu\u00e9es : prise d&#039;index et Parodontogramme, curetage, d\u00e9tartrage et surfa\u00e7age radiculaire, etc. De plus, le traitement par implants dentaires chez les patients parodontaux sera abord\u00e9 : les techniques d&#039;entretien parodontal pour les patients porteurs d&#039;implants, la pr\u00e9vention et le traitement de la p\u00e9ri-implantite.<\/span><\/p><p><span style=\"font-weight: 400;\">Les participants auront l&#039;occasion de pratiquer ces techniques d&#039;abord sur des fant\u00f4mes parodontaux mais aussi entre eux, sur des fant\u00f4mes avec implants et proth\u00e8ses, et d&#039;utiliser des instruments de polissage, etc. ***Exceptionnellement et si les circonstances le permettent, elle pourra \u00eatre pratiqu\u00e9e aupr\u00e8s des patients\u00a0<\/span><\/p><p><span style=\"font-weight: 400;\">Tout cela se fera en un total de 16 heures de cours, r\u00e9parties sur deux week-ends. Le vendredi apr\u00e8s-midi et le samedi matin.\u00a0<\/span><\/p><\/div>\n\t\t\t\t<\/div>\n\t\t\t\t\t\t\t<div class=\"elementor-accordion-item\">\n\t\t\t\t\t<div id=\"elementor-tab-title-7872\" class=\"elementor-tab-title\" data-tab=\"2\" role=\"tab\" aria-controls=\"elementor-tab-content-7872\" aria-expanded=\"false\">\n\t\t\t\t\t\t\t\t\t\t\t\t\t<span class=\"elementor-accordion-icon elementor-accordion-icon-left\" aria-hidden=\"true\">\n\t\t\t\t\t\t\t\t\t\t\t\t\t\t\t<span class=\"elementor-accordion-icon-closed\"><i class=\"fas fa-plus\"><\/i><\/span>\n\t\t\t\t\t\t\t\t<span class=\"elementor-accordion-icon-opened\"><i class=\"fas fa-minus\"><\/i><\/span>\n\t\t\t\t\t\t\t\t\t\t\t\t\t\t<\/span>\n\t\t\t\t\t\t\t\t\t\t\t\t<a class=\"elementor-accordion-title\" href=\"\">Objectifs du cours<\/a>\n\t\t\t\t\t<\/div>\n\t\t\t\t\t<div id=\"elementor-tab-content-7872\" class=\"elementor-tab-content elementor-clearfix\" data-tab=\"2\" role=\"tabpanel\" aria-labelledby=\"elementor-tab-title-7872\"><p><span style=\"font-weight: 400;\">Le cours vise \u00e0 offrir une approche efficace et s\u00e9curitaire des maladies parodontales et de leur pr\u00e9vention, con\u00e7ue exclusivement pour l&#039;hygi\u00e9niste dentaire. Ce cours vous formera \u00e0 effectuer ces t\u00e2ches de mani\u00e8re autonome, toujours sous la supervision du m\u00e9decin. Id\u00e9al aussi bien pour les professionnels ayant d\u00e9j\u00e0 des connaissances pr\u00e9alables que pour ceux qui partent de z\u00e9ro. <\/span><\/p><\/div>\n\t\t\t\t<\/div>\n\t\t\t\t\t\t\t<div class=\"elementor-accordion-item\">\n\t\t\t\t\t<div id=\"elementor-tab-title-7873\" class=\"elementor-tab-title\" data-tab=\"3\" role=\"tab\" aria-controls=\"elementor-tab-content-7873\" aria-expanded=\"false\">\n\t\t\t\t\t\t\t\t\t\t\t\t\t<span class=\"elementor-accordion-icon elementor-accordion-icon-left\" aria-hidden=\"true\">\n\t\t\t\t\t\t\t\t\t\t\t\t\t\t\t<span class=\"elementor-accordion-icon-closed\"><i class=\"fas fa-plus\"><\/i><\/span>\n\t\t\t\t\t\t\t\t<span class=\"elementor-accordion-icon-opened\"><i class=\"fas fa-minus\"><\/i><\/span>\n\t\t\t\t\t\t\t\t\t\t\t\t\t\t<\/span>\n\t\t\t\t\t\t\t\t\t\t\t\t<a class=\"elementor-accordion-title\" href=\"\">Qu&#039;est ce que ce cours inclus?<\/a>\n\t\t\t\t\t<\/div>\n\t\t\t\t\t<div id=\"elementor-tab-content-7873\" class=\"elementor-tab-content elementor-clearfix\" data-tab=\"3\" role=\"tabpanel\" aria-labelledby=\"elementor-tab-title-7873\"><p>Diagnostic parodontal et sa nouvelle classification.<br \/>Sondage parodontal et parodontogramme : performances<br \/>d&#039;une \u00e9tude parodontale correcte.<\/p><p><br \/>Traitement parodontal : Diff\u00e9rentes techniques RAR<br \/>(Partiel, FMD...), Diff\u00e9rence entre RAR et curetage.<\/p><p><br \/>Th\u00e9rapies compl\u00e9mentaires r\u00e9alis\u00e9es par des hygi\u00e9nistes :<br \/>r\u00e9colte biologique, utilisation d&#039;a\u00e9ropolisseurs,<br \/>spray de bicarbonate de soude et nouvelles technologies.<\/p><p><br \/>Introduction aux implants : types d&#039;implants, types<br \/>de proth\u00e8ses sur implants et attachements.<\/p><p><br \/>Patients atteints de maladies parodontales et d&#039;implants<br \/>dentaire : protocoles d\u2019entretien.<\/p><p><br \/>Traitement de la mucite et de la p\u00e9ri-implantite et ses<br \/>pr\u00e9vention : protocole de d\u00e9montage correct et<br \/>nettoyage d&#039;une proth\u00e8se sur implants, polissage de<br \/>surfaces, pulv\u00e9risation.<\/p><p><br \/>Pratique sur fant\u00f4me parodontal et avec un vrai patient<\/p><\/div>\n\t\t\t\t<\/div>\n\t\t\t\t\t\t\t<div class=\"elementor-accordion-item\">\n\t\t\t\t\t<div id=\"elementor-tab-title-7874\" class=\"elementor-tab-title\" data-tab=\"4\" role=\"tab\" aria-controls=\"elementor-tab-content-7874\" aria-expanded=\"false\">\n\t\t\t\t\t\t\t\t\t\t\t\t\t<span class=\"elementor-accordion-icon elementor-accordion-icon-left\" aria-hidden=\"true\">\n\t\t\t\t\t\t\t\t\t\t\t\t\t\t\t<span class=\"elementor-accordion-icon-closed\"><i class=\"fas fa-plus\"><\/i><\/span>\n\t\t\t\t\t\t\t\t<span class=\"elementor-accordion-icon-opened\"><i class=\"fas fa-minus\"><\/i><\/span>\n\t\t\t\t\t\t\t\t\t\t\t\t\t\t<\/span>\n\t\t\t\t\t\t\t\t\t\t\t\t<a class=\"elementor-accordion-title\" href=\"\">Calendrier<\/a>\n\t\t\t\t\t<\/div>\n\t\t\t\t\t<div id=\"elementor-tab-content-7874\" class=\"elementor-tab-content elementor-clearfix\" data-tab=\"4\" role=\"tabpanel\" aria-labelledby=\"elementor-tab-title-7874\"><p>Th\u00e9orie\u00a0: acc\u00e8s illimit\u00e9 \u00e0 la th\u00e9orie en ligne<\/p><p>Pratique : 1 s\u00e9ance en pr\u00e9sentiel<br \/>de 10h00 \u00e0 16h00<\/p><\/div>\n\t\t\t\t<\/div>\n\t\t\t\t\t\t\t<div class=\"elementor-accordion-item\">\n\t\t\t\t\t<div id=\"elementor-tab-title-7875\" class=\"elementor-tab-title\" data-tab=\"5\" role=\"tab\" aria-controls=\"elementor-tab-content-7875\" aria-expanded=\"false\">\n\t\t\t\t\t\t\t\t\t\t\t\t\t<span class=\"elementor-accordion-icon elementor-accordion-icon-left\" aria-hidden=\"true\">\n\t\t\t\t\t\t\t\t\t\t\t\t\t\t\t<span class=\"elementor-accordion-icon-closed\"><i class=\"fas fa-plus\"><\/i><\/span>\n\t\t\t\t\t\t\t\t<span class=\"elementor-accordion-icon-opened\"><i class=\"fas fa-minus\"><\/i><\/span>\n\t\t\t\t\t\t\t\t\t\t\t\t\t\t<\/span>\n\t\t\t\t\t\t\t\t\t\t\t\t<a class=\"elementor-accordion-title\" href=\"\">Lieu<\/a>\n\t\t\t\t\t<\/div>\n\t\t\t\t\t<div id=\"elementor-tab-content-7875\" class=\"elementor-tab-content elementor-clearfix\" data-tab=\"5\" role=\"tabpanel\" aria-labelledby=\"elementor-tab-title-7875\"><p><strong>CED Garc\u00eda Mar\u00ed, Santa Cruz de T\u00e9n\u00e9rife<\/strong><br \/>C\/ Prolongaci\u00f3n Ram\u00f3n y Cajal, 13, local 4<br \/>38003, Santa Cruz de T\u00e9n\u00e9rife<\/p><\/div>\n\t\t\t\t<\/div>\n\t\t\t\t\t\t\t\t<\/div>\n\t\t\t\t<\/div>\n\t\t\t\t<\/div>\n\t\t\t\t<section class=\"elementor-section elementor-inner-section elementor-element elementor-element-8430b91 elementor-section-boxed elementor-section-height-default elementor-section-height-default\" data-id=\"8430b91\" data-element_type=\"section\">\n\t\t\t\t\t\t<div class=\"elementor-container elementor-column-gap-default\">\n\t\t\t\t\t\t\t<div class=\"elementor-row\">\n\t\t\t\t\t<div class=\"elementor-column elementor-col-33 elementor-inner-column elementor-element elementor-element-f73744e\" data-id=\"f73744e\" data-element_type=\"column\">\n\t\t\t<div class=\"elementor-column-wrap elementor-element-populated\">\n\t\t\t\t\t\t\t<div class=\"elementor-widget-wrap\">\n\t\t\t\t\t\t<div class=\"elementor-element elementor-element-1f3ba6d elementor-widget elementor-widget-image\" data-id=\"1f3ba6d\" data-element_type=\"widget\" data-widget_type=\"image.default\">\n\t\t\t\t<div class=\"elementor-widget-container\">\n\t\t\t\t\t\t\t\t<div class=\"elementor-image\">\n\t\t\t\t\t\t\t\t\t\t\t\t<img loading=\"lazy\" decoding=\"async\" width=\"711\" height=\"815\" src=\"https:\/\/garciamariformacion.com\/wp-content\/uploads\/2020\/05\/Dr-Luis-Garci\u0301a-Mari\u0301.jpg\" class=\"attachment-large size-large\" alt=\"Luis Garc\u00eda Mar\u00ed odont\u00f3logo de la Cl\u00ednica dental en Tenerife Garc\u00eda Mar\u00ed\" srcset=\"https:\/\/garciamariformacion.com\/wp-content\/uploads\/2020\/05\/Dr-Luis-Garci\u0301a-Mari\u0301.jpg 711w, https:\/\/garciamariformacion.com\/wp-content\/uploads\/2020\/05\/Dr-Luis-Garci\u0301a-Mari\u0301-262x300.jpg 262w\" sizes=\"(max-width: 711px) 100vw, 711px\" \/>\t\t\t\t\t\t\t\t\t\t\t\t\t\t<\/div>\n\t\t\t\t\t\t<\/div>\n\t\t\t\t<\/div>\n\t\t\t\t\t\t<\/div>\n\t\t\t\t\t<\/div>\n\t\t<\/div>\n\t\t\t\t<div class=\"elementor-column elementor-col-66 elementor-inner-column elementor-element elementor-element-4611735\" data-id=\"4611735\" data-element_type=\"column\">\n\t\t\t<div class=\"elementor-column-wrap elementor-element-populated\">\n\t\t\t\t\t\t\t<div class=\"elementor-widget-wrap\">\n\t\t\t\t\t\t<div class=\"elementor-element elementor-element-006950b elementor-widget elementor-widget-heading\" data-id=\"006950b\" data-element_type=\"widget\" data-widget_type=\"heading.default\">\n\t\t\t\t<div class=\"elementor-widget-container\">\n\t\t\t<h2 class=\"elementor-heading-title elementor-size-default\">Dr Luis Garc\u00eda Mari<\/h2>\t\t<\/div>\n\t\t\t\t<\/div>\n\t\t\t\t<div class=\"elementor-element elementor-element-1fae92b elementor-widget-divider--view-line elementor-widget elementor-widget-divider\" data-id=\"1fae92b\" data-element_type=\"widget\" data-widget_type=\"divider.default\">\n\t\t\t\t<div class=\"elementor-widget-container\">\n\t\t\t\t\t<div class=\"elementor-divider\">\n\t\t\t<span class=\"elementor-divider-separator\">\n\t\t\t\t\t\t<\/span>\n\t\t<\/div>\n\t\t\t\t<\/div>\n\t\t\t\t<\/div>\n\t\t\t\t<div class=\"elementor-element elementor-element-8b111d2 elementor-widget elementor-widget-accordion\" data-id=\"8b111d2\" data-element_type=\"widget\" data-widget_type=\"accordion.default\">\n\t\t\t\t<div class=\"elementor-widget-container\">\n\t\t\t\t\t<div class=\"elementor-accordion\" role=\"tablist\">\n\t\t\t\t\t\t\t<div class=\"elementor-accordion-item\">\n\t\t\t\t\t<div id=\"elementor-tab-title-1451\" class=\"elementor-tab-title\" data-tab=\"1\" role=\"tab\" aria-controls=\"elementor-tab-content-1451\" aria-expanded=\"false\">\n\t\t\t\t\t\t\t\t\t\t\t\t\t<span class=\"elementor-accordion-icon elementor-accordion-icon-right\" aria-hidden=\"true\">\n\t\t\t\t\t\t\t\t\t\t\t\t\t\t\t<span class=\"elementor-accordion-icon-closed\"><i class=\"fas fa-angle-down\"><\/i><\/span>\n\t\t\t\t\t\t\t\t<span class=\"elementor-accordion-icon-opened\"><i class=\"fas fa-angle-up\"><\/i><\/span>\n\t\t\t\t\t\t\t\t\t\t\t\t\t\t<\/span>\n\t\t\t\t\t\t\t\t\t\t\t\t<a class=\"elementor-accordion-title\" href=\"\">Sp\u00e9cialiste des chirurgies tr\u00e8s complexes<\/a>\n\t\t\t\t\t<\/div>\n\t\t\t\t\t<div id=\"elementor-tab-content-1451\" class=\"elementor-tab-content elementor-clearfix\" data-tab=\"1\" role=\"tabpanel\" aria-labelledby=\"elementor-tab-title-1451\"><ul style=\"color: #333333;\"><li>Dipl\u00f4m\u00e9 en m\u00e9decine dentaire. Universit\u00e9 de Murcie, 2002.<\/li><li>Master en Parodontie. Universit\u00e9 de Paris, 2005.<\/li><li>Sp\u00e9cialiste en Parodontie. Universit\u00e9 Ma\u00efmonides de Buenos Aires, 2006.<\/li><li>Programme de formation dentaire continue en implantologie, esth\u00e9tique et r\u00e9\u00e9ducation buccale. Universit\u00e9 de New York, 2007.<\/li><li>Sp\u00e9cialiste en chirurgie implantaire et r\u00e9\u00e9ducation. Universit\u00e9 de S\u00e9ville, 2014.<\/li><li>Expert en implants zygomatiques. Universit\u00e9 de L\u00e9rida, 2015.<\/li><li>Programme de ma\u00eetrise en chirurgie avanc\u00e9e en dentisterie implantaire r\u00e9g\u00e9n\u00e9rative Institut urbain Istvan. Universit\u00e9 de Szeged (Hongrie), 2018.<\/li><li>Conf\u00e9renci\u00e8re de nombreux cours nationaux et internationaux sur la r\u00e9g\u00e9n\u00e9ration, l&#039;utilisation des biomat\u00e9riaux et les techniques de lifting des seins.<\/li><\/ul><\/div>\n\t\t\t\t<\/div>\n\t\t\t\t\t\t\t\t<\/div>\n\t\t\t\t<\/div>\n\t\t\t\t<\/div>\n\t\t\t\t\t\t<\/div>\n\t\t\t\t\t<\/div>\n\t\t<\/div>\n\t\t\t\t\t\t\t\t<\/div>\n\t\t\t\t\t<\/div>\n\t\t<\/section>\n\t\t\t\t\t\t<\/div>\n\t\t\t\t\t<\/div>\n\t\t<\/div>\n\t\t\t\t<div class=\"elementor-column elementor-col-33 elementor-top-column elementor-element elementor-element-07b09d2\" data-id=\"07b09d2\" data-element_type=\"column\" data-settings=\"{&quot;background_background&quot;:&quot;classic&quot;}\">\n\t\t\t<div class=\"elementor-column-wrap elementor-element-populated\">\n\t\t\t\t\t\t\t<div class=\"elementor-widget-wrap\">\n\t\t\t\t\t\t<div class=\"elementor-element elementor-element-d2d8cac elementor-cta--skin-classic elementor-animated-content elementor-bg-transform elementor-bg-transform-zoom-in elementor-widget elementor-widget-call-to-action\" data-id=\"d2d8cac\" data-element_type=\"widget\" data-settings=\"{&quot;sticky&quot;:&quot;top&quot;,&quot;sticky_offset&quot;:100,&quot;sticky_on&quot;:[&quot;desktop&quot;],&quot;sticky_effects_offset&quot;:0}\" data-widget_type=\"call-to-action.default\">\n\t\t\t\t<div class=\"elementor-widget-container\">\n\t\t\t\t\t<div  class=\"elementor-cta\">\n\t\t\t\t\t\t\t<div class=\"elementor-cta__content\">\n\t\t\t\t\n\t\t\t\t\n\t\t\t\t\t\t\t\t\t<div class=\"elementor-cta__description elementor-cta__content-item elementor-content-item\">\n\t\t\t\t\t\t<strong>Date de la prochaine \u00e9dition :<\/strong> 4 f\u00e9vrier 2023\n<\/br>\n<strong>Prix:<\/strong> 300,00\u20ac\t\t\t\t\t<\/div>\n\t\t\t\t\n\t\t\t\t\t\t\t\t\t<div class=\"elementor-cta__button-wrapper elementor-cta__content-item elementor-content-item\">\n\t\t\t\t\t<a class=\"elementor-cta__button elementor-button elementor-size-sm\" href=\"https:\/\/garciamariformacion.com\/fr\/checkout\/?edd_action=add_to_cart&#038;download_id=3272\">\n\t\t\t\t\t\tR\u00e9server une place\t\t\t\t\t<\/a>\n\t\t\t\t\t<\/div>\n\t\t\t\t\t\t\t<\/div>\n\t\t\t\t\t\t<\/div>\n\t\t\t\t<\/div>\n\t\t\t\t<\/div>\n\t\t\t\t\t\t<\/div>\n\t\t\t\t\t<\/div>\n\t\t<\/div>\n\t\t\t\t\t\t\t\t<\/div>\n\t\t\t\t\t<\/div>\n\t\t<\/section>\n\t\t\t\t\t\t<\/div>\n\t\t\t\t\t\t<\/div>\n\t\t\t\t\t<\/div>","protected":false},"excerpt":{"rendered":"<p>Curso intensivo para higienistas dentales: Periodoncia e implantes dentales Los cursos intensivos son una manera pr\u00e1ctica y eficaz de acercarse a las t\u00e9cnicas m\u00e1s innovadoras. Este curso pretende dar respuesta a la alta demanda formativa por parte de higienistas dentales en la especialidad de Periodoncia, haciendo un recorrido por las t\u00e9cnicas, protocolos y procedimientos m\u00e1s [&hellip;]<\/p>","protected":false},"author":1,"featured_media":0,"parent":72,"menu_order":0,"comment_status":"closed","ping_status":"closed","template":"elementor_header_footer","meta":{"om_disable_all_campaigns":false,"_monsterinsights_skip_tracking":false,"_monsterinsights_sitenote_active":false,"_monsterinsights_sitenote_note":"","_monsterinsights_sitenote_category":0,"_genesis_hide_title":false,"_genesis_hide_breadcrumbs":false,"_genesis_hide_singular_image":false,"_genesis_hide_footer_widgets":false,"_genesis_custom_body_class":"","_genesis_custom_post_class":"","_genesis_layout":"","footnotes":""},"class_list":{"0":"post-74","1":"page","2":"type-page","3":"status-publish","5":"entry"},"aioseo_notices":[],"yoast_head":"<!-- This site is optimized with the Yoast SEO plugin v15.0 - https:\/\/yoast.com\/wordpress\/plugins\/seo\/ -->\n<title>Curso de periodoncia e implantes dentales para higienistas dentales<\/title>\n<meta name=\"description\" content=\"Curso intensivo de periodoncia e implantes dentales en el que se har\u00e1 un recorrido por las t\u00e9cnicas, protocolos y procedimientos m\u00e1s relevantes.\" \/>\n<meta name=\"robots\" content=\"index, follow, max-snippet:-1, max-image-preview:large, max-video-preview:-1\" \/>\n<link rel=\"canonical\" href=\"https:\/\/garciamariformacion.com\/fr\/profesionales\/cursos-de-odontologia\/cursos-para-higienistas-dentales\/periodoncia-e-implantes-dentales\/\" \/>\n<meta property=\"og:locale\" content=\"fr_FR\" \/>\n<meta property=\"og:type\" content=\"article\" \/>\n<meta property=\"og:title\" content=\"Curso de periodoncia e implantes dentales para higienistas dentales\" \/>\n<meta property=\"og:description\" content=\"Curso intensivo de periodoncia e implantes dentales en el que se har\u00e1 un recorrido por las t\u00e9cnicas, protocolos y procedimientos m\u00e1s relevantes.\" \/>\n<meta property=\"og:url\" content=\"https:\/\/garciamariformacion.com\/fr\/profesionales\/cursos-de-odontologia\/cursos-para-higienistas-dentales\/periodoncia-e-implantes-dentales\/\" \/>\n<meta property=\"og:site_name\" content=\"Garc\u00eda Mar\u00ed Formaci\u00f3n\" \/>\n<meta property=\"article:modified_time\" content=\"2023-01-30T11:58:26+00:00\" \/>\n<meta property=\"og:image\" content=\"https:\/\/garciamariformacion.com\/wp-content\/uploads\/2020\/05\/Dr-Luis-Garci\u0301a-Mari\u0301.jpg\" \/>\n<meta name=\"twitter:card\" content=\"summary_large_image\" \/>\n<script type=\"application\/ld+json\" class=\"yoast-schema-graph\">{\"@context\":\"https:\/\/schema.org\",\"@graph\":[{\"@type\":\"WebSite\",\"@id\":\"https:\/\/garciamariformacion.com\/fr\/#website\",\"url\":\"https:\/\/garciamariformacion.com\/fr\/\",\"name\":\"Garc\\u00eda Mar\\u00ed Formaci\\u00f3n\",\"description\":\"Especialistas en formaci\\u00f3n para dentistas.\",\"potentialAction\":[{\"@type\":\"SearchAction\",\"target\":\"https:\/\/garciamariformacion.com\/fr\/?s={search_term_string}\",\"query-input\":\"required name=search_term_string\"}],\"inLanguage\":\"fr-FR\"},{\"@type\":\"ImageObject\",\"@id\":\"https:\/\/garciamariformacion.com\/fr\/profesionales\/cursos-de-odontologia\/cursos-para-higienistas-dentales\/periodoncia-e-implantes-dentales\/#primaryimage\",\"inLanguage\":\"fr-FR\",\"url\":\"https:\/\/garciamariformacion.com\/wp-content\/uploads\/2020\/05\/Dr-Luis-Garci\\u0301a-Mari\\u0301.jpg\",\"width\":711,\"height\":815,\"caption\":\"Luis Garc\\u00eda Mar\\u00ed odont\\u00f3logo de la Cl\\u00ednica dental en Tenerife Garc\\u00eda Mar\\u00ed\"},{\"@type\":\"WebPage\",\"@id\":\"https:\/\/garciamariformacion.com\/fr\/profesionales\/cursos-de-odontologia\/cursos-para-higienistas-dentales\/periodoncia-e-implantes-dentales\/#webpage\",\"url\":\"https:\/\/garciamariformacion.com\/fr\/profesionales\/cursos-de-odontologia\/cursos-para-higienistas-dentales\/periodoncia-e-implantes-dentales\/\",\"name\":\"Curso de periodoncia e implantes dentales para higienistas dentales\",\"isPartOf\":{\"@id\":\"https:\/\/garciamariformacion.com\/fr\/#website\"},\"primaryImageOfPage\":{\"@id\":\"https:\/\/garciamariformacion.com\/fr\/profesionales\/cursos-de-odontologia\/cursos-para-higienistas-dentales\/periodoncia-e-implantes-dentales\/#primaryimage\"},\"datePublished\":\"2020-05-12T07:17:57+00:00\",\"dateModified\":\"2023-01-30T11:58:26+00:00\",\"description\":\"Curso intensivo de periodoncia e implantes dentales en el que se har\\u00e1 un recorrido por las t\\u00e9cnicas, protocolos y procedimientos m\\u00e1s relevantes.\",\"inLanguage\":\"fr-FR\",\"potentialAction\":[{\"@type\":\"ReadAction\",\"target\":[\"https:\/\/garciamariformacion.com\/fr\/profesionales\/cursos-de-odontologia\/cursos-para-higienistas-dentales\/periodoncia-e-implantes-dentales\/\"]}]}]}<\/script>\n<!-- \/ Yoast SEO plugin. -->","_links":{"self":[{"href":"https:\/\/garciamariformacion.com\/fr\/wp-json\/wp\/v2\/pages\/74"}],"collection":[{"href":"https:\/\/garciamariformacion.com\/fr\/wp-json\/wp\/v2\/pages"}],"about":[{"href":"https:\/\/garciamariformacion.com\/fr\/wp-json\/wp\/v2\/types\/page"}],"author":[{"embeddable":true,"href":"https:\/\/garciamariformacion.com\/fr\/wp-json\/wp\/v2\/users\/1"}],"replies":[{"embeddable":true,"href":"https:\/\/garciamariformacion.com\/fr\/wp-json\/wp\/v2\/comments?post=74"}],"version-history":[{"count":0,"href":"https:\/\/garciamariformacion.com\/fr\/wp-json\/wp\/v2\/pages\/74\/revisions"}],"up":[{"embeddable":true,"href":"https:\/\/garciamariformacion.com\/fr\/wp-json\/wp\/v2\/pages\/72"}],"wp:attachment":[{"href":"https:\/\/garciamariformacion.com\/fr\/wp-json\/wp\/v2\/media?parent=74"}],"curies":[{"name":"wp","href":"https:\/\/api.w.org\/{rel}","templated":true}]}}