{"id":66,"date":"2020-05-12T07:15:39","date_gmt":"2020-05-12T07:15:39","guid":{"rendered":"http:\/\/huertali-cp85.wordpresstemporal.com\/gmari\/?page_id=66"},"modified":"2022-05-22T16:57:52","modified_gmt":"2022-05-22T16:57:52","slug":"elevacion-de-seno","status":"publish","type":"page","link":"https:\/\/garciamariformacion.com\/fr\/profesionales\/cursos-de-odontologia\/elevacion-de-seno\/","title":{"rendered":"S\u00e9jour clinique pour lifting des sinus"},"content":{"rendered":"<div data-elementor-type=\"wp-page\" data-elementor-id=\"66\" class=\"elementor elementor-66\" data-elementor-settings=\"[]\">\n\t\t\t\t\t\t<div class=\"elementor-inner\">\n\t\t\t\t\t\t\t<div class=\"elementor-section-wrap\">\n\t\t\t\t\t\t\t<section class=\"elementor-section elementor-top-section elementor-element elementor-element-1296100b elementor-section-stretched elementor-section-boxed elementor-section-height-default elementor-section-height-default\" data-id=\"1296100b\" data-element_type=\"section\" data-settings=\"{&quot;stretch_section&quot;:&quot;section-stretched&quot;}\">\n\t\t\t\t\t\t<div class=\"elementor-container elementor-column-gap-default\">\n\t\t\t\t\t\t\t<div class=\"elementor-row\">\n\t\t\t\t\t<div class=\"elementor-column elementor-col-66 elementor-top-column elementor-element elementor-element-461857b6\" data-id=\"461857b6\" data-element_type=\"column\">\n\t\t\t<div class=\"elementor-column-wrap elementor-element-populated\">\n\t\t\t\t\t\t\t<div class=\"elementor-widget-wrap\">\n\t\t\t\t\t\t<div class=\"elementor-element elementor-element-29b383a7 elementor-widget elementor-widget-heading\" data-id=\"29b383a7\" data-element_type=\"widget\" data-widget_type=\"heading.default\">\n\t\t\t\t<div class=\"elementor-widget-container\">\n\t\t\t<h2 class=\"elementor-heading-title elementor-size-default\">S\u00e9jour clinique avec des patients :<\/h2>\t\t<\/div>\n\t\t\t\t<\/div>\n\t\t\t\t<div class=\"elementor-element elementor-element-7bae65f3 elementor-widget elementor-widget-heading\" data-id=\"7bae65f3\" data-element_type=\"widget\" data-widget_type=\"heading.default\">\n\t\t\t\t<div class=\"elementor-widget-container\">\n\t\t\t<h2 class=\"elementor-heading-title elementor-size-default\">\u00e9l\u00e9vation des sinus<\/h2>\t\t<\/div>\n\t\t\t\t<\/div>\n\t\t\t\t<div class=\"elementor-element elementor-element-55170213 elementor-widget elementor-widget-text-editor\" data-id=\"55170213\" data-element_type=\"widget\" data-widget_type=\"text-editor.default\">\n\t\t\t\t<div class=\"elementor-widget-container\">\n\t\t\t\t\t\t\t\t<div class=\"elementor-text-editor elementor-clearfix\">\n\t\t\t\t\tL\u2019\u00e9l\u00e9vation des sinus est une technique de plus en plus utilis\u00e9e en raison des atrophies observ\u00e9es cliniquement. Dans ce cours intensif, nous utiliserons les alternatives d&#039;approche les plus fr\u00e9quentes et pr\u00e9visibles telles que : \u00e9l\u00e9vation avec fen\u00eatre par pi\u00e9zochirurgie, \u00e9l\u00e9vation avec utilisation de grattoirs osseux, avec greffon, avec implant imm\u00e9diat, avec vis...\n\t\t\t\t\t<\/div>\n\t\t\t\t\t\t<\/div>\n\t\t\t\t<\/div>\n\t\t\t\t<div class=\"elementor-element elementor-element-3a767034 elementor-widget elementor-widget-accordion\" data-id=\"3a767034\" data-element_type=\"widget\" data-widget_type=\"accordion.default\">\n\t\t\t\t<div class=\"elementor-widget-container\">\n\t\t\t\t\t<div class=\"elementor-accordion\" role=\"tablist\">\n\t\t\t\t\t\t\t<div class=\"elementor-accordion-item\">\n\t\t\t\t\t<div id=\"elementor-tab-title-9801\" class=\"elementor-tab-title\" data-tab=\"1\" role=\"tab\" aria-controls=\"elementor-tab-content-9801\" aria-expanded=\"false\">\n\t\t\t\t\t\t\t\t\t\t\t\t\t<span class=\"elementor-accordion-icon elementor-accordion-icon-left\" aria-hidden=\"true\">\n\t\t\t\t\t\t\t\t\t\t\t\t\t\t\t<span class=\"elementor-accordion-icon-closed\"><i class=\"fas fa-plus\"><\/i><\/span>\n\t\t\t\t\t\t\t\t<span class=\"elementor-accordion-icon-opened\"><i class=\"fas fa-minus\"><\/i><\/span>\n\t\t\t\t\t\t\t\t\t\t\t\t\t\t<\/span>\n\t\t\t\t\t\t\t\t\t\t\t\t<a class=\"elementor-accordion-title\" href=\"\">Description du cours<\/a>\n\t\t\t\t\t<\/div>\n\t\t\t\t\t<div id=\"elementor-tab-content-9801\" class=\"elementor-tab-content elementor-clearfix\" data-tab=\"1\" role=\"tabpanel\" aria-labelledby=\"elementor-tab-title-9801\"><p><span style=\"font-weight: 400;\">Il s&#039;agit d&#039;un cours \u00e0 forte charge pratique o\u00f9 le stagiaire sera impliqu\u00e9 dans les interventions chirurgicales \u00e0 r\u00e9aliser. Il consiste en deux jours d\u2019immersion totale dans les techniques chirurgicales, abordant le processus comme suit\u00a0:<\/span><\/p><p><span style=\"font-weight: 400;\">1ER JOUR:\u00a0<\/span><\/p><p><span style=\"font-weight: 400;\">Matin - Th\u00e9orie et pratique ou pratique sur des t\u00eates de cochon.\u00a0<\/span><\/p><p><span style=\"font-weight: 400;\">Apr\u00e8s-midi - Chirurgies r\u00e9alis\u00e9es par le personnel du centre<\/span><\/p><p><span style=\"font-weight: 400;\">JOUR 2:\u00a0<\/span><\/p><p><span style=\"font-weight: 400;\">Journ\u00e9e compl\u00e8te - Chirurgies intervention directe des stagiaires<\/span><\/p><\/div>\n\t\t\t\t<\/div>\n\t\t\t\t\t\t\t<div class=\"elementor-accordion-item\">\n\t\t\t\t\t<div id=\"elementor-tab-title-9802\" class=\"elementor-tab-title\" data-tab=\"2\" role=\"tab\" aria-controls=\"elementor-tab-content-9802\" aria-expanded=\"false\">\n\t\t\t\t\t\t\t\t\t\t\t\t\t<span class=\"elementor-accordion-icon elementor-accordion-icon-left\" aria-hidden=\"true\">\n\t\t\t\t\t\t\t\t\t\t\t\t\t\t\t<span class=\"elementor-accordion-icon-closed\"><i class=\"fas fa-plus\"><\/i><\/span>\n\t\t\t\t\t\t\t\t<span class=\"elementor-accordion-icon-opened\"><i class=\"fas fa-minus\"><\/i><\/span>\n\t\t\t\t\t\t\t\t\t\t\t\t\t\t<\/span>\n\t\t\t\t\t\t\t\t\t\t\t\t<a class=\"elementor-accordion-title\" href=\"\">Objectifs du cours<\/a>\n\t\t\t\t\t<\/div>\n\t\t\t\t\t<div id=\"elementor-tab-content-9802\" class=\"elementor-tab-content elementor-clearfix\" data-tab=\"2\" role=\"tabpanel\" aria-labelledby=\"elementor-tab-title-9802\"><p><span style=\"font-weight: 400;\">\u00c9tablissez un premier contact avec les techniques de lifting des sinus. Id\u00e9al pour les personnes qui n&#039;ont pas beaucoup de temps, ou comme formation pr\u00e9alable au cours intensif.<\/span><\/p><\/div>\n\t\t\t\t<\/div>\n\t\t\t\t\t\t\t<div class=\"elementor-accordion-item\">\n\t\t\t\t\t<div id=\"elementor-tab-title-9803\" class=\"elementor-tab-title\" data-tab=\"3\" role=\"tab\" aria-controls=\"elementor-tab-content-9803\" aria-expanded=\"false\">\n\t\t\t\t\t\t\t\t\t\t\t\t\t<span class=\"elementor-accordion-icon elementor-accordion-icon-left\" aria-hidden=\"true\">\n\t\t\t\t\t\t\t\t\t\t\t\t\t\t\t<span class=\"elementor-accordion-icon-closed\"><i class=\"fas fa-plus\"><\/i><\/span>\n\t\t\t\t\t\t\t\t<span class=\"elementor-accordion-icon-opened\"><i class=\"fas fa-minus\"><\/i><\/span>\n\t\t\t\t\t\t\t\t\t\t\t\t\t\t<\/span>\n\t\t\t\t\t\t\t\t\t\t\t\t<a class=\"elementor-accordion-title\" href=\"\">Qu&#039;est ce que ce cours inclus?<\/a>\n\t\t\t\t\t<\/div>\n\t\t\t\t\t<div id=\"elementor-tab-content-9803\" class=\"elementor-tab-content elementor-clearfix\" data-tab=\"3\" role=\"tabpanel\" aria-labelledby=\"elementor-tab-title-9803\"><ul><li>Mat\u00e9riel didactique<\/li><li>Mat\u00e9riel chirurgical<\/li><li>D\u00e9jeuners et d\u00eener du dernier jour<\/li><li>Acc\u00e8s \u00e0 la classe virtuelle<\/li><li>Cours th\u00e9orique en ligne<\/li><\/ul><\/div>\n\t\t\t\t<\/div>\n\t\t\t\t\t\t\t<div class=\"elementor-accordion-item\">\n\t\t\t\t\t<div id=\"elementor-tab-title-9804\" class=\"elementor-tab-title\" data-tab=\"4\" role=\"tab\" aria-controls=\"elementor-tab-content-9804\" aria-expanded=\"false\">\n\t\t\t\t\t\t\t\t\t\t\t\t\t<span class=\"elementor-accordion-icon elementor-accordion-icon-left\" aria-hidden=\"true\">\n\t\t\t\t\t\t\t\t\t\t\t\t\t\t\t<span class=\"elementor-accordion-icon-closed\"><i class=\"fas fa-plus\"><\/i><\/span>\n\t\t\t\t\t\t\t\t<span class=\"elementor-accordion-icon-opened\"><i class=\"fas fa-minus\"><\/i><\/span>\n\t\t\t\t\t\t\t\t\t\t\t\t\t\t<\/span>\n\t\t\t\t\t\t\t\t\t\t\t\t<a class=\"elementor-accordion-title\" href=\"\">Calendrier<\/a>\n\t\t\t\t\t<\/div>\n\t\t\t\t\t<div id=\"elementor-tab-content-9804\" class=\"elementor-tab-content elementor-clearfix\" data-tab=\"4\" role=\"tabpanel\" aria-labelledby=\"elementor-tab-title-9804\"><p><strong>Jeudi et vendredi<br \/><\/strong>\u2013 Matin : 9h00 \u00e0 14h00<br \/>\u2013 Apr\u00e8s-midi : 16h00 \u00e0 20h00<\/p><\/div>\n\t\t\t\t<\/div>\n\t\t\t\t\t\t\t<div class=\"elementor-accordion-item\">\n\t\t\t\t\t<div id=\"elementor-tab-title-9805\" class=\"elementor-tab-title\" data-tab=\"5\" role=\"tab\" aria-controls=\"elementor-tab-content-9805\" aria-expanded=\"false\">\n\t\t\t\t\t\t\t\t\t\t\t\t\t<span class=\"elementor-accordion-icon elementor-accordion-icon-left\" aria-hidden=\"true\">\n\t\t\t\t\t\t\t\t\t\t\t\t\t\t\t<span class=\"elementor-accordion-icon-closed\"><i class=\"fas fa-plus\"><\/i><\/span>\n\t\t\t\t\t\t\t\t<span class=\"elementor-accordion-icon-opened\"><i class=\"fas fa-minus\"><\/i><\/span>\n\t\t\t\t\t\t\t\t\t\t\t\t\t\t<\/span>\n\t\t\t\t\t\t\t\t\t\t\t\t<a class=\"elementor-accordion-title\" href=\"\">Lieu<\/a>\n\t\t\t\t\t<\/div>\n\t\t\t\t\t<div id=\"elementor-tab-content-9805\" class=\"elementor-tab-content elementor-clearfix\" data-tab=\"5\" role=\"tabpanel\" aria-labelledby=\"elementor-tab-title-9805\"><p><strong>CED Garc\u00eda Mar\u00ed, Santa Cruz de T\u00e9n\u00e9rife<\/strong><br \/>C\/ Prolongaci\u00f3n Ram\u00f3n y Cajal, 13, local 4<br \/>38003, Santa Cruz de T\u00e9n\u00e9rife<\/p><\/div>\n\t\t\t\t<\/div>\n\t\t\t\t\t\t\t\t<\/div>\n\t\t\t\t<\/div>\n\t\t\t\t<\/div>\n\t\t\t\t<section class=\"elementor-section elementor-inner-section elementor-element elementor-element-5f0f8621 elementor-section-boxed elementor-section-height-default elementor-section-height-default\" data-id=\"5f0f8621\" data-element_type=\"section\">\n\t\t\t\t\t\t<div class=\"elementor-container elementor-column-gap-default\">\n\t\t\t\t\t\t\t<div class=\"elementor-row\">\n\t\t\t\t\t<div class=\"elementor-column elementor-col-33 elementor-inner-column elementor-element elementor-element-1f636352\" data-id=\"1f636352\" data-element_type=\"column\">\n\t\t\t<div class=\"elementor-column-wrap elementor-element-populated\">\n\t\t\t\t\t\t\t<div class=\"elementor-widget-wrap\">\n\t\t\t\t\t\t<div class=\"elementor-element elementor-element-78c709f8 elementor-widget elementor-widget-image\" data-id=\"78c709f8\" data-element_type=\"widget\" data-widget_type=\"image.default\">\n\t\t\t\t<div class=\"elementor-widget-container\">\n\t\t\t\t\t\t\t\t<div class=\"elementor-image\">\n\t\t\t\t\t\t\t\t\t\t\t\t<img loading=\"lazy\" decoding=\"async\" width=\"711\" height=\"815\" src=\"https:\/\/garciamariformacion.com\/wp-content\/uploads\/2020\/05\/Dr-Luis-Garci\u0301a-Mari\u0301.jpg\" class=\"attachment-large size-large\" alt=\"Luis Garc\u00eda Mar\u00ed odont\u00f3logo de la Cl\u00ednica dental en Tenerife Garc\u00eda Mar\u00ed\" srcset=\"https:\/\/garciamariformacion.com\/wp-content\/uploads\/2020\/05\/Dr-Luis-Garci\u0301a-Mari\u0301.jpg 711w, https:\/\/garciamariformacion.com\/wp-content\/uploads\/2020\/05\/Dr-Luis-Garci\u0301a-Mari\u0301-262x300.jpg 262w\" sizes=\"(max-width: 711px) 100vw, 711px\" \/>\t\t\t\t\t\t\t\t\t\t\t\t\t\t<\/div>\n\t\t\t\t\t\t<\/div>\n\t\t\t\t<\/div>\n\t\t\t\t\t\t<\/div>\n\t\t\t\t\t<\/div>\n\t\t<\/div>\n\t\t\t\t<div class=\"elementor-column elementor-col-66 elementor-inner-column elementor-element elementor-element-4041db6c\" data-id=\"4041db6c\" data-element_type=\"column\">\n\t\t\t<div class=\"elementor-column-wrap elementor-element-populated\">\n\t\t\t\t\t\t\t<div class=\"elementor-widget-wrap\">\n\t\t\t\t\t\t<div class=\"elementor-element elementor-element-6539762c elementor-widget elementor-widget-heading\" data-id=\"6539762c\" data-element_type=\"widget\" data-widget_type=\"heading.default\">\n\t\t\t\t<div class=\"elementor-widget-container\">\n\t\t\t<h2 class=\"elementor-heading-title elementor-size-default\">Dr Luis Garc\u00eda Mari<\/h2>\t\t<\/div>\n\t\t\t\t<\/div>\n\t\t\t\t<div class=\"elementor-element elementor-element-5bb71211 elementor-widget-divider--view-line elementor-widget elementor-widget-divider\" data-id=\"5bb71211\" data-element_type=\"widget\" data-widget_type=\"divider.default\">\n\t\t\t\t<div class=\"elementor-widget-container\">\n\t\t\t\t\t<div class=\"elementor-divider\">\n\t\t\t<span class=\"elementor-divider-separator\">\n\t\t\t\t\t\t<\/span>\n\t\t<\/div>\n\t\t\t\t<\/div>\n\t\t\t\t<\/div>\n\t\t\t\t<div class=\"elementor-element elementor-element-13f3a5b6 elementor-widget elementor-widget-accordion\" data-id=\"13f3a5b6\" data-element_type=\"widget\" data-widget_type=\"accordion.default\">\n\t\t\t\t<div class=\"elementor-widget-container\">\n\t\t\t\t\t<div class=\"elementor-accordion\" role=\"tablist\">\n\t\t\t\t\t\t\t<div class=\"elementor-accordion-item\">\n\t\t\t\t\t<div id=\"elementor-tab-title-3341\" class=\"elementor-tab-title\" data-tab=\"1\" role=\"tab\" aria-controls=\"elementor-tab-content-3341\" aria-expanded=\"false\">\n\t\t\t\t\t\t\t\t\t\t\t\t\t<span class=\"elementor-accordion-icon elementor-accordion-icon-right\" aria-hidden=\"true\">\n\t\t\t\t\t\t\t\t\t\t\t\t\t\t\t<span class=\"elementor-accordion-icon-closed\"><i class=\"fas fa-angle-down\"><\/i><\/span>\n\t\t\t\t\t\t\t\t<span class=\"elementor-accordion-icon-opened\"><i class=\"fas fa-angle-up\"><\/i><\/span>\n\t\t\t\t\t\t\t\t\t\t\t\t\t\t<\/span>\n\t\t\t\t\t\t\t\t\t\t\t\t<a class=\"elementor-accordion-title\" href=\"\">Sp\u00e9cialiste des chirurgies tr\u00e8s complexes<\/a>\n\t\t\t\t\t<\/div>\n\t\t\t\t\t<div id=\"elementor-tab-content-3341\" class=\"elementor-tab-content elementor-clearfix\" data-tab=\"1\" role=\"tabpanel\" aria-labelledby=\"elementor-tab-title-3341\"><ul style=\"color: #333333;\"><li>Dipl\u00f4m\u00e9 en m\u00e9decine dentaire. Universit\u00e9 de Murcie, 2002.<\/li><li>Master en Parodontie. Universit\u00e9 de Paris, 2005.<\/li><li>Sp\u00e9cialiste en Parodontie. Universit\u00e9 Ma\u00efmonides de Buenos Aires, 2006.<\/li><li>Programme de formation dentaire continue en implantologie, esth\u00e9tique et r\u00e9\u00e9ducation buccale. Universit\u00e9 de New York, 2007.<\/li><li>Sp\u00e9cialiste en chirurgie implantaire et r\u00e9\u00e9ducation. Universit\u00e9 de S\u00e9ville, 2014.<\/li><li>Expert en implants zygomatiques. Universit\u00e9 de L\u00e9rida, 2015.<\/li><li>Programme de ma\u00eetrise en chirurgie avanc\u00e9e en dentisterie implantaire r\u00e9g\u00e9n\u00e9rative Institut urbain Istvan. Universit\u00e9 de Szeged (Hongrie), 2018.<\/li><li>Conf\u00e9renci\u00e8re de nombreux cours nationaux et internationaux sur la r\u00e9g\u00e9n\u00e9ration, l&#039;utilisation des biomat\u00e9riaux et les techniques de lifting des seins.<\/li><\/ul><\/div>\n\t\t\t\t<\/div>\n\t\t\t\t\t\t\t\t<\/div>\n\t\t\t\t<\/div>\n\t\t\t\t<\/div>\n\t\t\t\t\t\t<\/div>\n\t\t\t\t\t<\/div>\n\t\t<\/div>\n\t\t\t\t\t\t\t\t<\/div>\n\t\t\t\t\t<\/div>\n\t\t<\/section>\n\t\t\t\t<section class=\"elementor-section elementor-inner-section elementor-element elementor-element-ba34b33 elementor-section-boxed elementor-section-height-default elementor-section-height-default\" data-id=\"ba34b33\" data-element_type=\"section\">\n\t\t\t\t\t\t<div class=\"elementor-container elementor-column-gap-default\">\n\t\t\t\t\t\t\t<div class=\"elementor-row\">\n\t\t\t\t\t<div class=\"elementor-column elementor-col-100 elementor-inner-column elementor-element elementor-element-dcf307e\" data-id=\"dcf307e\" data-element_type=\"column\">\n\t\t\t<div class=\"elementor-column-wrap elementor-element-populated\">\n\t\t\t\t\t\t\t<div class=\"elementor-widget-wrap\">\n\t\t\t\t\t\t<div class=\"elementor-element elementor-element-fdb5347 elementor-widget elementor-widget-button\" data-id=\"fdb5347\" data-element_type=\"widget\" data-widget_type=\"button.default\">\n\t\t\t\t<div class=\"elementor-widget-container\">\n\t\t\t\t\t<div class=\"elementor-button-wrapper\">\n\t\t\t<a href=\"https:\/\/garciamariformacion.com\/wp-content\/uploads\/2020\/07\/EstanciaClinicaElevacionSeno-DrGarciaMari-web.pdf\" target=\"_blank\" class=\"elementor-button-link elementor-button elementor-size-sm\" role=\"button\">\n\t\t\t\t\t\t<span class=\"elementor-button-content-wrapper\">\n\t\t\t\t\t\t<span class=\"elementor-button-text\">T\u00e9l\u00e9charger le PDF<\/span>\n\t\t<\/span>\n\t\t\t\t\t<\/a>\n\t\t<\/div>\n\t\t\t\t<\/div>\n\t\t\t\t<\/div>\n\t\t\t\t\t\t<\/div>\n\t\t\t\t\t<\/div>\n\t\t<\/div>\n\t\t\t\t\t\t\t\t<\/div>\n\t\t\t\t\t<\/div>\n\t\t<\/section>\n\t\t\t\t\t\t<\/div>\n\t\t\t\t\t<\/div>\n\t\t<\/div>\n\t\t\t\t<div class=\"elementor-column elementor-col-33 elementor-top-column elementor-element elementor-element-51ea16be\" data-id=\"51ea16be\" data-element_type=\"column\">\n\t\t\t<div class=\"elementor-column-wrap elementor-element-populated\">\n\t\t\t\t\t\t\t<div class=\"elementor-widget-wrap\">\n\t\t\t\t\t\t<div class=\"elementor-element elementor-element-788b700 elementor-cta--skin-classic elementor-animated-content elementor-bg-transform elementor-bg-transform-zoom-in elementor-widget elementor-widget-call-to-action\" data-id=\"788b700\" data-element_type=\"widget\" data-settings=\"{&quot;sticky&quot;:&quot;top&quot;,&quot;sticky_offset&quot;:100,&quot;sticky_on&quot;:[&quot;desktop&quot;],&quot;sticky_effects_offset&quot;:0}\" data-widget_type=\"call-to-action.default\">\n\t\t\t\t<div class=\"elementor-widget-container\">\n\t\t\t\t\t<a href=\"https:\/\/garciamariformacion.com\/fr\/?edd_action=add_to_cart&#038;download_id=797\" class=\"elementor-cta\">\n\t\t\t\t\t\t\t<div class=\"elementor-cta__content\">\n\t\t\t\t\n\t\t\t\t\t\t\t\t\t<h2 class=\"elementor-cta__title elementor-cta__content-item elementor-content-item\">\n\t\t\t\t\t\tS\u00e9jour clinique en Lifting des Seins\t\t\t\t\t<\/h2>\n\t\t\t\t\n\t\t\t\t\t\t\t\t\t<div class=\"elementor-cta__description elementor-cta__content-item elementor-content-item\">\n\t\t\t\t\t\t<strong>Date de la prochaine \u00e9dition :<\/strong> <br>3 et 4 mars 2022\n<br>\n<strong>Prix total:<\/strong> 2400,00\u20ac <i>(taxes en sus)<\/i><br>\n<strong>R\u00e9servez votre place maintenant (Paiement initial 50%) :<\/strong> 1200,00\u20ac\t\t\t\t\t<\/div>\n\t\t\t\t\n\t\t\t\t\t\t\t\t\t<div class=\"elementor-cta__button-wrapper elementor-cta__content-item elementor-content-item\">\n\t\t\t\t\t<span class=\"elementor-cta__button elementor-button elementor-size-sm\">\n\t\t\t\t\t\tR\u00e9server une place\t\t\t\t\t<\/span>\n\t\t\t\t\t<\/div>\n\t\t\t\t\t\t\t<\/div>\n\t\t\t\t\t\t<\/a>\n\t\t\t\t<\/div>\n\t\t\t\t<\/div>\n\t\t\t\t\t\t<\/div>\n\t\t\t\t\t<\/div>\n\t\t<\/div>\n\t\t\t\t\t\t\t\t<\/div>\n\t\t\t\t\t<\/div>\n\t\t<\/section>\n\t\t\t\t\t\t<\/div>\n\t\t\t\t\t\t<\/div>\n\t\t\t\t\t<\/div>","protected":false},"excerpt":{"rendered":"<p>Estancia cl\u00ednica con pacientes: Elevaci\u00f3n de seno La elevaci\u00f3n de seno es una t\u00e9cnica cada vez m\u00e1s usada debido a las atrofias que se ven en cl\u00ednica. En este curso intensivo usaremos las alternativas de abordaje m\u00e1s frecuentes y predecibles como son: elevaci\u00f3n con ventana por piezocirugia, elevaci\u00f3n con uso de rascadores \u00f3seos, con injerto, [&hellip;]<\/p>","protected":false},"author":1,"featured_media":0,"parent":283,"menu_order":0,"comment_status":"closed","ping_status":"closed","template":"","meta":{"om_disable_all_campaigns":false,"_monsterinsights_skip_tracking":false,"_monsterinsights_sitenote_active":false,"_monsterinsights_sitenote_note":"","_monsterinsights_sitenote_category":0,"_genesis_hide_title":false,"_genesis_hide_breadcrumbs":false,"_genesis_hide_singular_image":false,"_genesis_hide_footer_widgets":false,"_genesis_custom_body_class":"","_genesis_custom_post_class":"","_genesis_layout":"","footnotes":""},"class_list":{"0":"post-66","1":"page","2":"type-page","3":"status-publish","5":"entry"},"aioseo_notices":[],"yoast_head":"<!-- This site is optimized with the Yoast SEO plugin v15.0 - https:\/\/yoast.com\/wordpress\/plugins\/seo\/ -->\n<title>Curso intensivo de Estancia Cl\u00ednica en Elevaci\u00f3n de Seno - Garc\u00eda Mar\u00ed<\/title>\n<meta name=\"description\" content=\"En este curso para odont\u00f3logos de elevaci\u00f3n de seno se realizar\u00e1n diversos casos con la t\u00e9cnica m\u00e1s adecuada para cada ocasi\u00f3n.\" \/>\n<meta name=\"robots\" content=\"index, follow, max-snippet:-1, max-image-preview:large, max-video-preview:-1\" \/>\n<link rel=\"canonical\" href=\"https:\/\/garciamariformacion.com\/fr\/profesionales\/cursos-de-odontologia\/elevacion-de-seno\/\" \/>\n<meta property=\"og:locale\" content=\"fr_FR\" \/>\n<meta property=\"og:type\" content=\"article\" \/>\n<meta property=\"og:title\" content=\"Curso intensivo de Estancia Cl\u00ednica en Elevaci\u00f3n de Seno - Garc\u00eda Mar\u00ed\" \/>\n<meta property=\"og:description\" content=\"En este curso para odont\u00f3logos de elevaci\u00f3n de seno se realizar\u00e1n diversos casos con la t\u00e9cnica m\u00e1s adecuada para cada ocasi\u00f3n.\" \/>\n<meta property=\"og:url\" content=\"https:\/\/garciamariformacion.com\/fr\/profesionales\/cursos-de-odontologia\/elevacion-de-seno\/\" \/>\n<meta property=\"og:site_name\" content=\"Garc\u00eda Mar\u00ed Formaci\u00f3n\" \/>\n<meta property=\"article:modified_time\" content=\"2022-05-22T16:57:52+00:00\" \/>\n<meta property=\"og:image\" content=\"https:\/\/garciamariformacion.com\/wp-content\/uploads\/2020\/05\/Dr-Luis-Garci\u0301a-Mari\u0301.jpg\" \/>\n<meta name=\"twitter:card\" content=\"summary_large_image\" \/>\n<script type=\"application\/ld+json\" class=\"yoast-schema-graph\">{\"@context\":\"https:\/\/schema.org\",\"@graph\":[{\"@type\":\"WebSite\",\"@id\":\"https:\/\/garciamariformacion.com\/fr\/#website\",\"url\":\"https:\/\/garciamariformacion.com\/fr\/\",\"name\":\"Garc\\u00eda Mar\\u00ed Formaci\\u00f3n\",\"description\":\"Especialistas en formaci\\u00f3n para dentistas.\",\"potentialAction\":[{\"@type\":\"SearchAction\",\"target\":\"https:\/\/garciamariformacion.com\/fr\/?s={search_term_string}\",\"query-input\":\"required name=search_term_string\"}],\"inLanguage\":\"fr-FR\"},{\"@type\":\"ImageObject\",\"@id\":\"https:\/\/garciamariformacion.com\/fr\/profesionales\/cursos-de-odontologia\/elevacion-de-seno\/#primaryimage\",\"inLanguage\":\"fr-FR\",\"url\":\"https:\/\/garciamariformacion.com\/wp-content\/uploads\/2020\/05\/Dr-Luis-Garci\\u0301a-Mari\\u0301.jpg\",\"width\":711,\"height\":815,\"caption\":\"Luis Garc\\u00eda Mar\\u00ed odont\\u00f3logo de la Cl\\u00ednica dental en Tenerife Garc\\u00eda Mar\\u00ed\"},{\"@type\":\"WebPage\",\"@id\":\"https:\/\/garciamariformacion.com\/fr\/profesionales\/cursos-de-odontologia\/elevacion-de-seno\/#webpage\",\"url\":\"https:\/\/garciamariformacion.com\/fr\/profesionales\/cursos-de-odontologia\/elevacion-de-seno\/\",\"name\":\"Curso intensivo de Estancia Cl\\u00ednica en Elevaci\\u00f3n de Seno - Garc\\u00eda Mar\\u00ed\",\"isPartOf\":{\"@id\":\"https:\/\/garciamariformacion.com\/fr\/#website\"},\"primaryImageOfPage\":{\"@id\":\"https:\/\/garciamariformacion.com\/fr\/profesionales\/cursos-de-odontologia\/elevacion-de-seno\/#primaryimage\"},\"datePublished\":\"2020-05-12T07:15:39+00:00\",\"dateModified\":\"2022-05-22T16:57:52+00:00\",\"description\":\"En este curso para odont\\u00f3logos de elevaci\\u00f3n de seno se realizar\\u00e1n diversos casos con la t\\u00e9cnica m\\u00e1s adecuada para cada ocasi\\u00f3n.\",\"inLanguage\":\"fr-FR\",\"potentialAction\":[{\"@type\":\"ReadAction\",\"target\":[\"https:\/\/garciamariformacion.com\/fr\/profesionales\/cursos-de-odontologia\/elevacion-de-seno\/\"]}]}]}<\/script>\n<!-- \/ Yoast SEO plugin. -->","_links":{"self":[{"href":"https:\/\/garciamariformacion.com\/fr\/wp-json\/wp\/v2\/pages\/66"}],"collection":[{"href":"https:\/\/garciamariformacion.com\/fr\/wp-json\/wp\/v2\/pages"}],"about":[{"href":"https:\/\/garciamariformacion.com\/fr\/wp-json\/wp\/v2\/types\/page"}],"author":[{"embeddable":true,"href":"https:\/\/garciamariformacion.com\/fr\/wp-json\/wp\/v2\/users\/1"}],"replies":[{"embeddable":true,"href":"https:\/\/garciamariformacion.com\/fr\/wp-json\/wp\/v2\/comments?post=66"}],"version-history":[{"count":0,"href":"https:\/\/garciamariformacion.com\/fr\/wp-json\/wp\/v2\/pages\/66\/revisions"}],"up":[{"embeddable":true,"href":"https:\/\/garciamariformacion.com\/fr\/wp-json\/wp\/v2\/pages\/283"}],"wp:attachment":[{"href":"https:\/\/garciamariformacion.com\/fr\/wp-json\/wp\/v2\/media?parent=66"}],"curies":[{"name":"wp","href":"https:\/\/api.w.org\/{rel}","templated":true}]}}