{"id":599,"date":"2020-06-15T08:45:56","date_gmt":"2020-06-15T08:45:56","guid":{"rendered":"http:\/\/huertali-cp85.wordpresstemporal.com\/gmari\/?page_id=599"},"modified":"2021-02-05T12:47:41","modified_gmt":"2021-02-05T12:47:41","slug":"problemas-articulares-y-dolores-musculares-tenerife","status":"publish","type":"page","link":"https:\/\/garciamariformacion.com\/fr\/tratamientos\/problemas-articulares-y-dolores-musculares-tenerife\/","title":{"rendered":"Probl\u00e8mes articulaires et douleurs musculaires"},"content":{"rendered":"<div data-elementor-type=\"wp-page\" data-elementor-id=\"599\" class=\"elementor elementor-599\" data-elementor-settings=\"[]\">\n\t\t\t\t\t\t<div class=\"elementor-inner\">\n\t\t\t\t\t\t\t<div class=\"elementor-section-wrap\">\n\t\t\t\t\t\t\t<section class=\"elementor-section elementor-top-section elementor-element elementor-element-920a54d elementor-section-stretched elementor-section-boxed elementor-section-height-default elementor-section-height-default\" data-id=\"920a54d\" data-element_type=\"section\" data-settings=\"{&quot;stretch_section&quot;:&quot;section-stretched&quot;,&quot;background_background&quot;:&quot;classic&quot;,&quot;shape_divider_bottom&quot;:&quot;opacity-tilt&quot;}\">\n\t\t\t\t\t<div class=\"elementor-shape elementor-shape-bottom\" data-negative=\"false\">\n\t\t\t<svg xmlns=\"http:\/\/www.w3.org\/2000\/svg\" viewbox=\"0 0 2600 131.1\" preserveaspectratio=\"none\">\n\t<path class=\"elementor-shape-fill\" d=\"M0 0L2600 0 2600 69.1 0 0z\"\/>\n\t<path class=\"elementor-shape-fill\" style=\"opacity:0.5\" d=\"M0 0L2600 0 2600 69.1 0 69.1z\"\/>\n\t<path class=\"elementor-shape-fill\" style=\"opacity:0.25\" d=\"M2600 0L0 0 0 130.1 2600 69.1z\"\/>\n<\/svg>\t\t<\/div>\n\t\t\t\t\t<div class=\"elementor-container elementor-column-gap-default\">\n\t\t\t\t\t\t\t<div class=\"elementor-row\">\n\t\t\t\t\t<div class=\"elementor-column elementor-col-100 elementor-top-column elementor-element elementor-element-a2a5caf\" data-id=\"a2a5caf\" data-element_type=\"column\">\n\t\t\t<div class=\"elementor-column-wrap elementor-element-populated\">\n\t\t\t\t\t\t\t<div class=\"elementor-widget-wrap\">\n\t\t\t\t\t\t<div class=\"elementor-element elementor-element-3e275fb elementor-widget elementor-widget-text-editor\" data-id=\"3e275fb\" data-element_type=\"widget\" data-widget_type=\"text-editor.default\">\n\t\t\t\t<div class=\"elementor-widget-container\">\n\t\t\t\t\t\t\t\t<div class=\"elementor-text-editor elementor-clearfix\">\n\t\t\t\t\t\t\t\t\t\t<\/div>\n\t\t\t\t\t\t<\/div>\n\t\t\t\t<\/div>\n\t\t\t\t\t\t<\/div>\n\t\t\t\t\t<\/div>\n\t\t<\/div>\n\t\t\t\t\t\t\t\t<\/div>\n\t\t\t\t\t<\/div>\n\t\t<\/section>\n\t\t\t\t<section class=\"elementor-section elementor-top-section elementor-element elementor-element-e3372d3 elementor-section-stretched elementor-section-boxed elementor-section-height-default elementor-section-height-default\" data-id=\"e3372d3\" data-element_type=\"section\" data-settings=\"{&quot;stretch_section&quot;:&quot;section-stretched&quot;}\">\n\t\t\t\t\t\t<div class=\"elementor-container elementor-column-gap-default\">\n\t\t\t\t\t\t\t<div class=\"elementor-row\">\n\t\t\t\t\t<div class=\"elementor-column elementor-col-50 elementor-top-column elementor-element elementor-element-5f11d3f\" data-id=\"5f11d3f\" data-element_type=\"column\">\n\t\t\t<div class=\"elementor-column-wrap elementor-element-populated\">\n\t\t\t\t\t\t\t<div class=\"elementor-widget-wrap\">\n\t\t\t\t\t\t<div class=\"elementor-element elementor-element-4fb273c elementor-widget elementor-widget-text-editor\" data-id=\"4fb273c\" data-element_type=\"widget\" data-widget_type=\"text-editor.default\">\n\t\t\t\t<div class=\"elementor-widget-container\">\n\t\t\t\t\t\t\t\t<div class=\"elementor-text-editor elementor-clearfix\">\n\t\t\t\t\t<p>L&#039;articulation mandibulaire est tr\u00e8s complexe et peut parfois cr\u00e9er des syndromes ou<br \/>inconfort tr\u00e8s prononc\u00e9 d\u00fb \u00e0 une d\u00e9faillance de la morsure. Parmi les inconforts qui peuvent provoquer un probl\u00e8me articulaire complexe, nous avons :<\/p><ol><li>Douleur dans la zone articulaire<\/li><li>Douleur de type migraine<\/li><li>Trismus (incapacit\u00e9 d&#039;ouvrir la bouche)<\/li><li>Luxation (incapacit\u00e9 de fermer la bouche)<\/li><li>Casse dentaire<\/li><\/ol><p>Il existe diff\u00e9rents traitements visant \u00e0 traiter ces pathologies : attelles, m\u00e9dicaments,<br \/>sculptures, traitements proth\u00e9tiques, TENS ou \u00e9lectrostimulation.<\/p><p>\u00a0<\/p>\t\t\t\t\t<\/div>\n\t\t\t\t\t\t<\/div>\n\t\t\t\t<\/div>\n\t\t\t\t\t\t<\/div>\n\t\t\t\t\t<\/div>\n\t\t<\/div>\n\t\t\t\t<div class=\"elementor-column elementor-col-50 elementor-top-column elementor-element elementor-element-75170b3\" data-id=\"75170b3\" data-element_type=\"column\">\n\t\t\t<div class=\"elementor-column-wrap elementor-element-populated\">\n\t\t\t\t\t\t\t<div class=\"elementor-widget-wrap\">\n\t\t\t\t\t\t<div class=\"elementor-element elementor-element-cb87e0c elementor-widget elementor-widget-image\" data-id=\"cb87e0c\" data-element_type=\"widget\" data-widget_type=\"image.default\">\n\t\t\t\t<div class=\"elementor-widget-container\">\n\t\t\t\t\t\t\t\t<div class=\"elementor-image\">\n\t\t\t\t\t\t\t\t\t\t\t\t<img loading=\"lazy\" decoding=\"async\" width=\"600\" height=\"400\" src=\"https:\/\/garciamariformacion.com\/wp-content\/uploads\/2020\/06\/problemas-articulares-bruxismo-tenerife-garcia-mari.jpg\" class=\"attachment-large size-large\" alt=\"\" srcset=\"https:\/\/garciamariformacion.com\/wp-content\/uploads\/2020\/06\/problemas-articulares-bruxismo-tenerife-garcia-mari.jpg 600w, https:\/\/garciamariformacion.com\/wp-content\/uploads\/2020\/06\/problemas-articulares-bruxismo-tenerife-garcia-mari-300x200.jpg 300w, https:\/\/garciamariformacion.com\/wp-content\/uploads\/2020\/06\/problemas-articulares-bruxismo-tenerife-garcia-mari-391x260.jpg 391w, https:\/\/garciamariformacion.com\/wp-content\/uploads\/2020\/06\/problemas-articulares-bruxismo-tenerife-garcia-mari-400x267.jpg 400w\" sizes=\"(max-width: 600px) 100vw, 600px\" \/>\t\t\t\t\t\t\t\t\t\t\t\t\t\t<\/div>\n\t\t\t\t\t\t<\/div>\n\t\t\t\t<\/div>\n\t\t\t\t\t\t<\/div>\n\t\t\t\t\t<\/div>\n\t\t<\/div>\n\t\t\t\t\t\t\t\t<\/div>\n\t\t\t\t\t<\/div>\n\t\t<\/section>\n\t\t\t\t<section class=\"elementor-section elementor-top-section elementor-element elementor-element-7642a66 elementor-section-stretched elementor-section-full_width elementor-section-height-default elementor-section-height-default\" data-id=\"7642a66\" data-element_type=\"section\" data-settings=\"{&quot;stretch_section&quot;:&quot;section-stretched&quot;}\">\n\t\t\t\t\t\t<div class=\"elementor-container elementor-column-gap-default\">\n\t\t\t\t\t\t\t<div class=\"elementor-row\">\n\t\t\t\t\t<div class=\"elementor-column elementor-col-100 elementor-top-column elementor-element elementor-element-d7fc05e\" data-id=\"d7fc05e\" data-element_type=\"column\">\n\t\t\t<div class=\"elementor-column-wrap elementor-element-populated\">\n\t\t\t\t\t\t\t<div class=\"elementor-widget-wrap\">\n\t\t\t\t\t\t<div class=\"elementor-element elementor-element-0f2e155 elementor-widget elementor-widget-global elementor-global-438 elementor-widget-shortcode\" data-id=\"0f2e155\" data-element_type=\"widget\" data-widget_type=\"shortcode.default\">\n\t\t\t\t<div class=\"elementor-widget-container\">\n\t\t\t\t\t<div class=\"elementor-shortcode\">\t\t<div data-elementor-type=\"section\" data-elementor-id=\"220\" class=\"elementor elementor-220\" data-elementor-settings=\"[]\">\n\t\t<div class=\"elementor-section-wrap\">\n\t\t\t\t\t<section class=\"elementor-section elementor-top-section elementor-element elementor-element-2eefa901 elementor-section-stretched cita elementor-section-boxed elementor-section-height-default elementor-section-height-default\" data-id=\"2eefa901\" data-element_type=\"section\" id=\"cita\" data-settings=\"{&quot;stretch_section&quot;:&quot;section-stretched&quot;,&quot;background_background&quot;:&quot;classic&quot;}\">\n\t\t\t\t\t\t\t<div class=\"elementor-background-overlay\"><\/div>\n\t\t\t\t\t\t\t<div class=\"elementor-container elementor-column-gap-no\">\n\t\t\t\t\t\t\t<div class=\"elementor-row\">\n\t\t\t\t\t<div class=\"elementor-column elementor-col-50 elementor-top-column elementor-element elementor-element-68d76aa7\" data-id=\"68d76aa7\" data-element_type=\"column\">\n\t\t\t<div class=\"elementor-column-wrap elementor-element-populated\">\n\t\t\t\t\t\t\t<div class=\"elementor-widget-wrap\">\n\t\t\t\t\t\t<div class=\"elementor-element elementor-element-1dfb1187 elementor-widget elementor-widget-heading\" data-id=\"1dfb1187\" data-element_type=\"widget\" data-widget_type=\"heading.default\">\n\t\t\t\t<div class=\"elementor-widget-container\">\n\t\t\t<h2 class=\"elementor-heading-title elementor-size-default\">Prenez votre rendez-vous<\/h2>\t\t<\/div>\n\t\t\t\t<\/div>\n\t\t\t\t<div class=\"elementor-element elementor-element-73aef202 elementor-widget elementor-widget-text-editor\" data-id=\"73aef202\" data-element_type=\"widget\" data-widget_type=\"text-editor.default\">\n\t\t\t\t<div class=\"elementor-widget-container\">\n\t\t\t\t\t\t\t\t<div class=\"elementor-text-editor elementor-clearfix\">\n\t\t\t\t\tPrenez rendez-vous afin que nous puissions \u00e9tudier personnellement votre traitement des douleurs articulaires et musculaires \u00e0 Santa Cruz de Tenerife.\t\t\t\t\t<\/div>\n\t\t\t\t\t\t<\/div>\n\t\t\t\t<\/div>\n\t\t\t\t\t\t<\/div>\n\t\t\t\t\t<\/div>\n\t\t<\/div>\n\t\t\t\t<div class=\"elementor-column elementor-col-50 elementor-top-column elementor-element elementor-element-12b559cc\" data-id=\"12b559cc\" data-element_type=\"column\">\n\t\t\t<div class=\"elementor-column-wrap elementor-element-populated\">\n\t\t\t\t\t\t\t<div class=\"elementor-widget-wrap\">\n\t\t\t\t\t\t<div class=\"elementor-element elementor-element-f5492c1 eael-gravity-form-button-custom elementor-widget elementor-widget-eael-gravity-form\" data-id=\"f5492c1\" data-element_type=\"widget\" data-widget_type=\"eael-gravity-form.default\">\n\t\t\t\t<div class=\"elementor-widget-container\">\n\t\t\t            <div class=\"eael-contact-form eael-gravity-form eael-contact-form-align-default\">\n                                <script type=\"text\/javascript\">var gform;gform||(document.addEventListener(\"gform_main_scripts_loaded\",function(){gform.scriptsLoaded=!0}),window.addEventListener(\"DOMContentLoaded\",function(){gform.domLoaded=!0}),gform={domLoaded:!1,scriptsLoaded:!1,initializeOnLoaded:function(o){gform.domLoaded&&gform.scriptsLoaded?o():!gform.domLoaded&&gform.scriptsLoaded?window.addEventListener(\"DOMContentLoaded\",o):document.addEventListener(\"gform_main_scripts_loaded\",o)},hooks:{action:{},filter:{}},addAction:function(o,n,r,t){gform.addHook(\"action\",o,n,r,t)},addFilter:function(o,n,r,t){gform.addHook(\"filter\",o,n,r,t)},doAction:function(o){gform.doHook(\"action\",o,arguments)},applyFilters:function(o){return gform.doHook(\"filter\",o,arguments)},removeAction:function(o,n){gform.removeHook(\"action\",o,n)},removeFilter:function(o,n,r){gform.removeHook(\"filter\",o,n,r)},addHook:function(o,n,r,t,i){null==gform.hooks[o][n]&&(gform.hooks[o][n]=[]);var e=gform.hooks[o][n];null==i&&(i=n+\"_\"+e.length),gform.hooks[o][n].push({tag:i,callable:r,priority:t=null==t?10:t})},doHook:function(n,o,r){var t;if(r=Array.prototype.slice.call(r,1),null!=gform.hooks[n][o]&&((o=gform.hooks[n][o]).sort(function(o,n){return o.priority-n.priority}),o.forEach(function(o){\"function\"!=typeof(t=o.callable)&&(t=window[t]),\"action\"==n?t.apply(null,r):r[0]=t.apply(null,r)})),\"filter\"==n)return r[0]},removeHook:function(o,n,t,i){var r;null!=gform.hooks[o][n]&&(r=(r=gform.hooks[o][n]).filter(function(o,n,r){return!!(null!=i&&i!=o.tag||null!=t&&t!=o.priority)}),gform.hooks[o][n]=r)}});<\/script>\n                <div class='gf_browser_gecko gform_wrapper gform_legacy_markup_wrapper' id='gform_wrapper_1' ><form method='post' enctype='multipart\/form-data'  id='gform_1'  action='\/fr\/wp-json\/wp\/v2\/pages\/599' data-trp-original-action=\"\/fr\/wp-json\/wp\/v2\/pages\/599\" >\n                        <div class='gform_body gform-body'><ul id='gform_fields_1' class='gform_fields top_label form_sublabel_below description_below'><li id=\"field_1_1\" class=\"gfield gfield_contains_required field_sublabel_below field_description_below gfield_visibility_visible\" ><label class='gfield_label' for='input_1_1' >nom<span class=\"gfield_required\"><span class=\"gfield_required gfield_required_asterisk\">*<\/span><\/span><\/label><div class='ginput_container ginput_container_text'><input name='input_1' id='input_1_1' type='text' value='' class='medium'     aria-required=\"true\" aria-invalid=\"false\"   \/> <\/div><\/li><li id=\"field_1_2\" class=\"gfield gfield_contains_required field_sublabel_below field_description_below gfield_visibility_visible\" ><label class='gfield_label' for='input_1_2' >E-mail<span class=\"gfield_required\"><span class=\"gfield_required gfield_required_asterisk\">*<\/span><\/span><\/label><div class='ginput_container ginput_container_email'>\n                            <input name='input_2' id='input_1_2' type='text' value='' class='medium'    aria-required=\"true\" aria-invalid=\"false\"  \/>\n                        <\/div><\/li><li id=\"field_1_9\" class=\"gfield gfield_contains_required field_sublabel_below field_description_below gfield_visibility_visible\" ><label class='gfield_label' for='input_1_9' >T\u00e9l\u00e9phone<span class=\"gfield_required\"><span class=\"gfield_required gfield_required_asterisk\">*<\/span><\/span><\/label><div class='ginput_container ginput_container_phone'><input name='input_9' id='input_1_9' type='text' value='' class='medium'   aria-required=\"true\" aria-invalid=\"false\"   \/><\/div><\/li><li id=\"field_1_6\" class=\"gfield gfield_contains_required field_sublabel_below field_description_below gfield_visibility_visible\" ><label class='gfield_label'  >Clinique d&#039;int\u00e9r\u00eat<span class=\"gfield_required\"><span class=\"gfield_required gfield_required_asterisk\">*<\/span><\/span><\/label><div class='ginput_container ginput_container_radio'><ul class='gfield_radio' id='input_1_6'>\n\t\t\t<li class='gchoice gchoice_1_6_0'>\n\t\t\t\t<input name='input_6' type='radio' value='Tenerife'  id='choice_1_6_0'    \/>\n\t\t\t\t<label for='choice_1_6_0' id='label_1_6_0'>T\u00e9n\u00e9rife<\/label>\n\t\t\t<\/li>\n\t\t\t<li class='gchoice gchoice_1_6_1'>\n\t\t\t\t<input name='input_6' type='radio' value='La Gomera'  id='choice_1_6_1'    \/>\n\t\t\t\t<label for='choice_1_6_1' id='label_1_6_1'>La Gomera<\/label>\n\t\t\t<\/li><\/ul><\/div><\/li><li id=\"field_1_3\" class=\"gfield gfield_contains_required field_sublabel_below field_description_below gfield_visibility_visible\" ><label class='gfield_label' for='input_1_3' >message<span class=\"gfield_required\"><span class=\"gfield_required gfield_required_asterisk\">*<\/span><\/span><\/label><div class='ginput_container ginput_container_textarea'><textarea name='input_3' id='input_1_3' class='textarea medium'     aria-required=\"true\" aria-invalid=\"false\"   rows='10' cols='50'><\/textarea><\/div><\/li><li id=\"field_1_4\" class=\"gfield gfield_contains_required field_sublabel_below field_description_below gfield_visibility_visible\" ><label class='gfield_label gfield_label_before_complex'  >Consentement<span class=\"gfield_required\"><span class=\"gfield_required gfield_required_asterisk\">*<\/span><\/span><\/label><div class='ginput_container ginput_container_consent'><input name='input_4.1' id='input_1_4_1' type='checkbox' value='1'   aria-required=\"true\" aria-invalid=\"false\"   \/> <label class=\"gfield_consent_label\" for='input_1_4_1' >J&#039;ai lu et accepte le <a href=\"https:\/\/garciamariformacion.com\/fr\/legal\/\" target=\"_blank\">mentions l\u00e9gales et politique de confidentialit\u00e9<\/a> de CENTRO EST\u00c9TICO DENTAL INNOVA, SLP<\/label><input type='hidden' name='input_4.2' value='He le\u00eddo y acepto el &lt;a href=&quot;https:\/\/garciamariformacion.com\/legal\/&quot; target=&quot;_blank&quot;&gt;aviso legal y pol\u00edtica de privacidad&lt;\/a&gt; de CENTRO EST\u00c9TICO DENTAL INNOVA, S.L.P' class='gform_hidden' \/><input type='hidden' name='input_4.3' value='1' class='gform_hidden' \/><\/div><\/li><li id=\"field_1_10\" class=\"gfield gform_validation_container field_sublabel_below field_description_below gfield_visibility_visible\" ><label class='gfield_label' for='input_1_10' >commentaires<\/label><div class='ginput_container'><input name='input_10' id='input_1_10' type='text' value='' \/><\/div><div class='gfield_description' id='gfield_description_1_10'>This field is for validation purposes and should be left unchanged.<\/div><\/li><\/ul><\/div>\n        <div class='gform_footer top_label'> <input type='submit' id='gform_submit_button_1' class='gform_button button' value='Envoyer'  onclick='if(window[\"gf_submitting_1\"]){return false;}  window[\"gf_submitting_1\"]=true;  ' onkeypress='if( event.keyCode == 13 ){ if(window[\"gf_submitting_1\"]){return false;} window[\"gf_submitting_1\"]=true;  jQuery(\"#gform_1\").trigger(\"submit\",[true]); }' \/> \n            <input type='hidden' class='gform_hidden' name='is_submit_1' value='1' \/>\n            <input type='hidden' class='gform_hidden' name='gform_submit' value='1' \/>\n            \n            <input type='hidden' class='gform_hidden' name='gform_unique_id' value='' \/>\n            <input type='hidden' class='gform_hidden' name='state_1' value='WyJ7XCI0LjFcIjpcIjdmYmEwYTM5MTBhZjAyZjAzZjI1MGFhOTEzZmUxNTNlXCIsXCI0LjJcIjpcIjU5NDkwYjRmNGIwNTAwNjc5MzRmODc3ODRkM2M1ZTM0XCIsXCI0LjNcIjpcIjdmYmEwYTM5MTBhZjAyZjAzZjI1MGFhOTEzZmUxNTNlXCJ9IiwiMTk3MDhiOTgxNTMwMDNkZjU2ZjZiZTcxOTYxYTRlM2IiXQ==' \/>\n            <input type='hidden' class='gform_hidden' name='gform_target_page_number_1' id='gform_target_page_number_1' value='0' \/>\n            <input type='hidden' class='gform_hidden' name='gform_source_page_number_1' id='gform_source_page_number_1' value='1' \/>\n            <input type='hidden' name='gform_field_values' value='' \/>\n            \n        <\/div>\n                        <input type=\"hidden\" name=\"trp-form-language\" value=\"fr\"\/><\/form>\n                        <\/div>            <\/div>\n            \t\t<\/div>\n\t\t\t\t<\/div>\n\t\t\t\t\t\t<\/div>\n\t\t\t\t\t<\/div>\n\t\t<\/div>\n\t\t\t\t\t\t\t\t<\/div>\n\t\t\t\t\t<\/div>\n\t\t<\/section>\n\t\t\t\t<\/div>\n\t\t<\/div>\n\t\t<\/div>\n\t\t\t\t<\/div>\n\t\t\t\t<\/div>\n\t\t\t\t\t\t<\/div>\n\t\t\t\t\t<\/div>\n\t\t<\/div>\n\t\t\t\t\t\t\t\t<\/div>\n\t\t\t\t\t<\/div>\n\t\t<\/section>\n\t\t\t\t\t\t<\/div>\n\t\t\t\t\t\t<\/div>\n\t\t\t\t\t<\/div>","protected":false},"excerpt":{"rendered":"<p>La articulaci\u00f3n mandibular es muy compleja y algunas veces puede crear s\u00edndromes omolestias muy acusadas por un fallo en la mordida. Entre las molestias que pueden causar un problema articular complejo tenemos: Dolor en la zona articular Dolor tipo migra\u00f1a Trismus (incapacidad de abrir la boca) Luxaci\u00f3n (incapacidad de cerrar la boca) Rotura de dientes [&hellip;]<\/p>","protected":false},"author":2,"featured_media":0,"parent":11,"menu_order":0,"comment_status":"closed","ping_status":"closed","template":"","meta":{"om_disable_all_campaigns":false,"_monsterinsights_skip_tracking":false,"_monsterinsights_sitenote_active":false,"_monsterinsights_sitenote_note":"","_monsterinsights_sitenote_category":0,"_genesis_hide_title":false,"_genesis_hide_breadcrumbs":false,"_genesis_hide_singular_image":false,"_genesis_hide_footer_widgets":false,"_genesis_custom_body_class":"","_genesis_custom_post_class":"","_genesis_layout":"","footnotes":""},"class_list":{"0":"post-599","1":"page","2":"type-page","3":"status-publish","5":"entry"},"aioseo_notices":[],"yoast_head":"<!-- This site is optimized with the Yoast SEO plugin v15.0 - https:\/\/yoast.com\/wordpress\/plugins\/seo\/ -->\n<title>Tratamientos para problemas articulares y dolores musculares en Santa Cruz de Tenerife<\/title>\n<meta name=\"description\" content=\"Realizamos servicios y tratamientos para problemas articulares y musculares en Tenerife de m\u00e1xima calidad y ofreciendo un servicio personalizado.\" \/>\n<meta name=\"robots\" content=\"index, follow, max-snippet:-1, max-image-preview:large, max-video-preview:-1\" \/>\n<link rel=\"canonical\" href=\"https:\/\/garciamariformacion.com\/fr\/tratamientos\/problemas-articulares-y-dolores-musculares-tenerife\/\" \/>\n<meta property=\"og:locale\" content=\"fr_FR\" \/>\n<meta property=\"og:type\" content=\"article\" \/>\n<meta property=\"og:title\" content=\"Tratamientos para problemas articulares y dolores musculares en Santa Cruz de Tenerife\" \/>\n<meta property=\"og:description\" content=\"Realizamos servicios y tratamientos para problemas articulares y musculares en Tenerife de m\u00e1xima calidad y ofreciendo un servicio personalizado.\" \/>\n<meta property=\"og:url\" content=\"https:\/\/garciamariformacion.com\/fr\/tratamientos\/problemas-articulares-y-dolores-musculares-tenerife\/\" \/>\n<meta property=\"og:site_name\" content=\"Garc\u00eda Mar\u00ed Formaci\u00f3n\" \/>\n<meta property=\"article:modified_time\" content=\"2021-02-05T12:47:41+00:00\" \/>\n<meta property=\"og:image\" content=\"https:\/\/garciamariformacion.com\/wp-content\/uploads\/2020\/06\/problemas-articulares-bruxismo-tenerife-garcia-mari.jpg\" \/>\n<meta name=\"twitter:card\" content=\"summary_large_image\" \/>\n<script type=\"application\/ld+json\" class=\"yoast-schema-graph\">{\"@context\":\"https:\/\/schema.org\",\"@graph\":[{\"@type\":\"WebSite\",\"@id\":\"https:\/\/garciamariformacion.com\/fr\/#website\",\"url\":\"https:\/\/garciamariformacion.com\/fr\/\",\"name\":\"Garc\\u00eda Mar\\u00ed Formaci\\u00f3n\",\"description\":\"Especialistas en formaci\\u00f3n para dentistas.\",\"potentialAction\":[{\"@type\":\"SearchAction\",\"target\":\"https:\/\/garciamariformacion.com\/fr\/?s={search_term_string}\",\"query-input\":\"required name=search_term_string\"}],\"inLanguage\":\"fr-FR\"},{\"@type\":\"ImageObject\",\"@id\":\"https:\/\/garciamariformacion.com\/fr\/tratamientos\/problemas-articulares-y-dolores-musculares-tenerife\/#primaryimage\",\"inLanguage\":\"fr-FR\",\"url\":\"https:\/\/garciamariformacion.com\/wp-content\/uploads\/2020\/06\/problemas-articulares-bruxismo-tenerife-garcia-mari.jpg\",\"width\":600,\"height\":400},{\"@type\":\"WebPage\",\"@id\":\"https:\/\/garciamariformacion.com\/fr\/tratamientos\/problemas-articulares-y-dolores-musculares-tenerife\/#webpage\",\"url\":\"https:\/\/garciamariformacion.com\/fr\/tratamientos\/problemas-articulares-y-dolores-musculares-tenerife\/\",\"name\":\"Tratamientos para problemas articulares y dolores musculares en Santa Cruz de Tenerife\",\"isPartOf\":{\"@id\":\"https:\/\/garciamariformacion.com\/fr\/#website\"},\"primaryImageOfPage\":{\"@id\":\"https:\/\/garciamariformacion.com\/fr\/tratamientos\/problemas-articulares-y-dolores-musculares-tenerife\/#primaryimage\"},\"datePublished\":\"2020-06-15T08:45:56+00:00\",\"dateModified\":\"2021-02-05T12:47:41+00:00\",\"description\":\"Realizamos servicios y tratamientos para problemas articulares y musculares en Tenerife de m\\u00e1xima calidad y ofreciendo un servicio personalizado.\",\"inLanguage\":\"fr-FR\",\"potentialAction\":[{\"@type\":\"ReadAction\",\"target\":[\"https:\/\/garciamariformacion.com\/fr\/tratamientos\/problemas-articulares-y-dolores-musculares-tenerife\/\"]}]}]}<\/script>\n<!-- \/ Yoast SEO plugin. -->","_links":{"self":[{"href":"https:\/\/garciamariformacion.com\/fr\/wp-json\/wp\/v2\/pages\/599"}],"collection":[{"href":"https:\/\/garciamariformacion.com\/fr\/wp-json\/wp\/v2\/pages"}],"about":[{"href":"https:\/\/garciamariformacion.com\/fr\/wp-json\/wp\/v2\/types\/page"}],"author":[{"embeddable":true,"href":"https:\/\/garciamariformacion.com\/fr\/wp-json\/wp\/v2\/users\/2"}],"replies":[{"embeddable":true,"href":"https:\/\/garciamariformacion.com\/fr\/wp-json\/wp\/v2\/comments?post=599"}],"version-history":[{"count":0,"href":"https:\/\/garciamariformacion.com\/fr\/wp-json\/wp\/v2\/pages\/599\/revisions"}],"up":[{"embeddable":true,"href":"https:\/\/garciamariformacion.com\/fr\/wp-json\/wp\/v2\/pages\/11"}],"wp:attachment":[{"href":"https:\/\/garciamariformacion.com\/fr\/wp-json\/wp\/v2\/media?parent=599"}],"curies":[{"name":"wp","href":"https:\/\/api.w.org\/{rel}","templated":true}]}}