{"id":1420,"date":"2020-10-07T08:59:13","date_gmt":"2020-10-07T08:59:13","guid":{"rendered":"https:\/\/garciamariformacion.com\/?page_id=1420"},"modified":"2021-02-01T11:47:27","modified_gmt":"2021-02-01T11:47:27","slug":"newsletter-profesionales","status":"publish","type":"page","link":"https:\/\/garciamariformacion.com\/fr\/profesionales\/newsletter-profesionales\/","title":{"rendered":"Suscripcion Newsletter Profesionales"},"content":{"rendered":"<div data-elementor-type=\"wp-page\" data-elementor-id=\"1420\" class=\"elementor elementor-1420\" data-elementor-settings=\"[]\">\n\t\t\t\t\t\t<div class=\"elementor-inner\">\n\t\t\t\t\t\t\t<div class=\"elementor-section-wrap\">\n\t\t\t\t\t\t\t<section class=\"elementor-section elementor-top-section elementor-element elementor-element-443213c elementor-section-stretched elementor-section-boxed elementor-section-height-default elementor-section-height-default\" data-id=\"443213c\" data-element_type=\"section\" data-settings=\"{&quot;stretch_section&quot;:&quot;section-stretched&quot;,&quot;background_background&quot;:&quot;classic&quot;}\">\n\t\t\t\t\t\t\t<div class=\"elementor-background-overlay\"><\/div>\n\t\t\t\t\t\t\t<div class=\"elementor-container elementor-column-gap-default\">\n\t\t\t\t\t\t\t<div class=\"elementor-row\">\n\t\t\t\t\t<div class=\"elementor-column elementor-col-100 elementor-top-column elementor-element elementor-element-cedfe99\" data-id=\"cedfe99\" data-element_type=\"column\">\n\t\t\t<div class=\"elementor-column-wrap elementor-element-populated\">\n\t\t\t\t\t\t\t<div class=\"elementor-widget-wrap\">\n\t\t\t\t\t\t<div class=\"elementor-element elementor-element-e0a95b8 elementor-widget elementor-widget-heading\" data-id=\"e0a95b8\" data-element_type=\"widget\" data-widget_type=\"heading.default\">\n\t\t\t\t<div class=\"elementor-widget-container\">\n\t\t\t<h1 class=\"elementor-heading-title elementor-size-default\">Abonnez-vous \u00e0 notre newsletter pour les professionnels<\/h1>\t\t<\/div>\n\t\t\t\t<\/div>\n\t\t\t\t<div class=\"elementor-element elementor-element-ceda1c6 elementor-widget elementor-widget-text-editor\" data-id=\"ceda1c6\" data-element_type=\"widget\" data-widget_type=\"text-editor.default\">\n\t\t\t\t<div class=\"elementor-widget-container\">\n\t\t\t\t\t\t\t\t<div class=\"elementor-text-editor elementor-clearfix\">\n\t\t\t\t\t<p><strong>Commencez le chemin vers l\u2019excellence clinique avec les ressources que nous mettons \u00e0 votre disposition<\/strong><\/p>\t\t\t\t\t<\/div>\n\t\t\t\t\t\t<\/div>\n\t\t\t\t<\/div>\n\t\t\t\t\t\t<\/div>\n\t\t\t\t\t<\/div>\n\t\t<\/div>\n\t\t\t\t\t\t\t\t<\/div>\n\t\t\t\t\t<\/div>\n\t\t<\/section>\n\t\t\t\t<section class=\"elementor-section elementor-top-section elementor-element elementor-element-5a459ad elementor-section-stretched elementor-section-boxed elementor-section-height-default elementor-section-height-default\" data-id=\"5a459ad\" data-element_type=\"section\" data-settings=\"{&quot;stretch_section&quot;:&quot;section-stretched&quot;}\">\n\t\t\t\t\t\t<div class=\"elementor-container elementor-column-gap-default\">\n\t\t\t\t\t\t\t<div class=\"elementor-row\">\n\t\t\t\t\t<div class=\"elementor-column elementor-col-50 elementor-top-column elementor-element elementor-element-b9add08\" data-id=\"b9add08\" data-element_type=\"column\">\n\t\t\t<div class=\"elementor-column-wrap elementor-element-populated\">\n\t\t\t\t\t\t\t<div class=\"elementor-widget-wrap\">\n\t\t\t\t\t\t<div class=\"elementor-element elementor-element-fa35678 elementor-widget elementor-widget-heading\" data-id=\"fa35678\" data-element_type=\"widget\" data-widget_type=\"heading.default\">\n\t\t\t\t<div class=\"elementor-widget-container\">\n\t\t\t<p class=\"elementor-heading-title elementor-size-default\">Abonnez-vous maintenant et vous aurez un acc\u00e8s imm\u00e9diat \u00e0 l&#039;enregistrement du webinaire &quot;Diff\u00e9rentes techniques de r\u00e9g\u00e9n\u00e9ration : indications selon les cas&quot; avec le Dr Luis Garc\u00eda Mar\u00ed<\/p>\t\t<\/div>\n\t\t\t\t<\/div>\n\t\t\t\t<div class=\"elementor-element elementor-element-4b1594d elementor-widget elementor-widget-image\" data-id=\"4b1594d\" data-element_type=\"widget\" data-widget_type=\"image.default\">\n\t\t\t\t<div class=\"elementor-widget-container\">\n\t\t\t\t\t\t\t\t<div class=\"elementor-image\">\n\t\t\t\t\t\t\t\t\t\t\t\t<img loading=\"lazy\" decoding=\"async\" width=\"800\" height=\"449\" src=\"https:\/\/garciamariformacion.com\/wp-content\/uploads\/2020\/10\/webinar-garcia-mari.jpg\" class=\"attachment-large size-large\" alt=\"\" srcset=\"https:\/\/garciamariformacion.com\/wp-content\/uploads\/2020\/10\/webinar-garcia-mari.jpg 800w, https:\/\/garciamariformacion.com\/wp-content\/uploads\/2020\/10\/webinar-garcia-mari-300x168.jpg 300w, https:\/\/garciamariformacion.com\/wp-content\/uploads\/2020\/10\/webinar-garcia-mari-768x431.jpg 768w, https:\/\/garciamariformacion.com\/wp-content\/uploads\/2020\/10\/webinar-garcia-mari-400x225.jpg 400w\" sizes=\"(max-width: 800px) 100vw, 800px\" \/>\t\t\t\t\t\t\t\t\t\t\t\t\t\t<\/div>\n\t\t\t\t\t\t<\/div>\n\t\t\t\t<\/div>\n\t\t\t\t\t\t<\/div>\n\t\t\t\t\t<\/div>\n\t\t<\/div>\n\t\t\t\t<div class=\"elementor-column elementor-col-50 elementor-top-column elementor-element elementor-element-efabb81\" data-id=\"efabb81\" data-element_type=\"column\">\n\t\t\t<div class=\"elementor-column-wrap elementor-element-populated\">\n\t\t\t\t\t\t\t<div class=\"elementor-widget-wrap\">\n\t\t\t\t\t\t<div class=\"elementor-element elementor-element-7a393e3 elementor-widget elementor-widget-shortcode\" data-id=\"7a393e3\" data-element_type=\"widget\" data-widget_type=\"shortcode.default\">\n\t\t\t\t<div class=\"elementor-widget-container\">\n\t\t\t\t\t<div class=\"elementor-shortcode\"><div class='_form_5'><\/div><script type='text\/javascript' src='https:\/\/garciamari.activehosted.com\/f\/embed.php?static=0&id=5&6A048654C212E&nostyles=0&preview=0'><\/script><\/div>\n\t\t\t\t<\/div>\n\t\t\t\t<\/div>\n\t\t\t\t\t\t<\/div>\n\t\t\t\t\t<\/div>\n\t\t<\/div>\n\t\t\t\t\t\t\t\t<\/div>\n\t\t\t\t\t<\/div>\n\t\t<\/section>\n\t\t\t\t<section class=\"elementor-section elementor-top-section elementor-element elementor-element-27b8670 elementor-section-stretched elementor-section-boxed elementor-section-height-default elementor-section-height-default\" data-id=\"27b8670\" data-element_type=\"section\" data-settings=\"{&quot;stretch_section&quot;:&quot;section-stretched&quot;,&quot;background_background&quot;:&quot;classic&quot;}\">\n\t\t\t\t\t\t<div class=\"elementor-container elementor-column-gap-wider\">\n\t\t\t\t\t\t\t<div class=\"elementor-row\">\n\t\t\t\t\t<div class=\"elementor-column elementor-col-33 elementor-top-column elementor-element elementor-element-99edd1d\" data-id=\"99edd1d\" data-element_type=\"column\">\n\t\t\t<div class=\"elementor-column-wrap elementor-element-populated\">\n\t\t\t\t\t\t\t<div class=\"elementor-widget-wrap\">\n\t\t\t\t\t\t<div class=\"elementor-element elementor-element-e3223c3 elementor-view-default elementor-position-top elementor-vertical-align-top elementor-widget elementor-widget-icon-box\" data-id=\"e3223c3\" data-element_type=\"widget\" data-widget_type=\"icon-box.default\">\n\t\t\t\t<div class=\"elementor-widget-container\">\n\t\t\t\t\t<div class=\"elementor-icon-box-wrapper\">\n\t\t\t\t\t\t<div class=\"elementor-icon-box-icon\">\n\t\t\t\t<span class=\"elementor-icon elementor-animation-\" >\n\t\t\t\t<i aria-hidden=\"true\" class=\"fas fa-laptop\"><\/i>\t\t\t\t<\/span>\n\t\t\t<\/div>\n\t\t\t\t\t\t<div class=\"elementor-icon-box-content\">\n\t\t\t\t<h3 class=\"elementor-icon-box-title\">\n\t\t\t\t\t<span >Acc\u00e8s aux webinaires<\/span>\n\t\t\t\t<\/h3>\n\t\t\t\t\t\t\t\t<p class=\"elementor-icon-box-description\">Vous serez les premiers inform\u00e9s des webinaires gratuits que nous organisons afin de pouvoir y acc\u00e9der en direct et r\u00e9pondre \u00e0 vos questions avec les intervenants.<\/p>\n\t\t\t\t\t\t\t<\/div>\n\t\t<\/div>\n\t\t\t\t<\/div>\n\t\t\t\t<\/div>\n\t\t\t\t\t\t<\/div>\n\t\t\t\t\t<\/div>\n\t\t<\/div>\n\t\t\t\t<div class=\"elementor-column elementor-col-33 elementor-top-column elementor-element elementor-element-de820f9\" data-id=\"de820f9\" data-element_type=\"column\">\n\t\t\t<div class=\"elementor-column-wrap elementor-element-populated\">\n\t\t\t\t\t\t\t<div class=\"elementor-widget-wrap\">\n\t\t\t\t\t\t<div class=\"elementor-element elementor-element-7c68ee6 elementor-view-default elementor-position-top elementor-vertical-align-top elementor-widget elementor-widget-icon-box\" data-id=\"7c68ee6\" data-element_type=\"widget\" data-widget_type=\"icon-box.default\">\n\t\t\t\t<div class=\"elementor-widget-container\">\n\t\t\t\t\t<div class=\"elementor-icon-box-wrapper\">\n\t\t\t\t\t\t<div class=\"elementor-icon-box-icon\">\n\t\t\t\t<span class=\"elementor-icon elementor-animation-\" >\n\t\t\t\t<i aria-hidden=\"true\" class=\"fas fa-book\"><\/i>\t\t\t\t<\/span>\n\t\t\t<\/div>\n\t\t\t\t\t\t<div class=\"elementor-icon-box-content\">\n\t\t\t\t<h3 class=\"elementor-icon-box-title\">\n\t\t\t\t\t<span >Ressources gratuites<\/span>\n\t\t\t\t<\/h3>\n\t\t\t\t\t\t\t\t<p class=\"elementor-icon-box-description\">De temps en temps, nous partagerons des ressources et du contenu qui vous aideront dans votre d\u00e9marche vers l\u2019excellence dans votre profession.<\/p>\n\t\t\t\t\t\t\t<\/div>\n\t\t<\/div>\n\t\t\t\t<\/div>\n\t\t\t\t<\/div>\n\t\t\t\t\t\t<\/div>\n\t\t\t\t\t<\/div>\n\t\t<\/div>\n\t\t\t\t<div class=\"elementor-column elementor-col-33 elementor-top-column elementor-element elementor-element-14d7aeb\" data-id=\"14d7aeb\" data-element_type=\"column\">\n\t\t\t<div class=\"elementor-column-wrap elementor-element-populated\">\n\t\t\t\t\t\t\t<div class=\"elementor-widget-wrap\">\n\t\t\t\t\t\t<div class=\"elementor-element elementor-element-6a108a7 elementor-view-default elementor-position-top elementor-vertical-align-top elementor-widget elementor-widget-icon-box\" data-id=\"6a108a7\" data-element_type=\"widget\" data-widget_type=\"icon-box.default\">\n\t\t\t\t<div class=\"elementor-widget-container\">\n\t\t\t\t\t<div class=\"elementor-icon-box-wrapper\">\n\t\t\t\t\t\t<div class=\"elementor-icon-box-icon\">\n\t\t\t\t<span class=\"elementor-icon elementor-animation-\" >\n\t\t\t\t<i aria-hidden=\"true\" class=\"fas fa-bullhorn\"><\/i>\t\t\t\t<\/span>\n\t\t\t<\/div>\n\t\t\t\t\t\t<div class=\"elementor-icon-box-content\">\n\t\t\t\t<h3 class=\"elementor-icon-box-title\">\n\t\t\t\t\t<span >Avis sur les nouveaux cours<\/span>\n\t\t\t\t<\/h3>\n\t\t\t\t\t\t\t\t<p class=\"elementor-icon-box-description\">Vous serez le premier inform\u00e9 des futurs cours que nous lan\u00e7ons afin que vous puissiez r\u00e9server votre place<\/p>\n\t\t\t\t\t\t\t<\/div>\n\t\t<\/div>\n\t\t\t\t<\/div>\n\t\t\t\t<\/div>\n\t\t\t\t\t\t<\/div>\n\t\t\t\t\t<\/div>\n\t\t<\/div>\n\t\t\t\t\t\t\t\t<\/div>\n\t\t\t\t\t<\/div>\n\t\t<\/section>\n\t\t\t\t<section class=\"elementor-section elementor-top-section elementor-element elementor-element-ac48a5b elementor-section-boxed elementor-section-height-default elementor-section-height-default\" data-id=\"ac48a5b\" data-element_type=\"section\">\n\t\t\t\t\t\t<div class=\"elementor-container elementor-column-gap-default\">\n\t\t\t\t\t\t\t<div class=\"elementor-row\">\n\t\t\t\t\t<div class=\"elementor-column elementor-col-100 elementor-top-column elementor-element elementor-element-1674f71\" data-id=\"1674f71\" data-element_type=\"column\">\n\t\t\t<div class=\"elementor-column-wrap elementor-element-populated\">\n\t\t\t\t\t\t\t<div class=\"elementor-widget-wrap\">\n\t\t\t\t\t\t<div class=\"elementor-element elementor-element-ceaee3e elementor-widget elementor-widget-heading\" data-id=\"ceaee3e\" data-element_type=\"widget\" data-widget_type=\"heading.default\">\n\t\t\t\t<div class=\"elementor-widget-container\">\n\t\t\t<h2 class=\"elementor-heading-title elementor-size-default\">Questions fr\u00e9quentes<\/h2>\t\t<\/div>\n\t\t\t\t<\/div>\n\t\t\t\t<div class=\"elementor-element elementor-element-df21ea7 elementor-widget elementor-widget-accordion\" data-id=\"df21ea7\" data-element_type=\"widget\" data-widget_type=\"accordion.default\">\n\t\t\t\t<div class=\"elementor-widget-container\">\n\t\t\t\t\t<div class=\"elementor-accordion\" role=\"tablist\">\n\t\t\t\t\t\t\t<div class=\"elementor-accordion-item\">\n\t\t\t\t\t<div id=\"elementor-tab-title-2331\" class=\"elementor-tab-title\" data-tab=\"1\" role=\"tab\" aria-controls=\"elementor-tab-content-2331\" aria-expanded=\"false\">\n\t\t\t\t\t\t\t\t\t\t\t\t\t<span class=\"elementor-accordion-icon elementor-accordion-icon-left\" aria-hidden=\"true\">\n\t\t\t\t\t\t\t\t\t\t\t\t\t\t\t<span class=\"elementor-accordion-icon-closed\"><i class=\"fas fa-plus\"><\/i><\/span>\n\t\t\t\t\t\t\t\t<span class=\"elementor-accordion-icon-opened\"><i class=\"fas fa-minus\"><\/i><\/span>\n\t\t\t\t\t\t\t\t\t\t\t\t\t\t<\/span>\n\t\t\t\t\t\t\t\t\t\t\t\t<a class=\"elementor-accordion-title\" href=\"\">Puis-je me d\u00e9sinscrire \u00e0 tout moment ?<\/a>\n\t\t\t\t\t<\/div>\n\t\t\t\t\t<div id=\"elementor-tab-content-2331\" class=\"elementor-tab-content elementor-clearfix\" data-tab=\"1\" role=\"tabpanel\" aria-labelledby=\"elementor-tab-title-2331\"><p>Bien entendu, dans tous les e-mails que nous vous envoyons, vous trouverez un lien qui, en cliquant simplement dessus, vous permettra d&#039;indiquer que vous ne souhaitez plus recevoir de communications de notre part.<\/p><\/div>\n\t\t\t\t<\/div>\n\t\t\t\t\t\t\t<div class=\"elementor-accordion-item\">\n\t\t\t\t\t<div id=\"elementor-tab-title-2332\" class=\"elementor-tab-title\" data-tab=\"2\" role=\"tab\" aria-controls=\"elementor-tab-content-2332\" aria-expanded=\"false\">\n\t\t\t\t\t\t\t\t\t\t\t\t\t<span class=\"elementor-accordion-icon elementor-accordion-icon-left\" aria-hidden=\"true\">\n\t\t\t\t\t\t\t\t\t\t\t\t\t\t\t<span class=\"elementor-accordion-icon-closed\"><i class=\"fas fa-plus\"><\/i><\/span>\n\t\t\t\t\t\t\t\t<span class=\"elementor-accordion-icon-opened\"><i class=\"fas fa-minus\"><\/i><\/span>\n\t\t\t\t\t\t\t\t\t\t\t\t\t\t<\/span>\n\t\t\t\t\t\t\t\t\t\t\t\t<a class=\"elementor-accordion-title\" href=\"\">Qu&#039;est-ce que j&#039;obtiens en m&#039;abonnant \u00e0 la newsletter Garc\u00eda Mar\u00ed ?<\/a>\n\t\t\t\t\t<\/div>\n\t\t\t\t\t<div id=\"elementor-tab-content-2332\" class=\"elementor-tab-content elementor-clearfix\" data-tab=\"2\" role=\"tabpanel\" aria-labelledby=\"elementor-tab-title-2332\"><p>Notre objectif est de pouvoir vous offrir des ressources de qualit\u00e9 qui peuvent vous aider \u00e0 vous am\u00e9liorer en tant que professionnel, en plus de vous informer avant tout le monde des futures formations que nous r\u00e9alisons afin que vous ayez la possibilit\u00e9 de r\u00e9server votre place \u00e0 l&#039;avance.<\/p><\/div>\n\t\t\t\t<\/div>\n\t\t\t\t\t\t\t\t<\/div>\n\t\t\t\t<\/div>\n\t\t\t\t<\/div>\n\t\t\t\t\t\t<\/div>\n\t\t\t\t\t<\/div>\n\t\t<\/div>\n\t\t\t\t\t\t\t\t<\/div>\n\t\t\t\t\t<\/div>\n\t\t<\/section>\n\t\t\t\t\t\t<\/div>\n\t\t\t\t\t\t<\/div>\n\t\t\t\t\t<\/div>","protected":false},"excerpt":{"rendered":"<p>Suscr\u00edbete a nuestra newsletter para profesionales Inicia el camino hacia la excelencia cl\u00ednica con los recursos que ponemos a tu disposici\u00f3n Suscr\u00edbete ahora y obtendr\u00e1s acceso inmediato a la grabaci\u00f3n del webinar &#8220;Diferentes t\u00e9cnicas regenerativas: indicaciones seg\u00fan el caso&#8221; con el Dr. Luis Garc\u00eda Mar\u00ed Acceso a webinars Ser\u00e1s el primero en enterarte de los [&hellip;]<\/p>","protected":false},"author":2,"featured_media":0,"parent":15,"menu_order":0,"comment_status":"closed","ping_status":"closed","template":"elementor_header_footer","meta":{"om_disable_all_campaigns":false,"_monsterinsights_skip_tracking":false,"_monsterinsights_sitenote_active":false,"_monsterinsights_sitenote_note":"","_monsterinsights_sitenote_category":0,"_genesis_hide_title":false,"_genesis_hide_breadcrumbs":false,"_genesis_hide_singular_image":false,"_genesis_hide_footer_widgets":false,"_genesis_custom_body_class":"","_genesis_custom_post_class":"","_genesis_layout":"","footnotes":""},"class_list":{"0":"post-1420","1":"page","2":"type-page","3":"status-publish","5":"entry"},"aioseo_notices":[],"yoast_head":"<!-- This site is optimized with the Yoast SEO plugin v15.0 - https:\/\/yoast.com\/wordpress\/plugins\/seo\/ -->\n<title>Suscripcion Newsletter Profesionales - Garc\u00eda Mar\u00ed Formaci\u00f3n<\/title>\n<meta name=\"robots\" content=\"index, follow, max-snippet:-1, max-image-preview:large, max-video-preview:-1\" \/>\n<link rel=\"canonical\" href=\"https:\/\/garciamariformacion.com\/fr\/profesionales\/newsletter-profesionales\/\" \/>\n<meta property=\"og:locale\" content=\"fr_FR\" \/>\n<meta property=\"og:type\" content=\"article\" \/>\n<meta property=\"og:title\" content=\"Suscripcion Newsletter Profesionales - Garc\u00eda Mar\u00ed Formaci\u00f3n\" \/>\n<meta property=\"og:description\" content=\"Suscr\u00edbete a nuestra newsletter para profesionales Inicia el camino hacia la excelencia cl\u00ednica con los recursos que ponemos a tu disposici\u00f3n Suscr\u00edbete ahora y obtendr\u00e1s acceso inmediato a la grabaci\u00f3n del webinar &#8220;Diferentes t\u00e9cnicas regenerativas: indicaciones seg\u00fan el caso&#8221; con el Dr. Luis Garc\u00eda Mar\u00ed Acceso a webinars Ser\u00e1s el primero en enterarte de los [&hellip;]\" \/>\n<meta property=\"og:url\" content=\"https:\/\/garciamariformacion.com\/fr\/profesionales\/newsletter-profesionales\/\" \/>\n<meta property=\"og:site_name\" content=\"Garc\u00eda Mar\u00ed Formaci\u00f3n\" \/>\n<meta property=\"article:modified_time\" content=\"2021-02-01T11:47:27+00:00\" \/>\n<meta property=\"og:image\" content=\"https:\/\/garciamariformacion.com\/wp-content\/uploads\/2020\/10\/webinar-garcia-mari.jpg\" \/>\n<meta name=\"twitter:card\" content=\"summary_large_image\" \/>\n<script type=\"application\/ld+json\" class=\"yoast-schema-graph\">{\"@context\":\"https:\/\/schema.org\",\"@graph\":[{\"@type\":\"WebSite\",\"@id\":\"https:\/\/garciamariformacion.com\/fr\/#website\",\"url\":\"https:\/\/garciamariformacion.com\/fr\/\",\"name\":\"Garc\\u00eda Mar\\u00ed Formaci\\u00f3n\",\"description\":\"Especialistas en formaci\\u00f3n para dentistas.\",\"potentialAction\":[{\"@type\":\"SearchAction\",\"target\":\"https:\/\/garciamariformacion.com\/fr\/?s={search_term_string}\",\"query-input\":\"required name=search_term_string\"}],\"inLanguage\":\"fr-FR\"},{\"@type\":\"ImageObject\",\"@id\":\"https:\/\/garciamariformacion.com\/fr\/profesionales\/newsletter-profesionales\/#primaryimage\",\"inLanguage\":\"fr-FR\",\"url\":\"https:\/\/garciamariformacion.com\/wp-content\/uploads\/2020\/10\/webinar-garcia-mari.jpg\",\"width\":800,\"height\":449},{\"@type\":\"WebPage\",\"@id\":\"https:\/\/garciamariformacion.com\/fr\/profesionales\/newsletter-profesionales\/#webpage\",\"url\":\"https:\/\/garciamariformacion.com\/fr\/profesionales\/newsletter-profesionales\/\",\"name\":\"Suscripcion Newsletter Profesionales - Garc\\u00eda Mar\\u00ed Formaci\\u00f3n\",\"isPartOf\":{\"@id\":\"https:\/\/garciamariformacion.com\/fr\/#website\"},\"primaryImageOfPage\":{\"@id\":\"https:\/\/garciamariformacion.com\/fr\/profesionales\/newsletter-profesionales\/#primaryimage\"},\"datePublished\":\"2020-10-07T08:59:13+00:00\",\"dateModified\":\"2021-02-01T11:47:27+00:00\",\"inLanguage\":\"fr-FR\",\"potentialAction\":[{\"@type\":\"ReadAction\",\"target\":[\"https:\/\/garciamariformacion.com\/fr\/profesionales\/newsletter-profesionales\/\"]}]}]}<\/script>\n<!-- \/ Yoast SEO plugin. -->","_links":{"self":[{"href":"https:\/\/garciamariformacion.com\/fr\/wp-json\/wp\/v2\/pages\/1420"}],"collection":[{"href":"https:\/\/garciamariformacion.com\/fr\/wp-json\/wp\/v2\/pages"}],"about":[{"href":"https:\/\/garciamariformacion.com\/fr\/wp-json\/wp\/v2\/types\/page"}],"author":[{"embeddable":true,"href":"https:\/\/garciamariformacion.com\/fr\/wp-json\/wp\/v2\/users\/2"}],"replies":[{"embeddable":true,"href":"https:\/\/garciamariformacion.com\/fr\/wp-json\/wp\/v2\/comments?post=1420"}],"version-history":[{"count":0,"href":"https:\/\/garciamariformacion.com\/fr\/wp-json\/wp\/v2\/pages\/1420\/revisions"}],"up":[{"embeddable":true,"href":"https:\/\/garciamariformacion.com\/fr\/wp-json\/wp\/v2\/pages\/15"}],"wp:attachment":[{"href":"https:\/\/garciamariformacion.com\/fr\/wp-json\/wp\/v2\/media?parent=1420"}],"curies":[{"name":"wp","href":"https:\/\/api.w.org\/{rel}","templated":true}]}}