{"id":85,"date":"2020-05-12T07:28:11","date_gmt":"2020-05-12T07:28:11","guid":{"rendered":"http:\/\/huertali-cp85.wordpresstemporal.com\/gmari\/?page_id=85"},"modified":"2020-07-21T09:09:55","modified_gmt":"2020-07-21T09:09:55","slug":"privacidad","status":"publish","type":"page","link":"https:\/\/garciamariformacion.com\/es_es\/privacidad\/","title":{"rendered":"Gesti\u00f3n de la privacidad en el sitio web"},"content":{"rendered":"\n<h2 class=\"wp-block-heading\">Modifique en cualquier momento su decisi\u00f3n sobre el uso de cookies en este sitio web<\/h2>\n\n\n<a href=\"#\" class=\"_brlbs-btn-cookie-preference borlabs-cookie-preference\">Mostrar opciones de configuraci\u00f3n de privacidad<\/a>\n\n\n\n<h2 class=\"wp-block-heading\">Acciones que ha realizado y decisiones con respecto a la configuraci\u00f3n de privacidad del sitio web<\/h2>\n\n\n<div class=\"BorlabsCookie\" data-borlabs-cookie-consent-history><div class=\"_brlbs-responsive-table\"><table class=\"_brlbs-table\"><thead><tr><th class=\"_brlbs-table-date\">Fecha<\/th><th class=\"_brlbs-table-version\">Versi\u00f3n<\/th><th class=\"_brlbs-table-consents\">Consentimientos<\/th><\/tr><\/thead><\/table><\/div><\/div>\n\n\n\n<h2 class=\"wp-block-heading\">Toda la informaci\u00f3n sobre el uso de cookies en este sitio web<\/h2>\n\n\n\n<p>Puede revisar nuestro <a href=\"https:\/\/garciamariformacion.com\/legal\/\">aviso legal y pol\u00edtica de privacidad<\/a>.<\/p>\n","protected":false},"excerpt":{"rendered":"<p>Modifique en cualquier momento su decisi\u00f3n sobre el uso de cookies en este sitio web Acciones que ha realizado y decisiones con respecto a la configuraci\u00f3n de privacidad del sitio web Toda la informaci\u00f3n sobre el uso de cookies en este sitio web Puede revisar nuestro aviso legal y pol\u00edtica de privacidad.<\/p>\n","protected":false},"author":1,"featured_media":0,"parent":0,"menu_order":0,"comment_status":"closed","ping_status":"closed","template":"","meta":{"om_disable_all_campaigns":false,"_monsterinsights_skip_tracking":false,"_monsterinsights_sitenote_active":false,"_monsterinsights_sitenote_note":"","_monsterinsights_sitenote_category":0,"_genesis_hide_title":false,"_genesis_hide_breadcrumbs":false,"_genesis_hide_singular_image":false,"_genesis_hide_footer_widgets":false,"_genesis_custom_body_class":"","_genesis_custom_post_class":"","_genesis_layout":"","footnotes":""},"class_list":{"0":"post-85","1":"page","2":"type-page","3":"status-publish","5":"entry"},"aioseo_notices":[],"yoast_head":"<!-- This site is optimized with the Yoast SEO plugin v15.0 - https:\/\/yoast.com\/wordpress\/plugins\/seo\/ -->\n<title>Gesti\u00f3n de la privacidad en el sitio web - Garc\u00eda Mar\u00ed Formaci\u00f3n<\/title>\n<meta name=\"robots\" content=\"noindex, nofollow\" \/>\n<meta property=\"og:locale\" content=\"es_ES\" \/>\n<meta property=\"og:type\" content=\"article\" \/>\n<meta property=\"og:title\" content=\"Gesti\u00f3n de la privacidad en el sitio web - Garc\u00eda Mar\u00ed Formaci\u00f3n\" \/>\n<meta property=\"og:description\" content=\"Modifique en cualquier momento su decisi\u00f3n sobre el uso de cookies en este sitio web Acciones que ha realizado y decisiones con respecto a la configuraci\u00f3n de privacidad del sitio web Toda la informaci\u00f3n sobre el uso de cookies en este sitio web Puede revisar nuestro aviso legal y pol\u00edtica de privacidad.\" \/>\n<meta property=\"og:url\" content=\"https:\/\/garciamariformacion.com\/es_es\/privacidad\/\" \/>\n<meta property=\"og:site_name\" content=\"Garc\u00eda Mar\u00ed Formaci\u00f3n\" \/>\n<meta property=\"article:modified_time\" content=\"2020-07-21T09:09:55+00:00\" \/>\n<meta name=\"twitter:card\" content=\"summary_large_image\" \/>\n<script type=\"application\/ld+json\" class=\"yoast-schema-graph\">{\"@context\":\"https:\/\/schema.org\",\"@graph\":[{\"@type\":\"WebSite\",\"@id\":\"https:\/\/garciamariformacion.com\/es_es\/#website\",\"url\":\"https:\/\/garciamariformacion.com\/es_es\/\",\"name\":\"Garc\\u00eda Mar\\u00ed Formaci\\u00f3n\",\"description\":\"Especialistas en formaci\\u00f3n para dentistas.\",\"potentialAction\":[{\"@type\":\"SearchAction\",\"target\":\"https:\/\/garciamariformacion.com\/es_es\/?s={search_term_string}\",\"query-input\":\"required name=search_term_string\"}],\"inLanguage\":\"es\"},{\"@type\":\"WebPage\",\"@id\":\"https:\/\/garciamariformacion.com\/es_es\/privacidad\/#webpage\",\"url\":\"https:\/\/garciamariformacion.com\/es_es\/privacidad\/\",\"name\":\"Gesti\\u00f3n de la privacidad en el sitio web - Garc\\u00eda Mar\\u00ed Formaci\\u00f3n\",\"isPartOf\":{\"@id\":\"https:\/\/garciamariformacion.com\/es_es\/#website\"},\"datePublished\":\"2020-05-12T07:28:11+00:00\",\"dateModified\":\"2020-07-21T09:09:55+00:00\",\"inLanguage\":\"es\",\"potentialAction\":[{\"@type\":\"ReadAction\",\"target\":[\"https:\/\/garciamariformacion.com\/es_es\/privacidad\/\"]}]}]}<\/script>\n<!-- \/ Yoast SEO plugin. -->","_links":{"self":[{"href":"https:\/\/garciamariformacion.com\/es_es\/wp-json\/wp\/v2\/pages\/85"}],"collection":[{"href":"https:\/\/garciamariformacion.com\/es_es\/wp-json\/wp\/v2\/pages"}],"about":[{"href":"https:\/\/garciamariformacion.com\/es_es\/wp-json\/wp\/v2\/types\/page"}],"author":[{"embeddable":true,"href":"https:\/\/garciamariformacion.com\/es_es\/wp-json\/wp\/v2\/users\/1"}],"replies":[{"embeddable":true,"href":"https:\/\/garciamariformacion.com\/es_es\/wp-json\/wp\/v2\/comments?post=85"}],"version-history":[{"count":0,"href":"https:\/\/garciamariformacion.com\/es_es\/wp-json\/wp\/v2\/pages\/85\/revisions"}],"wp:attachment":[{"href":"https:\/\/garciamariformacion.com\/es_es\/wp-json\/wp\/v2\/media?parent=85"}],"curies":[{"name":"wp","href":"https:\/\/api.w.org\/{rel}","templated":true}]}}