{"id":80,"date":"2020-05-12T07:20:14","date_gmt":"2020-05-12T07:20:14","guid":{"rendered":"http:\/\/huertali-cp85.wordpresstemporal.com\/gmari\/?page_id=80"},"modified":"2020-07-25T10:57:52","modified_gmt":"2020-07-25T10:57:52","slug":"toma-de-impresiones-digitales","status":"publish","type":"page","link":"https:\/\/garciamariformacion.com\/es_es\/profesionales\/cursos-de-odontologia\/cursos-para-higienistas-dentales\/toma-de-impresiones-digitales\/","title":{"rendered":"Curso intensivo en Toma de impresiones digitales"},"content":{"rendered":"\t\t<div data-elementor-type=\"wp-page\" data-elementor-id=\"80\" class=\"elementor elementor-80\" data-elementor-settings=\"[]\">\n\t\t\t\t\t\t<div class=\"elementor-inner\">\n\t\t\t\t\t\t\t<div class=\"elementor-section-wrap\">\n\t\t\t\t\t\t\t<section class=\"elementor-section elementor-top-section elementor-element elementor-element-72925a9b elementor-section-stretched elementor-section-boxed elementor-section-height-default elementor-section-height-default\" data-id=\"72925a9b\" data-element_type=\"section\" data-settings=\"{&quot;stretch_section&quot;:&quot;section-stretched&quot;}\">\n\t\t\t\t\t\t<div class=\"elementor-container elementor-column-gap-default\">\n\t\t\t\t\t\t\t<div class=\"elementor-row\">\n\t\t\t\t\t<div class=\"elementor-column elementor-col-66 elementor-top-column elementor-element elementor-element-1629811d\" data-id=\"1629811d\" data-element_type=\"column\">\n\t\t\t<div class=\"elementor-column-wrap elementor-element-populated\">\n\t\t\t\t\t\t\t<div class=\"elementor-widget-wrap\">\n\t\t\t\t\t\t<div class=\"elementor-element elementor-element-1d57b853 elementor-widget elementor-widget-heading\" data-id=\"1d57b853\" data-element_type=\"widget\" data-widget_type=\"heading.default\">\n\t\t\t\t<div class=\"elementor-widget-container\">\n\t\t\t<h2 class=\"elementor-heading-title elementor-size-default\">Curso intensivo para higienistas dentales:<\/h2>\t\t<\/div>\n\t\t\t\t<\/div>\n\t\t\t\t<div class=\"elementor-element elementor-element-53b04d4a elementor-widget elementor-widget-heading\" data-id=\"53b04d4a\" data-element_type=\"widget\" data-widget_type=\"heading.default\">\n\t\t\t\t<div class=\"elementor-widget-container\">\n\t\t\t<h2 class=\"elementor-heading-title elementor-size-default\">Toma de impresiones digitales<\/h2>\t\t<\/div>\n\t\t\t\t<\/div>\n\t\t\t\t<div class=\"elementor-element elementor-element-76ae47ec elementor-widget elementor-widget-text-editor\" data-id=\"76ae47ec\" data-element_type=\"widget\" data-widget_type=\"text-editor.default\">\n\t\t\t\t<div class=\"elementor-widget-container\">\n\t\t\t\t\t\t\t\t<div class=\"elementor-text-editor elementor-clearfix\">\n\t\t\t\t\t<p><span style=\"font-weight: 400;\">Los cursos intensivos son una manera pr\u00e1ctica y eficaz de acercarse a las t\u00e9cnicas m\u00e1s innovadoras.<\/span> <span style=\"font-weight: 400;\">Este curso pretende dar respuesta a la alta demanda formativa por parte de higienistas dentales con respecto a las nuevas tecnolog\u00edas, como el uso del esc\u00e1ner intraoral y de los archivos STL y DICOM.\u00a0<\/span><\/p>\t\t\t\t\t<\/div>\n\t\t\t\t\t\t<\/div>\n\t\t\t\t<\/div>\n\t\t\t\t<div class=\"elementor-element elementor-element-4a929d86 elementor-widget elementor-widget-accordion\" data-id=\"4a929d86\" data-element_type=\"widget\" data-widget_type=\"accordion.default\">\n\t\t\t\t<div class=\"elementor-widget-container\">\n\t\t\t\t\t<div class=\"elementor-accordion\" role=\"tablist\">\n\t\t\t\t\t\t\t<div class=\"elementor-accordion-item\">\n\t\t\t\t\t<div id=\"elementor-tab-title-1251\" class=\"elementor-tab-title\" data-tab=\"1\" role=\"tab\" aria-controls=\"elementor-tab-content-1251\" aria-expanded=\"false\">\n\t\t\t\t\t\t\t\t\t\t\t\t\t<span class=\"elementor-accordion-icon elementor-accordion-icon-left\" aria-hidden=\"true\">\n\t\t\t\t\t\t\t\t\t\t\t\t\t\t\t<span class=\"elementor-accordion-icon-closed\"><i class=\"fas fa-plus\"><\/i><\/span>\n\t\t\t\t\t\t\t\t<span class=\"elementor-accordion-icon-opened\"><i class=\"fas fa-minus\"><\/i><\/span>\n\t\t\t\t\t\t\t\t\t\t\t\t\t\t<\/span>\n\t\t\t\t\t\t\t\t\t\t\t\t<a class=\"elementor-accordion-title\" href=\"\">Descripci\u00f3n del curso<\/a>\n\t\t\t\t\t<\/div>\n\t\t\t\t\t<div id=\"elementor-tab-content-1251\" class=\"elementor-tab-content elementor-clearfix\" data-tab=\"1\" role=\"tabpanel\" aria-labelledby=\"elementor-tab-title-1251\"><p><span style=\"font-weight: 400;\">El\u00a0 curso es eminentemente pr\u00e1ctico y est\u00e1 orientado a higienistas dentales con o sin experiencia previa, ya que nos adaptamos a sus necesidades y conocimientos previos. Se explicar\u00e1n\u00a0 los conocimientos b\u00e1sicos y se practicar\u00e1 la toma de impresiones digitales, pasos a seguir, descarga, conversi\u00f3n\u00a0 y copia de archivos del aparato de rayos x y del esc\u00e1ner intraoral, aditamentos cad- cam, etc.\u00a0\u00a0<\/span><\/p><p><span style=\"font-weight: 400;\">Todo esto se realizar\u00e1 en un total de 8 horas lectivas, distribuidas en un fin de semana. Viernes en horario de tarde\u00a0 y s\u00e1bado en horario de ma\u00f1ana.\u00a0<\/span><\/p><\/div>\n\t\t\t\t<\/div>\n\t\t\t\t\t\t\t<div class=\"elementor-accordion-item\">\n\t\t\t\t\t<div id=\"elementor-tab-title-1252\" class=\"elementor-tab-title\" data-tab=\"2\" role=\"tab\" aria-controls=\"elementor-tab-content-1252\" aria-expanded=\"false\">\n\t\t\t\t\t\t\t\t\t\t\t\t\t<span class=\"elementor-accordion-icon elementor-accordion-icon-left\" aria-hidden=\"true\">\n\t\t\t\t\t\t\t\t\t\t\t\t\t\t\t<span class=\"elementor-accordion-icon-closed\"><i class=\"fas fa-plus\"><\/i><\/span>\n\t\t\t\t\t\t\t\t<span class=\"elementor-accordion-icon-opened\"><i class=\"fas fa-minus\"><\/i><\/span>\n\t\t\t\t\t\t\t\t\t\t\t\t\t\t<\/span>\n\t\t\t\t\t\t\t\t\t\t\t\t<a class=\"elementor-accordion-title\" href=\"\">Objetivos del curso<\/a>\n\t\t\t\t\t<\/div>\n\t\t\t\t\t<div id=\"elementor-tab-content-1252\" class=\"elementor-tab-content elementor-clearfix\" data-tab=\"2\" role=\"tabpanel\" aria-labelledby=\"elementor-tab-title-1252\"><p><span style=\"font-weight: 400;\">El curso pretende ofrecer un protocolo de abordaje eficaz y seguro para la toma de impresiones digitales, dise\u00f1ado exclusivamente\u00a0 para el\/ la\u00a0 higienista dental. Este curso capacitar\u00e1 para realizar estas tareas de manera aut\u00f3noma, siempre bajo la supervisi\u00f3n del facultativo.\u00a0 Ideal tanto para profesionales que ya poseen conocimientos previos como para los que parten de cero.\u00a0<\/span><\/p><\/div>\n\t\t\t\t<\/div>\n\t\t\t\t\t\t\t<div class=\"elementor-accordion-item\">\n\t\t\t\t\t<div id=\"elementor-tab-title-1253\" class=\"elementor-tab-title\" data-tab=\"3\" role=\"tab\" aria-controls=\"elementor-tab-content-1253\" aria-expanded=\"false\">\n\t\t\t\t\t\t\t\t\t\t\t\t\t<span class=\"elementor-accordion-icon elementor-accordion-icon-left\" aria-hidden=\"true\">\n\t\t\t\t\t\t\t\t\t\t\t\t\t\t\t<span class=\"elementor-accordion-icon-closed\"><i class=\"fas fa-plus\"><\/i><\/span>\n\t\t\t\t\t\t\t\t<span class=\"elementor-accordion-icon-opened\"><i class=\"fas fa-minus\"><\/i><\/span>\n\t\t\t\t\t\t\t\t\t\t\t\t\t\t<\/span>\n\t\t\t\t\t\t\t\t\t\t\t\t<a class=\"elementor-accordion-title\" href=\"\">Qu\u00e9 incluye el curso<\/a>\n\t\t\t\t\t<\/div>\n\t\t\t\t\t<div id=\"elementor-tab-content-1253\" class=\"elementor-tab-content elementor-clearfix\" data-tab=\"3\" role=\"tabpanel\" aria-labelledby=\"elementor-tab-title-1253\"><\/div>\n\t\t\t\t<\/div>\n\t\t\t\t\t\t\t<div class=\"elementor-accordion-item\">\n\t\t\t\t\t<div id=\"elementor-tab-title-1254\" class=\"elementor-tab-title\" data-tab=\"4\" role=\"tab\" aria-controls=\"elementor-tab-content-1254\" aria-expanded=\"false\">\n\t\t\t\t\t\t\t\t\t\t\t\t\t<span class=\"elementor-accordion-icon elementor-accordion-icon-left\" aria-hidden=\"true\">\n\t\t\t\t\t\t\t\t\t\t\t\t\t\t\t<span class=\"elementor-accordion-icon-closed\"><i class=\"fas fa-plus\"><\/i><\/span>\n\t\t\t\t\t\t\t\t<span class=\"elementor-accordion-icon-opened\"><i class=\"fas fa-minus\"><\/i><\/span>\n\t\t\t\t\t\t\t\t\t\t\t\t\t\t<\/span>\n\t\t\t\t\t\t\t\t\t\t\t\t<a class=\"elementor-accordion-title\" href=\"\">Horario<\/a>\n\t\t\t\t\t<\/div>\n\t\t\t\t\t<div id=\"elementor-tab-content-1254\" class=\"elementor-tab-content elementor-clearfix\" data-tab=\"4\" role=\"tabpanel\" aria-labelledby=\"elementor-tab-title-1254\"><p><b>Viernes y s\u00e1bados<\/b><\/p><\/div>\n\t\t\t\t<\/div>\n\t\t\t\t\t\t\t<div class=\"elementor-accordion-item\">\n\t\t\t\t\t<div id=\"elementor-tab-title-1255\" class=\"elementor-tab-title\" data-tab=\"5\" role=\"tab\" aria-controls=\"elementor-tab-content-1255\" aria-expanded=\"false\">\n\t\t\t\t\t\t\t\t\t\t\t\t\t<span class=\"elementor-accordion-icon elementor-accordion-icon-left\" aria-hidden=\"true\">\n\t\t\t\t\t\t\t\t\t\t\t\t\t\t\t<span class=\"elementor-accordion-icon-closed\"><i class=\"fas fa-plus\"><\/i><\/span>\n\t\t\t\t\t\t\t\t<span class=\"elementor-accordion-icon-opened\"><i class=\"fas fa-minus\"><\/i><\/span>\n\t\t\t\t\t\t\t\t\t\t\t\t\t\t<\/span>\n\t\t\t\t\t\t\t\t\t\t\t\t<a class=\"elementor-accordion-title\" href=\"\">Lugar<\/a>\n\t\t\t\t\t<\/div>\n\t\t\t\t\t<div id=\"elementor-tab-content-1255\" class=\"elementor-tab-content elementor-clearfix\" data-tab=\"5\" role=\"tabpanel\" aria-labelledby=\"elementor-tab-title-1255\"><p><strong>CED Garc\u00eda Mar\u00ed, Santa Cruz de Tenerife<\/strong><br \/>C\/ Prolongaci\u00f3n Ram\u00f3n y Cajal, 13, local 4<br \/>38003, Santa Cruz de Tenerife<\/p><\/div>\n\t\t\t\t<\/div>\n\t\t\t\t\t\t\t\t<\/div>\n\t\t\t\t<\/div>\n\t\t\t\t<\/div>\n\t\t\t\t<section class=\"elementor-section elementor-inner-section elementor-element elementor-element-3dd892b6 elementor-section-boxed elementor-section-height-default elementor-section-height-default\" data-id=\"3dd892b6\" data-element_type=\"section\">\n\t\t\t\t\t\t<div class=\"elementor-container elementor-column-gap-default\">\n\t\t\t\t\t\t\t<div class=\"elementor-row\">\n\t\t\t\t\t<div class=\"elementor-column elementor-col-33 elementor-inner-column elementor-element elementor-element-40fa8bde\" data-id=\"40fa8bde\" data-element_type=\"column\">\n\t\t\t<div class=\"elementor-column-wrap elementor-element-populated\">\n\t\t\t\t\t\t\t<div class=\"elementor-widget-wrap\">\n\t\t\t\t\t\t<div class=\"elementor-element elementor-element-3a0d3fb5 elementor-widget elementor-widget-image\" data-id=\"3a0d3fb5\" data-element_type=\"widget\" data-widget_type=\"image.default\">\n\t\t\t\t<div class=\"elementor-widget-container\">\n\t\t\t\t\t\t\t\t<div class=\"elementor-image\">\n\t\t\t\t\t\t\t\t\t\t\t\t<img loading=\"lazy\" decoding=\"async\" width=\"711\" height=\"815\" src=\"https:\/\/garciamariformacion.com\/wp-content\/uploads\/2020\/05\/Dr-Luis-Garci\u0301a-Mari\u0301.jpg\" class=\"attachment-large size-large\" alt=\"Luis Garc\u00eda Mar\u00ed odont\u00f3logo de la Cl\u00ednica dental en Tenerife Garc\u00eda Mar\u00ed\" srcset=\"https:\/\/garciamariformacion.com\/wp-content\/uploads\/2020\/05\/Dr-Luis-Garci\u0301a-Mari\u0301.jpg 711w, https:\/\/garciamariformacion.com\/wp-content\/uploads\/2020\/05\/Dr-Luis-Garci\u0301a-Mari\u0301-262x300.jpg 262w\" sizes=\"(max-width: 711px) 100vw, 711px\" \/>\t\t\t\t\t\t\t\t\t\t\t\t\t\t<\/div>\n\t\t\t\t\t\t<\/div>\n\t\t\t\t<\/div>\n\t\t\t\t\t\t<\/div>\n\t\t\t\t\t<\/div>\n\t\t<\/div>\n\t\t\t\t<div class=\"elementor-column elementor-col-66 elementor-inner-column elementor-element elementor-element-7c86b930\" data-id=\"7c86b930\" data-element_type=\"column\">\n\t\t\t<div class=\"elementor-column-wrap elementor-element-populated\">\n\t\t\t\t\t\t\t<div class=\"elementor-widget-wrap\">\n\t\t\t\t\t\t<div class=\"elementor-element elementor-element-1f626b1d elementor-widget elementor-widget-heading\" data-id=\"1f626b1d\" data-element_type=\"widget\" data-widget_type=\"heading.default\">\n\t\t\t\t<div class=\"elementor-widget-container\">\n\t\t\t<h2 class=\"elementor-heading-title elementor-size-default\">Dr. Luis Garc\u00eda Mar\u00ed<\/h2>\t\t<\/div>\n\t\t\t\t<\/div>\n\t\t\t\t<div class=\"elementor-element elementor-element-2ce2b027 elementor-widget-divider--view-line elementor-widget elementor-widget-divider\" data-id=\"2ce2b027\" data-element_type=\"widget\" data-widget_type=\"divider.default\">\n\t\t\t\t<div class=\"elementor-widget-container\">\n\t\t\t\t\t<div class=\"elementor-divider\">\n\t\t\t<span class=\"elementor-divider-separator\">\n\t\t\t\t\t\t<\/span>\n\t\t<\/div>\n\t\t\t\t<\/div>\n\t\t\t\t<\/div>\n\t\t\t\t<div class=\"elementor-element elementor-element-32ff6ca8 elementor-widget elementor-widget-accordion\" data-id=\"32ff6ca8\" data-element_type=\"widget\" data-widget_type=\"accordion.default\">\n\t\t\t\t<div class=\"elementor-widget-container\">\n\t\t\t\t\t<div class=\"elementor-accordion\" role=\"tablist\">\n\t\t\t\t\t\t\t<div class=\"elementor-accordion-item\">\n\t\t\t\t\t<div id=\"elementor-tab-title-8551\" class=\"elementor-tab-title\" data-tab=\"1\" role=\"tab\" aria-controls=\"elementor-tab-content-8551\" aria-expanded=\"false\">\n\t\t\t\t\t\t\t\t\t\t\t\t\t<span class=\"elementor-accordion-icon elementor-accordion-icon-right\" aria-hidden=\"true\">\n\t\t\t\t\t\t\t\t\t\t\t\t\t\t\t<span class=\"elementor-accordion-icon-closed\"><i class=\"fas fa-angle-down\"><\/i><\/span>\n\t\t\t\t\t\t\t\t<span class=\"elementor-accordion-icon-opened\"><i class=\"fas fa-angle-up\"><\/i><\/span>\n\t\t\t\t\t\t\t\t\t\t\t\t\t\t<\/span>\n\t\t\t\t\t\t\t\t\t\t\t\t<a class=\"elementor-accordion-title\" href=\"\">Especialista en cirug\u00edas de alta complejidad<\/a>\n\t\t\t\t\t<\/div>\n\t\t\t\t\t<div id=\"elementor-tab-content-8551\" class=\"elementor-tab-content elementor-clearfix\" data-tab=\"1\" role=\"tabpanel\" aria-labelledby=\"elementor-tab-title-8551\"><ul style=\"color: #333333;\"><li>Licenciado en Odontolog\u00eda. Universidad de Murcia, 2002.<\/li><li>Master en Periodoncia. Universidad Par\u00eds, 2005.<\/li><li>Especialista en Periodoncia. Universidad Maim\u00f3nides de Buenos Aires, 2006.<\/li><li>Continuing Dental Education program in Implantology, cosmetic and Oral rehabilitation. New York University, 2007.<\/li><li>Especialista en Cirug\u00eda y Rehabilitaci\u00f3n Implantol\u00f3gica. Universidad de Sevilla, 2014.<\/li><li>Experto en Implantes Zigom\u00e1ticos. Universidad de L\u00e9rida, 2015.<\/li><li>Advanced Surgical Master Curriculum in Regenerative Implant Dentistry Istvan Urban Institute. University of Szeged (Hungary), 2018.<\/li><li>Dictante de numerosos curso nacionales e internacionales de regeneraci\u00f3n, uso de biomateriales y t\u00e9cnicas de elevaci\u00f3n de seno.<\/li><\/ul><\/div>\n\t\t\t\t<\/div>\n\t\t\t\t\t\t\t\t<\/div>\n\t\t\t\t<\/div>\n\t\t\t\t<\/div>\n\t\t\t\t\t\t<\/div>\n\t\t\t\t\t<\/div>\n\t\t<\/div>\n\t\t\t\t\t\t\t\t<\/div>\n\t\t\t\t\t<\/div>\n\t\t<\/section>\n\t\t\t\t\t\t<\/div>\n\t\t\t\t\t<\/div>\n\t\t<\/div>\n\t\t\t\t<div class=\"elementor-column elementor-col-33 elementor-top-column elementor-element elementor-element-587c40a6\" data-id=\"587c40a6\" data-element_type=\"column\">\n\t\t\t<div class=\"elementor-column-wrap elementor-element-populated\">\n\t\t\t\t\t\t\t<div class=\"elementor-widget-wrap\">\n\t\t\t\t\t\t<div class=\"elementor-element elementor-element-71fbd99 elementor-cta--skin-classic elementor-animated-content elementor-bg-transform elementor-bg-transform-zoom-in elementor-widget elementor-widget-call-to-action\" data-id=\"71fbd99\" data-element_type=\"widget\" data-settings=\"{&quot;sticky&quot;:&quot;top&quot;,&quot;sticky_offset&quot;:100,&quot;sticky_on&quot;:[&quot;desktop&quot;],&quot;sticky_effects_offset&quot;:0}\" data-widget_type=\"call-to-action.default\">\n\t\t\t\t<div class=\"elementor-widget-container\">\n\t\t\t\t\t<div  class=\"elementor-cta\">\n\t\t\t\t\t\t\t<div class=\"elementor-cta__content\">\n\t\t\t\t\n\t\t\t\t\n\t\t\t\t\t\t\t\t\t<div class=\"elementor-cta__description elementor-cta__content-item elementor-content-item\">\n\t\t\t\t\t\t<strong>Fecha pr\u00f3xima edici\u00f3n:<\/strong> A determinar\n<\/br>\n<strong>Precio:<\/strong> 110,00\u20ac\t\t\t\t\t<\/div>\n\t\t\t\t\n\t\t\t\t\t\t\t\t\t<div class=\"elementor-cta__button-wrapper elementor-cta__content-item elementor-content-item \">\n\t\t\t\t\t<a class=\"elementor-cta__button elementor-button elementor-size-sm\" href=\"https:\/\/garciamariformacion.com\/checkout?edd_action=add_to_cart&#038;download_id=780\">\n\t\t\t\t\t\tReservar plaza\t\t\t\t\t<\/a>\n\t\t\t\t\t<\/div>\n\t\t\t\t\t\t\t<\/div>\n\t\t\t\t\t\t<\/div>\n\t\t\t\t<\/div>\n\t\t\t\t<\/div>\n\t\t\t\t\t\t<\/div>\n\t\t\t\t\t<\/div>\n\t\t<\/div>\n\t\t\t\t\t\t\t\t<\/div>\n\t\t\t\t\t<\/div>\n\t\t<\/section>\n\t\t\t\t\t\t<\/div>\n\t\t\t\t\t\t<\/div>\n\t\t\t\t\t<\/div>\n\t\t","protected":false},"excerpt":{"rendered":"<p>Curso intensivo para higienistas dentales: Toma de impresiones digitales Los cursos intensivos son una manera pr\u00e1ctica y eficaz de acercarse a las t\u00e9cnicas m\u00e1s innovadoras. Este curso pretende dar respuesta a la alta demanda formativa por parte de higienistas dentales con respecto a las nuevas tecnolog\u00edas, como el uso del esc\u00e1ner intraoral y de los [&hellip;]<\/p>\n","protected":false},"author":1,"featured_media":0,"parent":72,"menu_order":0,"comment_status":"closed","ping_status":"closed","template":"","meta":{"om_disable_all_campaigns":false,"_monsterinsights_skip_tracking":false,"_monsterinsights_sitenote_active":false,"_monsterinsights_sitenote_note":"","_monsterinsights_sitenote_category":0,"_genesis_hide_title":false,"_genesis_hide_breadcrumbs":false,"_genesis_hide_singular_image":false,"_genesis_hide_footer_widgets":false,"_genesis_custom_body_class":"","_genesis_custom_post_class":"","_genesis_layout":"","footnotes":""},"class_list":{"0":"post-80","1":"page","2":"type-page","3":"status-publish","5":"entry"},"aioseo_notices":[],"yoast_head":"<!-- This site is optimized with the Yoast SEO plugin v15.0 - https:\/\/yoast.com\/wordpress\/plugins\/seo\/ -->\n<title>Curso de toma de impresiones digitales para higienistas dentales.<\/title>\n<meta name=\"description\" content=\"Curso intensivo para higienistas dentales de toma de impresiones digitales, en el que se abordar\u00e1 uso del esc\u00e1ner intraoral y de los archivos STL y DICOM.\" \/>\n<meta name=\"robots\" content=\"index, follow, max-snippet:-1, max-image-preview:large, max-video-preview:-1\" \/>\n<link rel=\"canonical\" href=\"https:\/\/garciamariformacion.com\/es_es\/profesionales\/cursos-de-odontologia\/cursos-para-higienistas-dentales\/toma-de-impresiones-digitales\/\" \/>\n<meta property=\"og:locale\" content=\"es_ES\" \/>\n<meta property=\"og:type\" content=\"article\" \/>\n<meta property=\"og:title\" content=\"Curso de toma de impresiones digitales para higienistas dentales.\" \/>\n<meta property=\"og:description\" content=\"Curso intensivo para higienistas dentales de toma de impresiones digitales, en el que se abordar\u00e1 uso del esc\u00e1ner intraoral y de los archivos STL y DICOM.\" \/>\n<meta property=\"og:url\" content=\"https:\/\/garciamariformacion.com\/es_es\/profesionales\/cursos-de-odontologia\/cursos-para-higienistas-dentales\/toma-de-impresiones-digitales\/\" \/>\n<meta property=\"og:site_name\" content=\"Garc\u00eda Mar\u00ed Formaci\u00f3n\" \/>\n<meta property=\"article:modified_time\" content=\"2020-07-25T10:57:52+00:00\" \/>\n<meta property=\"og:image\" content=\"https:\/\/garciamariformacion.com\/wp-content\/uploads\/2020\/05\/Dr-Luis-Garci\u0301a-Mari\u0301.jpg\" \/>\n<meta name=\"twitter:card\" content=\"summary_large_image\" \/>\n<script type=\"application\/ld+json\" class=\"yoast-schema-graph\">{\"@context\":\"https:\/\/schema.org\",\"@graph\":[{\"@type\":\"WebSite\",\"@id\":\"https:\/\/garciamariformacion.com\/es_es\/#website\",\"url\":\"https:\/\/garciamariformacion.com\/es_es\/\",\"name\":\"Garc\\u00eda Mar\\u00ed Formaci\\u00f3n\",\"description\":\"Especialistas en formaci\\u00f3n para dentistas.\",\"potentialAction\":[{\"@type\":\"SearchAction\",\"target\":\"https:\/\/garciamariformacion.com\/es_es\/?s={search_term_string}\",\"query-input\":\"required name=search_term_string\"}],\"inLanguage\":\"es\"},{\"@type\":\"ImageObject\",\"@id\":\"https:\/\/garciamariformacion.com\/es_es\/profesionales\/cursos-de-odontologia\/cursos-para-higienistas-dentales\/toma-de-impresiones-digitales\/#primaryimage\",\"inLanguage\":\"es\",\"url\":\"https:\/\/garciamariformacion.com\/wp-content\/uploads\/2020\/05\/Dr-Luis-Garci\\u0301a-Mari\\u0301.jpg\",\"width\":711,\"height\":815,\"caption\":\"Luis Garc\\u00eda Mar\\u00ed odont\\u00f3logo de la Cl\\u00ednica dental en Tenerife Garc\\u00eda Mar\\u00ed\"},{\"@type\":\"WebPage\",\"@id\":\"https:\/\/garciamariformacion.com\/es_es\/profesionales\/cursos-de-odontologia\/cursos-para-higienistas-dentales\/toma-de-impresiones-digitales\/#webpage\",\"url\":\"https:\/\/garciamariformacion.com\/es_es\/profesionales\/cursos-de-odontologia\/cursos-para-higienistas-dentales\/toma-de-impresiones-digitales\/\",\"name\":\"Curso de toma de impresiones digitales para higienistas dentales.\",\"isPartOf\":{\"@id\":\"https:\/\/garciamariformacion.com\/es_es\/#website\"},\"primaryImageOfPage\":{\"@id\":\"https:\/\/garciamariformacion.com\/es_es\/profesionales\/cursos-de-odontologia\/cursos-para-higienistas-dentales\/toma-de-impresiones-digitales\/#primaryimage\"},\"datePublished\":\"2020-05-12T07:20:14+00:00\",\"dateModified\":\"2020-07-25T10:57:52+00:00\",\"description\":\"Curso intensivo para higienistas dentales de toma de impresiones digitales, en el que se abordar\\u00e1 uso del esc\\u00e1ner intraoral y de los archivos STL y DICOM.\",\"inLanguage\":\"es\",\"potentialAction\":[{\"@type\":\"ReadAction\",\"target\":[\"https:\/\/garciamariformacion.com\/es_es\/profesionales\/cursos-de-odontologia\/cursos-para-higienistas-dentales\/toma-de-impresiones-digitales\/\"]}]}]}<\/script>\n<!-- \/ Yoast SEO plugin. -->","_links":{"self":[{"href":"https:\/\/garciamariformacion.com\/es_es\/wp-json\/wp\/v2\/pages\/80"}],"collection":[{"href":"https:\/\/garciamariformacion.com\/es_es\/wp-json\/wp\/v2\/pages"}],"about":[{"href":"https:\/\/garciamariformacion.com\/es_es\/wp-json\/wp\/v2\/types\/page"}],"author":[{"embeddable":true,"href":"https:\/\/garciamariformacion.com\/es_es\/wp-json\/wp\/v2\/users\/1"}],"replies":[{"embeddable":true,"href":"https:\/\/garciamariformacion.com\/es_es\/wp-json\/wp\/v2\/comments?post=80"}],"version-history":[{"count":0,"href":"https:\/\/garciamariformacion.com\/es_es\/wp-json\/wp\/v2\/pages\/80\/revisions"}],"up":[{"embeddable":true,"href":"https:\/\/garciamariformacion.com\/es_es\/wp-json\/wp\/v2\/pages\/72"}],"wp:attachment":[{"href":"https:\/\/garciamariformacion.com\/es_es\/wp-json\/wp\/v2\/media?parent=80"}],"curies":[{"name":"wp","href":"https:\/\/api.w.org\/{rel}","templated":true}]}}