{"id":773,"date":"2020-06-29T15:47:55","date_gmt":"2020-06-29T15:47:55","guid":{"rendered":"https:\/\/garciamariformacion.com\/finalizar-compra\/"},"modified":"2020-07-25T10:36:46","modified_gmt":"2020-07-25T10:36:46","slug":"finalizar-compra","status":"publish","type":"page","link":"https:\/\/garciamariformacion.com\/es_es\/finalizar-compra\/","title":{"rendered":"Finalizar compra"},"content":{"rendered":"\t\t<div data-elementor-type=\"wp-page\" data-elementor-id=\"773\" class=\"elementor elementor-773\" data-elementor-settings=\"[]\">\n\t\t\t\t\t\t<div class=\"elementor-inner\">\n\t\t\t\t\t\t\t<div class=\"elementor-section-wrap\">\n\t\t\t\t\t\t\t<section class=\"elementor-section elementor-top-section elementor-element elementor-element-5ebec37 elementor-section-stretched elementor-section-boxed elementor-section-height-default elementor-section-height-default\" data-id=\"5ebec37\" data-element_type=\"section\" data-settings=\"{&quot;stretch_section&quot;:&quot;section-stretched&quot;,&quot;background_background&quot;:&quot;gradient&quot;,&quot;shape_divider_bottom&quot;:&quot;opacity-tilt&quot;}\">\n\t\t\t\t\t<div class=\"elementor-shape elementor-shape-bottom\" data-negative=\"false\">\n\t\t\t<svg xmlns=\"http:\/\/www.w3.org\/2000\/svg\" viewBox=\"0 0 2600 131.1\" preserveAspectRatio=\"none\">\n\t<path class=\"elementor-shape-fill\" d=\"M0 0L2600 0 2600 69.1 0 0z\"\/>\n\t<path class=\"elementor-shape-fill\" style=\"opacity:0.5\" d=\"M0 0L2600 0 2600 69.1 0 69.1z\"\/>\n\t<path class=\"elementor-shape-fill\" style=\"opacity:0.25\" d=\"M2600 0L0 0 0 130.1 2600 69.1z\"\/>\n<\/svg>\t\t<\/div>\n\t\t\t\t\t<div class=\"elementor-container elementor-column-gap-default\">\n\t\t\t\t\t\t\t<div class=\"elementor-row\">\n\t\t\t\t\t<div class=\"elementor-column elementor-col-100 elementor-top-column elementor-element elementor-element-b4183dd\" data-id=\"b4183dd\" data-element_type=\"column\">\n\t\t\t<div class=\"elementor-column-wrap elementor-element-populated\">\n\t\t\t\t\t\t\t<div class=\"elementor-widget-wrap\">\n\t\t\t\t\t\t<div class=\"elementor-element elementor-element-f9251a2 elementor-widget elementor-widget-heading\" data-id=\"f9251a2\" data-element_type=\"widget\" data-widget_type=\"heading.default\">\n\t\t\t\t<div class=\"elementor-widget-container\">\n\t\t\t<h1 class=\"elementor-heading-title elementor-size-default\">Finalizar compra de la formaci\u00f3n<\/h1>\t\t<\/div>\n\t\t\t\t<\/div>\n\t\t\t\t<div class=\"elementor-element elementor-element-77c7c4b elementor-position-left elementor-view-default elementor-vertical-align-top elementor-widget elementor-widget-icon-box\" data-id=\"77c7c4b\" data-element_type=\"widget\" data-widget_type=\"icon-box.default\">\n\t\t\t\t<div class=\"elementor-widget-container\">\n\t\t\t\t\t<div class=\"elementor-icon-box-wrapper\">\n\t\t\t\t\t\t<div class=\"elementor-icon-box-icon\">\n\t\t\t\t<span class=\"elementor-icon elementor-animation-\" >\n\t\t\t\t<i aria-hidden=\"true\" class=\"fas fa-lock\"><\/i>\t\t\t\t<\/span>\n\t\t\t<\/div>\n\t\t\t\t\t\t<div class=\"elementor-icon-box-content\">\n\t\t\t\t<h3 class=\"elementor-icon-box-title\">\n\t\t\t\t\t<span >P\u00e1gina segura<\/span>\n\t\t\t\t<\/h3>\n\t\t\t\t\t\t\t\t<p class=\"elementor-icon-box-description\">Nuestra p\u00e1gina web utiliza el certificado SSL de la autoridad de certificaci\u00f3n <a href=\"https:\/\/letsencrypt.org\/\" target=\"_blank\">Let's Encrypt<\/a>, cuyo servicio es provisto por el <a href=\"https:\/\/www.abetterinternet.org\/\" target=\"_blank\">Internet Security Research Group (ISRG)<\/a>.<\/p>\n\t\t\t\t\t\t\t<\/div>\n\t\t<\/div>\n\t\t\t\t<\/div>\n\t\t\t\t<\/div>\n\t\t\t\t\t\t<\/div>\n\t\t\t\t\t<\/div>\n\t\t<\/div>\n\t\t\t\t\t\t\t\t<\/div>\n\t\t\t\t\t<\/div>\n\t\t<\/section>\n\t\t\t\t<section class=\"elementor-section elementor-top-section elementor-element elementor-element-232bb0 elementor-section-boxed elementor-section-height-default elementor-section-height-default\" data-id=\"232bb0\" data-element_type=\"section\">\n\t\t\t\t\t\t<div class=\"elementor-container elementor-column-gap-default\">\n\t\t\t\t\t\t\t<div class=\"elementor-row\">\n\t\t\t\t\t<div class=\"elementor-column elementor-col-33 elementor-top-column elementor-element elementor-element-23877faf\" data-id=\"23877faf\" data-element_type=\"column\">\n\t\t\t<div class=\"elementor-column-wrap\">\n\t\t\t\t\t\t\t<div class=\"elementor-widget-wrap\">\n\t\t\t\t\t\t\t\t<\/div>\n\t\t\t\t\t<\/div>\n\t\t<\/div>\n\t\t\t\t<div class=\"elementor-column elementor-col-33 elementor-top-column elementor-element elementor-element-088766b\" data-id=\"088766b\" data-element_type=\"column\">\n\t\t\t<div class=\"elementor-column-wrap elementor-element-populated\">\n\t\t\t\t\t\t\t<div class=\"elementor-widget-wrap\">\n\t\t\t\t\t\t<div class=\"elementor-element elementor-element-f2bf4de elementor-widget elementor-widget-shortcode\" data-id=\"f2bf4de\" data-element_type=\"widget\" data-widget_type=\"shortcode.default\">\n\t\t\t\t<div class=\"elementor-widget-container\">\n\t\t\t\t\t<div class=\"elementor-shortcode\"><div id=\"edd_checkout_wrap\"><span class=\"edd_empty_cart\">Tu carrito esta vac\u00edo.<\/span><\/div><!--end #edd_checkout_wrap--><\/div>\n\t\t\t\t<\/div>\n\t\t\t\t<\/div>\n\t\t\t\t\t\t<\/div>\n\t\t\t\t\t<\/div>\n\t\t<\/div>\n\t\t\t\t<div class=\"elementor-column elementor-col-33 elementor-top-column elementor-element elementor-element-e4c7463\" data-id=\"e4c7463\" data-element_type=\"column\">\n\t\t\t<div class=\"elementor-column-wrap\">\n\t\t\t\t\t\t\t<div class=\"elementor-widget-wrap\">\n\t\t\t\t\t\t\t\t<\/div>\n\t\t\t\t\t<\/div>\n\t\t<\/div>\n\t\t\t\t\t\t\t\t<\/div>\n\t\t\t\t\t<\/div>\n\t\t<\/section>\n\t\t\t\t\t\t<\/div>\n\t\t\t\t\t\t<\/div>\n\t\t\t\t\t<\/div>\n\t\t","protected":false},"excerpt":{"rendered":"<p>Finalizar compra de la formaci\u00f3n P\u00e1gina segura Nuestra p\u00e1gina web utiliza el certificado SSL de la autoridad de certificaci\u00f3n Let&#8217;s Encrypt, cuyo servicio es provisto por el Internet Security Research Group (ISRG).<\/p>\n","protected":false},"author":1,"featured_media":0,"parent":0,"menu_order":0,"comment_status":"closed","ping_status":"closed","template":"elementor_header_footer","meta":{"om_disable_all_campaigns":false,"_monsterinsights_skip_tracking":false,"_monsterinsights_sitenote_active":false,"_monsterinsights_sitenote_note":"","_monsterinsights_sitenote_category":0,"_genesis_hide_title":false,"_genesis_hide_breadcrumbs":false,"_genesis_hide_singular_image":false,"_genesis_hide_footer_widgets":false,"_genesis_custom_body_class":"","_genesis_custom_post_class":"","_genesis_layout":"","footnotes":""},"class_list":{"0":"post-773","1":"page","2":"type-page","3":"status-publish","5":"entry"},"aioseo_notices":[],"yoast_head":"<!-- This site is optimized with the Yoast SEO plugin v15.0 - https:\/\/yoast.com\/wordpress\/plugins\/seo\/ -->\n<title>Finalizar compra - Garc\u00eda Mar\u00ed Formaci\u00f3n<\/title>\n<meta name=\"robots\" content=\"noindex, follow\" \/>\n<meta property=\"og:locale\" content=\"es_ES\" \/>\n<meta property=\"og:type\" content=\"article\" \/>\n<meta property=\"og:title\" content=\"Finalizar compra - Garc\u00eda Mar\u00ed Formaci\u00f3n\" \/>\n<meta property=\"og:description\" content=\"Finalizar compra de la formaci\u00f3n P\u00e1gina segura Nuestra p\u00e1gina web utiliza el certificado SSL de la autoridad de certificaci\u00f3n Let&#8217;s Encrypt, cuyo servicio es provisto por el Internet Security Research Group (ISRG).\" \/>\n<meta property=\"og:url\" content=\"https:\/\/garciamariformacion.com\/es_es\/finalizar-compra\/\" \/>\n<meta property=\"og:site_name\" content=\"Garc\u00eda Mar\u00ed Formaci\u00f3n\" \/>\n<meta property=\"article:modified_time\" content=\"2020-07-25T10:36:46+00:00\" \/>\n<meta name=\"twitter:card\" content=\"summary_large_image\" \/>\n<script type=\"application\/ld+json\" class=\"yoast-schema-graph\">{\"@context\":\"https:\/\/schema.org\",\"@graph\":[{\"@type\":\"WebSite\",\"@id\":\"https:\/\/garciamariformacion.com\/es_es\/#website\",\"url\":\"https:\/\/garciamariformacion.com\/es_es\/\",\"name\":\"Garc\\u00eda Mar\\u00ed Formaci\\u00f3n\",\"description\":\"Especialistas en formaci\\u00f3n para dentistas.\",\"potentialAction\":[{\"@type\":\"SearchAction\",\"target\":\"https:\/\/garciamariformacion.com\/es_es\/?s={search_term_string}\",\"query-input\":\"required name=search_term_string\"}],\"inLanguage\":\"es\"},{\"@type\":\"WebPage\",\"@id\":\"https:\/\/garciamariformacion.com\/es_es\/finalizar-compra\/#webpage\",\"url\":\"https:\/\/garciamariformacion.com\/es_es\/finalizar-compra\/\",\"name\":\"Finalizar compra - Garc\\u00eda Mar\\u00ed Formaci\\u00f3n\",\"isPartOf\":{\"@id\":\"https:\/\/garciamariformacion.com\/es_es\/#website\"},\"datePublished\":\"2020-06-29T15:47:55+00:00\",\"dateModified\":\"2020-07-25T10:36:46+00:00\",\"inLanguage\":\"es\",\"potentialAction\":[{\"@type\":\"ReadAction\",\"target\":[\"https:\/\/garciamariformacion.com\/es_es\/finalizar-compra\/\"]}]}]}<\/script>\n<!-- \/ Yoast SEO plugin. -->","_links":{"self":[{"href":"https:\/\/garciamariformacion.com\/es_es\/wp-json\/wp\/v2\/pages\/773"}],"collection":[{"href":"https:\/\/garciamariformacion.com\/es_es\/wp-json\/wp\/v2\/pages"}],"about":[{"href":"https:\/\/garciamariformacion.com\/es_es\/wp-json\/wp\/v2\/types\/page"}],"author":[{"embeddable":true,"href":"https:\/\/garciamariformacion.com\/es_es\/wp-json\/wp\/v2\/users\/1"}],"replies":[{"embeddable":true,"href":"https:\/\/garciamariformacion.com\/es_es\/wp-json\/wp\/v2\/comments?post=773"}],"version-history":[{"count":0,"href":"https:\/\/garciamariformacion.com\/es_es\/wp-json\/wp\/v2\/pages\/773\/revisions"}],"wp:attachment":[{"href":"https:\/\/garciamariformacion.com\/es_es\/wp-json\/wp\/v2\/media?parent=773"}],"curies":[{"name":"wp","href":"https:\/\/api.w.org\/{rel}","templated":true}]}}