{"id":74,"date":"2020-05-12T07:17:57","date_gmt":"2020-05-12T07:17:57","guid":{"rendered":"http:\/\/huertali-cp85.wordpresstemporal.com\/gmari\/?page_id=74"},"modified":"2023-01-30T11:58:26","modified_gmt":"2023-01-30T11:58:26","slug":"periodoncia-e-implantes-dentales","status":"publish","type":"page","link":"https:\/\/garciamariformacion.com\/es_es\/profesionales\/cursos-de-odontologia\/cursos-para-higienistas-dentales\/periodoncia-e-implantes-dentales\/","title":{"rendered":"Curso intensivo en Periodoncia e implantes dentales"},"content":{"rendered":"\t\t<div data-elementor-type=\"wp-page\" data-elementor-id=\"74\" class=\"elementor elementor-74\" data-elementor-settings=\"[]\">\n\t\t\t\t\t\t<div class=\"elementor-inner\">\n\t\t\t\t\t\t\t<div class=\"elementor-section-wrap\">\n\t\t\t\t\t\t\t<section class=\"elementor-section elementor-top-section elementor-element elementor-element-e13cc00 elementor-section-stretched elementor-section-boxed elementor-section-height-default elementor-section-height-default\" data-id=\"e13cc00\" data-element_type=\"section\" data-settings=\"{&quot;stretch_section&quot;:&quot;section-stretched&quot;}\">\n\t\t\t\t\t\t<div class=\"elementor-container elementor-column-gap-default\">\n\t\t\t\t\t\t\t<div class=\"elementor-row\">\n\t\t\t\t\t<div class=\"elementor-column elementor-col-66 elementor-top-column elementor-element elementor-element-5d55a43\" data-id=\"5d55a43\" data-element_type=\"column\">\n\t\t\t<div class=\"elementor-column-wrap elementor-element-populated\">\n\t\t\t\t\t\t\t<div class=\"elementor-widget-wrap\">\n\t\t\t\t\t\t<div class=\"elementor-element elementor-element-e4efa8b elementor-widget elementor-widget-heading\" data-id=\"e4efa8b\" data-element_type=\"widget\" data-widget_type=\"heading.default\">\n\t\t\t\t<div class=\"elementor-widget-container\">\n\t\t\t<h2 class=\"elementor-heading-title elementor-size-default\">Curso intensivo para higienistas dentales:<\/h2>\t\t<\/div>\n\t\t\t\t<\/div>\n\t\t\t\t<div class=\"elementor-element elementor-element-02eb917 elementor-widget elementor-widget-heading\" data-id=\"02eb917\" data-element_type=\"widget\" data-widget_type=\"heading.default\">\n\t\t\t\t<div class=\"elementor-widget-container\">\n\t\t\t<h2 class=\"elementor-heading-title elementor-size-default\">Periodoncia e implantes dentales<\/h2>\t\t<\/div>\n\t\t\t\t<\/div>\n\t\t\t\t<div class=\"elementor-element elementor-element-ee1a5a1 elementor-widget elementor-widget-text-editor\" data-id=\"ee1a5a1\" data-element_type=\"widget\" data-widget_type=\"text-editor.default\">\n\t\t\t\t<div class=\"elementor-widget-container\">\n\t\t\t\t\t\t\t\t<div class=\"elementor-text-editor elementor-clearfix\">\n\t\t\t\t\t<p><span style=\"font-weight: 400;\">Los cursos intensivos son una manera pr\u00e1ctica y eficaz de acercarse a las t\u00e9cnicas m\u00e1s innovadoras.<\/span> <span style=\"font-weight: 400;\">Este curso pretende dar respuesta a la alta demanda formativa por parte de higienistas dentales en la especialidad de Periodoncia, haciendo un recorrido por las t\u00e9cnicas, protocolos y procedimientos m\u00e1s relevantes.<\/span><\/p><p><span style=\"font-weight: 400;\">Hoy en d\u00eda los pacientes periodontales como un mantenimiento correcto pueden llevar implantes dentales, siempre y cuando acudan a sus revisiones y se comprometan a mantener su salud oral. Por eso abordaremos este aspecto, y\u00a0 la labor del higienista dental en la motivaci\u00f3n y mantenimiento de la salud periodontal del paciente.\u00a0<\/span><\/p>\t\t\t\t\t<\/div>\n\t\t\t\t\t\t<\/div>\n\t\t\t\t<\/div>\n\t\t\t\t<div class=\"elementor-element elementor-element-0783831 elementor-widget elementor-widget-accordion\" data-id=\"0783831\" data-element_type=\"widget\" data-widget_type=\"accordion.default\">\n\t\t\t\t<div class=\"elementor-widget-container\">\n\t\t\t\t\t<div class=\"elementor-accordion\" role=\"tablist\">\n\t\t\t\t\t\t\t<div class=\"elementor-accordion-item\">\n\t\t\t\t\t<div id=\"elementor-tab-title-7871\" class=\"elementor-tab-title\" data-tab=\"1\" role=\"tab\" aria-controls=\"elementor-tab-content-7871\" aria-expanded=\"false\">\n\t\t\t\t\t\t\t\t\t\t\t\t\t<span class=\"elementor-accordion-icon elementor-accordion-icon-left\" aria-hidden=\"true\">\n\t\t\t\t\t\t\t\t\t\t\t\t\t\t\t<span class=\"elementor-accordion-icon-closed\"><i class=\"fas fa-plus\"><\/i><\/span>\n\t\t\t\t\t\t\t\t<span class=\"elementor-accordion-icon-opened\"><i class=\"fas fa-minus\"><\/i><\/span>\n\t\t\t\t\t\t\t\t\t\t\t\t\t\t<\/span>\n\t\t\t\t\t\t\t\t\t\t\t\t<a class=\"elementor-accordion-title\" href=\"\">Descripci\u00f3n del curso<\/a>\n\t\t\t\t\t<\/div>\n\t\t\t\t\t<div id=\"elementor-tab-content-7871\" class=\"elementor-tab-content elementor-clearfix\" data-tab=\"1\" role=\"tabpanel\" aria-labelledby=\"elementor-tab-title-7871\"><p><span style=\"font-weight: 400;\">El\u00a0 curso es eminentemente pr\u00e1ctico y est\u00e1 orientado a higienistas dentales con o sin experiencia previa en la especialidad, ya que nos adaptamos a sus necesidades y conocimientos previos. Se explicar\u00e1n y practicar\u00e1n las t\u00e9cnicas y procedimientos que son competencia de esta profesi\u00f3n: toma de \u00edndices y Periodontograma, curetaje, raspado y alisado radicular, etc.\u00a0 Adem\u00e1s se abordar\u00e1 el tratamiento con implantes dentales en pacientes periodontales:\u00a0 t\u00e9cnicas de mantenimiento periodontal para pacientes con implantes, prevenci\u00f3n y tratamiento de la periimplantitis.<\/span><\/p><p><span style=\"font-weight: 400;\">Los participantes tendr\u00e1n la oportunidad de poder practicar estas t\u00e9cnicas primero en fantomas periodontales y tambi\u00e9n entre ellos mismos, en\u00a0 fantomas con implantes y pr\u00f3tesis,\u00a0 y de hacer uso de\u00a0 instrumentos de pulido, etc.\u00a0 ***Excepcionalmente y si las circunstancias lo permiten, se podr\u00e1 practicar con pacientes\u00a0<\/span><\/p><p><span style=\"font-weight: 400;\">Todo esto se realizar\u00e1 en un total de 16 horas lectivas, distribuidas en dos fines de semana. Los viernes en horario de tarde\u00a0 y los s\u00e1bados en horario de ma\u00f1ana.\u00a0<\/span><\/p><\/div>\n\t\t\t\t<\/div>\n\t\t\t\t\t\t\t<div class=\"elementor-accordion-item\">\n\t\t\t\t\t<div id=\"elementor-tab-title-7872\" class=\"elementor-tab-title\" data-tab=\"2\" role=\"tab\" aria-controls=\"elementor-tab-content-7872\" aria-expanded=\"false\">\n\t\t\t\t\t\t\t\t\t\t\t\t\t<span class=\"elementor-accordion-icon elementor-accordion-icon-left\" aria-hidden=\"true\">\n\t\t\t\t\t\t\t\t\t\t\t\t\t\t\t<span class=\"elementor-accordion-icon-closed\"><i class=\"fas fa-plus\"><\/i><\/span>\n\t\t\t\t\t\t\t\t<span class=\"elementor-accordion-icon-opened\"><i class=\"fas fa-minus\"><\/i><\/span>\n\t\t\t\t\t\t\t\t\t\t\t\t\t\t<\/span>\n\t\t\t\t\t\t\t\t\t\t\t\t<a class=\"elementor-accordion-title\" href=\"\">Objetivos del curso<\/a>\n\t\t\t\t\t<\/div>\n\t\t\t\t\t<div id=\"elementor-tab-content-7872\" class=\"elementor-tab-content elementor-clearfix\" data-tab=\"2\" role=\"tabpanel\" aria-labelledby=\"elementor-tab-title-7872\"><p><span style=\"font-weight: 400;\">El curso pretende ofrecer un protocolo de abordaje eficaz y seguro de las enfermedades periodontales y su prevenci\u00f3n, dise\u00f1ado exclusivamente\u00a0 para el\/ la\u00a0 higienista dental. Este curso capacitar\u00e1 para realizar estas tareas de manera aut\u00f3noma, siempre bajo la supervisi\u00f3n del facultativo.\u00a0 Ideal tanto para profesionales que ya poseen conocimientos previos como para los que parten de cero. <\/span><\/p><\/div>\n\t\t\t\t<\/div>\n\t\t\t\t\t\t\t<div class=\"elementor-accordion-item\">\n\t\t\t\t\t<div id=\"elementor-tab-title-7873\" class=\"elementor-tab-title\" data-tab=\"3\" role=\"tab\" aria-controls=\"elementor-tab-content-7873\" aria-expanded=\"false\">\n\t\t\t\t\t\t\t\t\t\t\t\t\t<span class=\"elementor-accordion-icon elementor-accordion-icon-left\" aria-hidden=\"true\">\n\t\t\t\t\t\t\t\t\t\t\t\t\t\t\t<span class=\"elementor-accordion-icon-closed\"><i class=\"fas fa-plus\"><\/i><\/span>\n\t\t\t\t\t\t\t\t<span class=\"elementor-accordion-icon-opened\"><i class=\"fas fa-minus\"><\/i><\/span>\n\t\t\t\t\t\t\t\t\t\t\t\t\t\t<\/span>\n\t\t\t\t\t\t\t\t\t\t\t\t<a class=\"elementor-accordion-title\" href=\"\">Qu\u00e9 incluye el curso<\/a>\n\t\t\t\t\t<\/div>\n\t\t\t\t\t<div id=\"elementor-tab-content-7873\" class=\"elementor-tab-content elementor-clearfix\" data-tab=\"3\" role=\"tabpanel\" aria-labelledby=\"elementor-tab-title-7873\"><p>Diagn\u00f3stico periodontal y su nueva clasificaci\u00f3n.<br \/>Sondaje periodontal y periodontograma: realizaci\u00f3n<br \/>de un correcto estudio periodontal.<\/p><p><br \/>Tratamiento periodontal: Distintas t\u00e9cnicas de RAR<br \/>(Parcial, FMD&#8230;), Diferencia entre RAR y curetaje.<\/p><p><br \/>Terapias complementarias hechas por higienistas:<br \/>toma de cultivos biol\u00f3gicos, uso de aeropulidores,<br \/>spray de bicarbonato, y nuevas tecnolog\u00edas.<\/p><p><br \/>Introducci\u00f3n a los implantes: tipos de implantes, tipos<br \/>de pr\u00f3tesis sobre implantes y aditamentos.<\/p><p><br \/>Pacientes con enfermedad periodontal e implantes<br \/>dentales: protocolos de mantenimiento.<\/p><p><br \/>Tratamiento de la mucositis y periimplantitis y su<br \/>prevenci\u00f3n: protocolo de desmontado correcto y<br \/>limpieza de una pr\u00f3tesis sobre implantes, pulido de<br \/>superficies, spray.<\/p><p><br \/>Pr\u00e1ctica en fantoma periodontal y con paciente real<\/p><\/div>\n\t\t\t\t<\/div>\n\t\t\t\t\t\t\t<div class=\"elementor-accordion-item\">\n\t\t\t\t\t<div id=\"elementor-tab-title-7874\" class=\"elementor-tab-title\" data-tab=\"4\" role=\"tab\" aria-controls=\"elementor-tab-content-7874\" aria-expanded=\"false\">\n\t\t\t\t\t\t\t\t\t\t\t\t\t<span class=\"elementor-accordion-icon elementor-accordion-icon-left\" aria-hidden=\"true\">\n\t\t\t\t\t\t\t\t\t\t\t\t\t\t\t<span class=\"elementor-accordion-icon-closed\"><i class=\"fas fa-plus\"><\/i><\/span>\n\t\t\t\t\t\t\t\t<span class=\"elementor-accordion-icon-opened\"><i class=\"fas fa-minus\"><\/i><\/span>\n\t\t\t\t\t\t\t\t\t\t\t\t\t\t<\/span>\n\t\t\t\t\t\t\t\t\t\t\t\t<a class=\"elementor-accordion-title\" href=\"\">Horario<\/a>\n\t\t\t\t\t<\/div>\n\t\t\t\t\t<div id=\"elementor-tab-content-7874\" class=\"elementor-tab-content elementor-clearfix\" data-tab=\"4\" role=\"tabpanel\" aria-labelledby=\"elementor-tab-title-7874\"><p>Teor\u00eda: Acceso ilimitado a teor\u00eda online<\/p><p>Pr\u00e1ctica: 1 Sesi\u00f3n presencial<br \/>de 10,00 a 16,00 horas<\/p><\/div>\n\t\t\t\t<\/div>\n\t\t\t\t\t\t\t<div class=\"elementor-accordion-item\">\n\t\t\t\t\t<div id=\"elementor-tab-title-7875\" class=\"elementor-tab-title\" data-tab=\"5\" role=\"tab\" aria-controls=\"elementor-tab-content-7875\" aria-expanded=\"false\">\n\t\t\t\t\t\t\t\t\t\t\t\t\t<span class=\"elementor-accordion-icon elementor-accordion-icon-left\" aria-hidden=\"true\">\n\t\t\t\t\t\t\t\t\t\t\t\t\t\t\t<span class=\"elementor-accordion-icon-closed\"><i class=\"fas fa-plus\"><\/i><\/span>\n\t\t\t\t\t\t\t\t<span class=\"elementor-accordion-icon-opened\"><i class=\"fas fa-minus\"><\/i><\/span>\n\t\t\t\t\t\t\t\t\t\t\t\t\t\t<\/span>\n\t\t\t\t\t\t\t\t\t\t\t\t<a class=\"elementor-accordion-title\" href=\"\">Lugar<\/a>\n\t\t\t\t\t<\/div>\n\t\t\t\t\t<div id=\"elementor-tab-content-7875\" class=\"elementor-tab-content elementor-clearfix\" data-tab=\"5\" role=\"tabpanel\" aria-labelledby=\"elementor-tab-title-7875\"><p><strong>CED Garc\u00eda Mar\u00ed, Santa Cruz de Tenerife<\/strong><br \/>C\/ Prolongaci\u00f3n Ram\u00f3n y Cajal, 13, local 4<br \/>38003, Santa Cruz de Tenerife<\/p><\/div>\n\t\t\t\t<\/div>\n\t\t\t\t\t\t\t\t<\/div>\n\t\t\t\t<\/div>\n\t\t\t\t<\/div>\n\t\t\t\t<section class=\"elementor-section elementor-inner-section elementor-element elementor-element-8430b91 elementor-section-boxed elementor-section-height-default elementor-section-height-default\" data-id=\"8430b91\" data-element_type=\"section\">\n\t\t\t\t\t\t<div class=\"elementor-container elementor-column-gap-default\">\n\t\t\t\t\t\t\t<div class=\"elementor-row\">\n\t\t\t\t\t<div class=\"elementor-column elementor-col-33 elementor-inner-column elementor-element elementor-element-f73744e\" data-id=\"f73744e\" data-element_type=\"column\">\n\t\t\t<div class=\"elementor-column-wrap elementor-element-populated\">\n\t\t\t\t\t\t\t<div class=\"elementor-widget-wrap\">\n\t\t\t\t\t\t<div class=\"elementor-element elementor-element-1f3ba6d elementor-widget elementor-widget-image\" data-id=\"1f3ba6d\" data-element_type=\"widget\" data-widget_type=\"image.default\">\n\t\t\t\t<div class=\"elementor-widget-container\">\n\t\t\t\t\t\t\t\t<div class=\"elementor-image\">\n\t\t\t\t\t\t\t\t\t\t\t\t<img loading=\"lazy\" decoding=\"async\" width=\"711\" height=\"815\" src=\"https:\/\/garciamariformacion.com\/wp-content\/uploads\/2020\/05\/Dr-Luis-Garci\u0301a-Mari\u0301.jpg\" class=\"attachment-large size-large\" alt=\"Luis Garc\u00eda Mar\u00ed odont\u00f3logo de la Cl\u00ednica dental en Tenerife Garc\u00eda Mar\u00ed\" srcset=\"https:\/\/garciamariformacion.com\/wp-content\/uploads\/2020\/05\/Dr-Luis-Garci\u0301a-Mari\u0301.jpg 711w, https:\/\/garciamariformacion.com\/wp-content\/uploads\/2020\/05\/Dr-Luis-Garci\u0301a-Mari\u0301-262x300.jpg 262w\" sizes=\"(max-width: 711px) 100vw, 711px\" \/>\t\t\t\t\t\t\t\t\t\t\t\t\t\t<\/div>\n\t\t\t\t\t\t<\/div>\n\t\t\t\t<\/div>\n\t\t\t\t\t\t<\/div>\n\t\t\t\t\t<\/div>\n\t\t<\/div>\n\t\t\t\t<div class=\"elementor-column elementor-col-66 elementor-inner-column elementor-element elementor-element-4611735\" data-id=\"4611735\" data-element_type=\"column\">\n\t\t\t<div class=\"elementor-column-wrap elementor-element-populated\">\n\t\t\t\t\t\t\t<div class=\"elementor-widget-wrap\">\n\t\t\t\t\t\t<div class=\"elementor-element elementor-element-006950b elementor-widget elementor-widget-heading\" data-id=\"006950b\" data-element_type=\"widget\" data-widget_type=\"heading.default\">\n\t\t\t\t<div class=\"elementor-widget-container\">\n\t\t\t<h2 class=\"elementor-heading-title elementor-size-default\">Dr. Luis Garc\u00eda Mar\u00ed<\/h2>\t\t<\/div>\n\t\t\t\t<\/div>\n\t\t\t\t<div class=\"elementor-element elementor-element-1fae92b elementor-widget-divider--view-line elementor-widget elementor-widget-divider\" data-id=\"1fae92b\" data-element_type=\"widget\" data-widget_type=\"divider.default\">\n\t\t\t\t<div class=\"elementor-widget-container\">\n\t\t\t\t\t<div class=\"elementor-divider\">\n\t\t\t<span class=\"elementor-divider-separator\">\n\t\t\t\t\t\t<\/span>\n\t\t<\/div>\n\t\t\t\t<\/div>\n\t\t\t\t<\/div>\n\t\t\t\t<div class=\"elementor-element elementor-element-8b111d2 elementor-widget elementor-widget-accordion\" data-id=\"8b111d2\" data-element_type=\"widget\" data-widget_type=\"accordion.default\">\n\t\t\t\t<div class=\"elementor-widget-container\">\n\t\t\t\t\t<div class=\"elementor-accordion\" role=\"tablist\">\n\t\t\t\t\t\t\t<div class=\"elementor-accordion-item\">\n\t\t\t\t\t<div id=\"elementor-tab-title-1451\" class=\"elementor-tab-title\" data-tab=\"1\" role=\"tab\" aria-controls=\"elementor-tab-content-1451\" aria-expanded=\"false\">\n\t\t\t\t\t\t\t\t\t\t\t\t\t<span class=\"elementor-accordion-icon elementor-accordion-icon-right\" aria-hidden=\"true\">\n\t\t\t\t\t\t\t\t\t\t\t\t\t\t\t<span class=\"elementor-accordion-icon-closed\"><i class=\"fas fa-angle-down\"><\/i><\/span>\n\t\t\t\t\t\t\t\t<span class=\"elementor-accordion-icon-opened\"><i class=\"fas fa-angle-up\"><\/i><\/span>\n\t\t\t\t\t\t\t\t\t\t\t\t\t\t<\/span>\n\t\t\t\t\t\t\t\t\t\t\t\t<a class=\"elementor-accordion-title\" href=\"\">Especialista en cirug\u00edas de alta complejidad<\/a>\n\t\t\t\t\t<\/div>\n\t\t\t\t\t<div id=\"elementor-tab-content-1451\" class=\"elementor-tab-content elementor-clearfix\" data-tab=\"1\" role=\"tabpanel\" aria-labelledby=\"elementor-tab-title-1451\"><ul style=\"color: #333333;\"><li>Licenciado en Odontolog\u00eda. Universidad de Murcia, 2002.<\/li><li>Master en Periodoncia. Universidad Par\u00eds, 2005.<\/li><li>Especialista en Periodoncia. Universidad Maim\u00f3nides de Buenos Aires, 2006.<\/li><li>Continuing Dental Education program in Implantology, cosmetic and Oral rehabilitation. New York University, 2007.<\/li><li>Especialista en Cirug\u00eda y Rehabilitaci\u00f3n Implantol\u00f3gica. Universidad de Sevilla, 2014.<\/li><li>Experto en Implantes Zigom\u00e1ticos. Universidad de L\u00e9rida, 2015.<\/li><li>Advanced Surgical Master Curriculum in Regenerative Implant Dentistry Istvan Urban Institute. University of Szeged (Hungary), 2018.<\/li><li>Dictante de numerosos curso nacionales e internacionales de regeneraci\u00f3n, uso de biomateriales y t\u00e9cnicas de elevaci\u00f3n de seno.<\/li><\/ul><\/div>\n\t\t\t\t<\/div>\n\t\t\t\t\t\t\t\t<\/div>\n\t\t\t\t<\/div>\n\t\t\t\t<\/div>\n\t\t\t\t\t\t<\/div>\n\t\t\t\t\t<\/div>\n\t\t<\/div>\n\t\t\t\t\t\t\t\t<\/div>\n\t\t\t\t\t<\/div>\n\t\t<\/section>\n\t\t\t\t\t\t<\/div>\n\t\t\t\t\t<\/div>\n\t\t<\/div>\n\t\t\t\t<div class=\"elementor-column elementor-col-33 elementor-top-column elementor-element elementor-element-07b09d2\" data-id=\"07b09d2\" data-element_type=\"column\" data-settings=\"{&quot;background_background&quot;:&quot;classic&quot;}\">\n\t\t\t<div class=\"elementor-column-wrap elementor-element-populated\">\n\t\t\t\t\t\t\t<div class=\"elementor-widget-wrap\">\n\t\t\t\t\t\t<div class=\"elementor-element elementor-element-d2d8cac elementor-cta--skin-classic elementor-animated-content elementor-bg-transform elementor-bg-transform-zoom-in elementor-widget elementor-widget-call-to-action\" data-id=\"d2d8cac\" data-element_type=\"widget\" data-settings=\"{&quot;sticky&quot;:&quot;top&quot;,&quot;sticky_offset&quot;:100,&quot;sticky_on&quot;:[&quot;desktop&quot;],&quot;sticky_effects_offset&quot;:0}\" data-widget_type=\"call-to-action.default\">\n\t\t\t\t<div class=\"elementor-widget-container\">\n\t\t\t\t\t<div  class=\"elementor-cta\">\n\t\t\t\t\t\t\t<div class=\"elementor-cta__content\">\n\t\t\t\t\n\t\t\t\t\n\t\t\t\t\t\t\t\t\t<div class=\"elementor-cta__description elementor-cta__content-item elementor-content-item\">\n\t\t\t\t\t\t<strong>Fecha pr\u00f3xima edici\u00f3n:<\/strong> 4 de febrero 2023\n<\/br>\n<strong>Precio:<\/strong> 300,00\u20ac\t\t\t\t\t<\/div>\n\t\t\t\t\n\t\t\t\t\t\t\t\t\t<div class=\"elementor-cta__button-wrapper elementor-cta__content-item elementor-content-item \">\n\t\t\t\t\t<a class=\"elementor-cta__button elementor-button elementor-size-sm\" href=\"https:\/\/garciamariformacion.com\/checkout?edd_action=add_to_cart&#038;download_id=3272\">\n\t\t\t\t\t\tReservar plaza\t\t\t\t\t<\/a>\n\t\t\t\t\t<\/div>\n\t\t\t\t\t\t\t<\/div>\n\t\t\t\t\t\t<\/div>\n\t\t\t\t<\/div>\n\t\t\t\t<\/div>\n\t\t\t\t\t\t<\/div>\n\t\t\t\t\t<\/div>\n\t\t<\/div>\n\t\t\t\t\t\t\t\t<\/div>\n\t\t\t\t\t<\/div>\n\t\t<\/section>\n\t\t\t\t\t\t<\/div>\n\t\t\t\t\t\t<\/div>\n\t\t\t\t\t<\/div>\n\t\t","protected":false},"excerpt":{"rendered":"<p>Curso intensivo para higienistas dentales: Periodoncia e implantes dentales Los cursos intensivos son una manera pr\u00e1ctica y eficaz de acercarse a las t\u00e9cnicas m\u00e1s innovadoras. Este curso pretende dar respuesta a la alta demanda formativa por parte de higienistas dentales en la especialidad de Periodoncia, haciendo un recorrido por las t\u00e9cnicas, protocolos y procedimientos m\u00e1s [&hellip;]<\/p>\n","protected":false},"author":1,"featured_media":0,"parent":72,"menu_order":0,"comment_status":"closed","ping_status":"closed","template":"elementor_header_footer","meta":{"om_disable_all_campaigns":false,"_monsterinsights_skip_tracking":false,"_monsterinsights_sitenote_active":false,"_monsterinsights_sitenote_note":"","_monsterinsights_sitenote_category":0,"_genesis_hide_title":false,"_genesis_hide_breadcrumbs":false,"_genesis_hide_singular_image":false,"_genesis_hide_footer_widgets":false,"_genesis_custom_body_class":"","_genesis_custom_post_class":"","_genesis_layout":"","footnotes":""},"class_list":{"0":"post-74","1":"page","2":"type-page","3":"status-publish","5":"entry"},"aioseo_notices":[],"yoast_head":"<!-- This site is optimized with the Yoast SEO plugin v15.0 - https:\/\/yoast.com\/wordpress\/plugins\/seo\/ -->\n<title>Curso de periodoncia e implantes dentales para higienistas dentales<\/title>\n<meta name=\"description\" content=\"Curso intensivo de periodoncia e implantes dentales en el que se har\u00e1 un recorrido por las t\u00e9cnicas, protocolos y procedimientos m\u00e1s relevantes.\" \/>\n<meta name=\"robots\" content=\"index, follow, max-snippet:-1, max-image-preview:large, max-video-preview:-1\" \/>\n<link rel=\"canonical\" href=\"https:\/\/garciamariformacion.com\/es_es\/profesionales\/cursos-de-odontologia\/cursos-para-higienistas-dentales\/periodoncia-e-implantes-dentales\/\" \/>\n<meta property=\"og:locale\" content=\"es_ES\" \/>\n<meta property=\"og:type\" content=\"article\" \/>\n<meta property=\"og:title\" content=\"Curso de periodoncia e implantes dentales para higienistas dentales\" \/>\n<meta property=\"og:description\" content=\"Curso intensivo de periodoncia e implantes dentales en el que se har\u00e1 un recorrido por las t\u00e9cnicas, protocolos y procedimientos m\u00e1s relevantes.\" \/>\n<meta property=\"og:url\" content=\"https:\/\/garciamariformacion.com\/es_es\/profesionales\/cursos-de-odontologia\/cursos-para-higienistas-dentales\/periodoncia-e-implantes-dentales\/\" \/>\n<meta property=\"og:site_name\" content=\"Garc\u00eda Mar\u00ed Formaci\u00f3n\" \/>\n<meta property=\"article:modified_time\" content=\"2023-01-30T11:58:26+00:00\" \/>\n<meta property=\"og:image\" content=\"https:\/\/garciamariformacion.com\/wp-content\/uploads\/2020\/05\/Dr-Luis-Garci\u0301a-Mari\u0301.jpg\" \/>\n<meta name=\"twitter:card\" content=\"summary_large_image\" \/>\n<script type=\"application\/ld+json\" class=\"yoast-schema-graph\">{\"@context\":\"https:\/\/schema.org\",\"@graph\":[{\"@type\":\"WebSite\",\"@id\":\"https:\/\/garciamariformacion.com\/es_es\/#website\",\"url\":\"https:\/\/garciamariformacion.com\/es_es\/\",\"name\":\"Garc\\u00eda Mar\\u00ed Formaci\\u00f3n\",\"description\":\"Especialistas en formaci\\u00f3n para dentistas.\",\"potentialAction\":[{\"@type\":\"SearchAction\",\"target\":\"https:\/\/garciamariformacion.com\/es_es\/?s={search_term_string}\",\"query-input\":\"required name=search_term_string\"}],\"inLanguage\":\"es\"},{\"@type\":\"ImageObject\",\"@id\":\"https:\/\/garciamariformacion.com\/es_es\/profesionales\/cursos-de-odontologia\/cursos-para-higienistas-dentales\/periodoncia-e-implantes-dentales\/#primaryimage\",\"inLanguage\":\"es\",\"url\":\"https:\/\/garciamariformacion.com\/wp-content\/uploads\/2020\/05\/Dr-Luis-Garci\\u0301a-Mari\\u0301.jpg\",\"width\":711,\"height\":815,\"caption\":\"Luis Garc\\u00eda Mar\\u00ed odont\\u00f3logo de la Cl\\u00ednica dental en Tenerife Garc\\u00eda Mar\\u00ed\"},{\"@type\":\"WebPage\",\"@id\":\"https:\/\/garciamariformacion.com\/es_es\/profesionales\/cursos-de-odontologia\/cursos-para-higienistas-dentales\/periodoncia-e-implantes-dentales\/#webpage\",\"url\":\"https:\/\/garciamariformacion.com\/es_es\/profesionales\/cursos-de-odontologia\/cursos-para-higienistas-dentales\/periodoncia-e-implantes-dentales\/\",\"name\":\"Curso de periodoncia e implantes dentales para higienistas dentales\",\"isPartOf\":{\"@id\":\"https:\/\/garciamariformacion.com\/es_es\/#website\"},\"primaryImageOfPage\":{\"@id\":\"https:\/\/garciamariformacion.com\/es_es\/profesionales\/cursos-de-odontologia\/cursos-para-higienistas-dentales\/periodoncia-e-implantes-dentales\/#primaryimage\"},\"datePublished\":\"2020-05-12T07:17:57+00:00\",\"dateModified\":\"2023-01-30T11:58:26+00:00\",\"description\":\"Curso intensivo de periodoncia e implantes dentales en el que se har\\u00e1 un recorrido por las t\\u00e9cnicas, protocolos y procedimientos m\\u00e1s relevantes.\",\"inLanguage\":\"es\",\"potentialAction\":[{\"@type\":\"ReadAction\",\"target\":[\"https:\/\/garciamariformacion.com\/es_es\/profesionales\/cursos-de-odontologia\/cursos-para-higienistas-dentales\/periodoncia-e-implantes-dentales\/\"]}]}]}<\/script>\n<!-- \/ Yoast SEO plugin. -->","_links":{"self":[{"href":"https:\/\/garciamariformacion.com\/es_es\/wp-json\/wp\/v2\/pages\/74"}],"collection":[{"href":"https:\/\/garciamariformacion.com\/es_es\/wp-json\/wp\/v2\/pages"}],"about":[{"href":"https:\/\/garciamariformacion.com\/es_es\/wp-json\/wp\/v2\/types\/page"}],"author":[{"embeddable":true,"href":"https:\/\/garciamariformacion.com\/es_es\/wp-json\/wp\/v2\/users\/1"}],"replies":[{"embeddable":true,"href":"https:\/\/garciamariformacion.com\/es_es\/wp-json\/wp\/v2\/comments?post=74"}],"version-history":[{"count":0,"href":"https:\/\/garciamariformacion.com\/es_es\/wp-json\/wp\/v2\/pages\/74\/revisions"}],"up":[{"embeddable":true,"href":"https:\/\/garciamariformacion.com\/es_es\/wp-json\/wp\/v2\/pages\/72"}],"wp:attachment":[{"href":"https:\/\/garciamariformacion.com\/es_es\/wp-json\/wp\/v2\/media?parent=74"}],"curies":[{"name":"wp","href":"https:\/\/api.w.org\/{rel}","templated":true}]}}