{"id":62,"date":"2020-05-12T07:14:30","date_gmt":"2020-05-12T07:14:30","guid":{"rendered":"http:\/\/huertali-cp85.wordpresstemporal.com\/gmari\/?page_id=62"},"modified":"2021-10-08T12:11:38","modified_gmt":"2021-10-08T12:11:38","slug":"implantes-dentales-cad-cam","status":"publish","type":"page","link":"https:\/\/garciamariformacion.com\/es_es\/profesionales\/cursos-de-odontologia\/implantes-dentales-cad-cam\/","title":{"rendered":"Estancia cl\u00ednica Implantes dentales CAD-CAM"},"content":{"rendered":"\t\t<div data-elementor-type=\"wp-page\" data-elementor-id=\"62\" class=\"elementor elementor-62\" data-elementor-settings=\"[]\">\n\t\t\t\t\t\t<div class=\"elementor-inner\">\n\t\t\t\t\t\t\t<div class=\"elementor-section-wrap\">\n\t\t\t\t\t\t\t<section class=\"elementor-section elementor-top-section elementor-element elementor-element-254dad53 elementor-section-stretched elementor-section-boxed elementor-section-height-default elementor-section-height-default\" data-id=\"254dad53\" data-element_type=\"section\" data-settings=\"{&quot;stretch_section&quot;:&quot;section-stretched&quot;}\">\n\t\t\t\t\t\t<div class=\"elementor-container elementor-column-gap-default\">\n\t\t\t\t\t\t\t<div class=\"elementor-row\">\n\t\t\t\t\t<div class=\"elementor-column elementor-col-66 elementor-top-column elementor-element elementor-element-244b5249\" data-id=\"244b5249\" data-element_type=\"column\">\n\t\t\t<div class=\"elementor-column-wrap elementor-element-populated\">\n\t\t\t\t\t\t\t<div class=\"elementor-widget-wrap\">\n\t\t\t\t\t\t<div class=\"elementor-element elementor-element-1213fc92 elementor-widget elementor-widget-heading\" data-id=\"1213fc92\" data-element_type=\"widget\" data-widget_type=\"heading.default\">\n\t\t\t\t<div class=\"elementor-widget-container\">\n\t\t\t<h2 class=\"elementor-heading-title elementor-size-default\">Estancia cl\u00ednica con pacientes:<\/h2>\t\t<\/div>\n\t\t\t\t<\/div>\n\t\t\t\t<div class=\"elementor-element elementor-element-629a1c25 elementor-widget elementor-widget-heading\" data-id=\"629a1c25\" data-element_type=\"widget\" data-widget_type=\"heading.default\">\n\t\t\t\t<div class=\"elementor-widget-container\">\n\t\t\t<h2 class=\"elementor-heading-title elementor-size-default\">Implantes dentales CAD-CAM<\/h2>\t\t<\/div>\n\t\t\t\t<\/div>\n\t\t\t\t<div class=\"elementor-element elementor-element-77cd2dbb elementor-widget elementor-widget-text-editor\" data-id=\"77cd2dbb\" data-element_type=\"widget\" data-widget_type=\"text-editor.default\">\n\t\t\t\t<div class=\"elementor-widget-container\">\n\t\t\t\t\t\t\t\t<div class=\"elementor-text-editor elementor-clearfix\">\n\t\t\t\t\t<p>En estos dos d\u00edas veremos y realizaremos diversos casos valorando diferentes tipos de abordaje , y empleando la t\u00e9cnica m\u00e1s adecuada para cada ocasi\u00f3n.<\/p>\t\t\t\t\t<\/div>\n\t\t\t\t\t\t<\/div>\n\t\t\t\t<\/div>\n\t\t\t\t<div class=\"elementor-element elementor-element-1160b308 elementor-widget elementor-widget-accordion\" data-id=\"1160b308\" data-element_type=\"widget\" data-widget_type=\"accordion.default\">\n\t\t\t\t<div class=\"elementor-widget-container\">\n\t\t\t\t\t<div class=\"elementor-accordion\" role=\"tablist\">\n\t\t\t\t\t\t\t<div class=\"elementor-accordion-item\">\n\t\t\t\t\t<div id=\"elementor-tab-title-2911\" class=\"elementor-tab-title\" data-tab=\"1\" role=\"tab\" aria-controls=\"elementor-tab-content-2911\" aria-expanded=\"false\">\n\t\t\t\t\t\t\t\t\t\t\t\t\t<span class=\"elementor-accordion-icon elementor-accordion-icon-left\" aria-hidden=\"true\">\n\t\t\t\t\t\t\t\t\t\t\t\t\t\t\t<span class=\"elementor-accordion-icon-closed\"><i class=\"fas fa-plus\"><\/i><\/span>\n\t\t\t\t\t\t\t\t<span class=\"elementor-accordion-icon-opened\"><i class=\"fas fa-minus\"><\/i><\/span>\n\t\t\t\t\t\t\t\t\t\t\t\t\t\t<\/span>\n\t\t\t\t\t\t\t\t\t\t\t\t<a class=\"elementor-accordion-title\" href=\"\">Descripci\u00f3n del curso<\/a>\n\t\t\t\t\t<\/div>\n\t\t\t\t\t<div id=\"elementor-tab-content-2911\" class=\"elementor-tab-content elementor-clearfix\" data-tab=\"1\" role=\"tabpanel\" aria-labelledby=\"elementor-tab-title-2911\"><p>Hoy en d\u00eda el tratamiento con implantes es una herramienta com\u00fan en la consulta dental. Si bien la rama de la Implantolog\u00eda Dental es considerada una especializaci\u00f3n m\u00e1s dentro de la Odontolog\u00eda, consideramos que los casos m\u00e1s comunes los puede realizar un\/ a odont\u00f3logo\/ a de cualquier especialidad con\u00a0una buena formaci\u00f3n y un correcto\u00a0entrenamiento.<\/p><p>Es un curso con alta carga pr\u00e1ctica donde el cursillista se ver\u00e1 involucrado en las cirug\u00edas a realizar. Consiste en dos d\u00edas de total inmersi\u00f3n en t\u00e9cnicas quir\u00fargicas abordando de la siguiente manera el proceso:<\/p><p>D\u00cdA 1:<br \/>Ma\u00f1ana &#8211; Teor\u00eda y hands on o pr\u00e1ctica en cabezas de cerdo.<br \/>Tarde &#8211; Cirug\u00edas realizadas por el personal del centro<\/p><p>D\u00cdA 2:<br \/>D\u00eda completo- Cirug\u00edas intervenci\u00f3n\u00a0directa de los cursillistas<\/p><\/div>\n\t\t\t\t<\/div>\n\t\t\t\t\t\t\t<div class=\"elementor-accordion-item\">\n\t\t\t\t\t<div id=\"elementor-tab-title-2912\" class=\"elementor-tab-title\" data-tab=\"2\" role=\"tab\" aria-controls=\"elementor-tab-content-2912\" aria-expanded=\"false\">\n\t\t\t\t\t\t\t\t\t\t\t\t\t<span class=\"elementor-accordion-icon elementor-accordion-icon-left\" aria-hidden=\"true\">\n\t\t\t\t\t\t\t\t\t\t\t\t\t\t\t<span class=\"elementor-accordion-icon-closed\"><i class=\"fas fa-plus\"><\/i><\/span>\n\t\t\t\t\t\t\t\t<span class=\"elementor-accordion-icon-opened\"><i class=\"fas fa-minus\"><\/i><\/span>\n\t\t\t\t\t\t\t\t\t\t\t\t\t\t<\/span>\n\t\t\t\t\t\t\t\t\t\t\t\t<a class=\"elementor-accordion-title\" href=\"\">Objetivos del curso<\/a>\n\t\t\t\t\t<\/div>\n\t\t\t\t\t<div id=\"elementor-tab-content-2912\" class=\"elementor-tab-content elementor-clearfix\" data-tab=\"2\" role=\"tabpanel\" aria-labelledby=\"elementor-tab-title-2912\"><\/div>\n\t\t\t\t<\/div>\n\t\t\t\t\t\t\t<div class=\"elementor-accordion-item\">\n\t\t\t\t\t<div id=\"elementor-tab-title-2913\" class=\"elementor-tab-title\" data-tab=\"3\" role=\"tab\" aria-controls=\"elementor-tab-content-2913\" aria-expanded=\"false\">\n\t\t\t\t\t\t\t\t\t\t\t\t\t<span class=\"elementor-accordion-icon elementor-accordion-icon-left\" aria-hidden=\"true\">\n\t\t\t\t\t\t\t\t\t\t\t\t\t\t\t<span class=\"elementor-accordion-icon-closed\"><i class=\"fas fa-plus\"><\/i><\/span>\n\t\t\t\t\t\t\t\t<span class=\"elementor-accordion-icon-opened\"><i class=\"fas fa-minus\"><\/i><\/span>\n\t\t\t\t\t\t\t\t\t\t\t\t\t\t<\/span>\n\t\t\t\t\t\t\t\t\t\t\t\t<a class=\"elementor-accordion-title\" href=\"\">Qu\u00e9 incluye el curso<\/a>\n\t\t\t\t\t<\/div>\n\t\t\t\t\t<div id=\"elementor-tab-content-2913\" class=\"elementor-tab-content elementor-clearfix\" data-tab=\"3\" role=\"tabpanel\" aria-labelledby=\"elementor-tab-title-2913\"><ul><li>Materiales did\u00e1cticos<\/li><li>Materiales quir\u00fargicos<\/li><li>Almuerzos y cena del \u00faltimo d\u00eda<\/li><li>Acceso al aula virtual<\/li><li>Clase te\u00f3rica online<\/li><\/ul><\/div>\n\t\t\t\t<\/div>\n\t\t\t\t\t\t\t<div class=\"elementor-accordion-item\">\n\t\t\t\t\t<div id=\"elementor-tab-title-2914\" class=\"elementor-tab-title\" data-tab=\"4\" role=\"tab\" aria-controls=\"elementor-tab-content-2914\" aria-expanded=\"false\">\n\t\t\t\t\t\t\t\t\t\t\t\t\t<span class=\"elementor-accordion-icon elementor-accordion-icon-left\" aria-hidden=\"true\">\n\t\t\t\t\t\t\t\t\t\t\t\t\t\t\t<span class=\"elementor-accordion-icon-closed\"><i class=\"fas fa-plus\"><\/i><\/span>\n\t\t\t\t\t\t\t\t<span class=\"elementor-accordion-icon-opened\"><i class=\"fas fa-minus\"><\/i><\/span>\n\t\t\t\t\t\t\t\t\t\t\t\t\t\t<\/span>\n\t\t\t\t\t\t\t\t\t\t\t\t<a class=\"elementor-accordion-title\" href=\"\">Horario<\/a>\n\t\t\t\t\t<\/div>\n\t\t\t\t\t<div id=\"elementor-tab-content-2914\" class=\"elementor-tab-content elementor-clearfix\" data-tab=\"4\" role=\"tabpanel\" aria-labelledby=\"elementor-tab-title-2914\"><p><strong>Jueves y viernes<\/strong><br>&#8211; Ma\u00f1anas: 9:00 a 14:00 h.<br>&#8211; Tardes: 16:00 a 20:00 h.<\/p><\/div>\n\t\t\t\t<\/div>\n\t\t\t\t\t\t\t<div class=\"elementor-accordion-item\">\n\t\t\t\t\t<div id=\"elementor-tab-title-2915\" class=\"elementor-tab-title\" data-tab=\"5\" role=\"tab\" aria-controls=\"elementor-tab-content-2915\" aria-expanded=\"false\">\n\t\t\t\t\t\t\t\t\t\t\t\t\t<span class=\"elementor-accordion-icon elementor-accordion-icon-left\" aria-hidden=\"true\">\n\t\t\t\t\t\t\t\t\t\t\t\t\t\t\t<span class=\"elementor-accordion-icon-closed\"><i class=\"fas fa-plus\"><\/i><\/span>\n\t\t\t\t\t\t\t\t<span class=\"elementor-accordion-icon-opened\"><i class=\"fas fa-minus\"><\/i><\/span>\n\t\t\t\t\t\t\t\t\t\t\t\t\t\t<\/span>\n\t\t\t\t\t\t\t\t\t\t\t\t<a class=\"elementor-accordion-title\" href=\"\">Lugar<\/a>\n\t\t\t\t\t<\/div>\n\t\t\t\t\t<div id=\"elementor-tab-content-2915\" class=\"elementor-tab-content elementor-clearfix\" data-tab=\"5\" role=\"tabpanel\" aria-labelledby=\"elementor-tab-title-2915\"><p><strong>CED Garc\u00eda Mar\u00ed, Santa Cruz de Tenerife<\/strong><br \/>C\/ Prolongaci\u00f3n Ram\u00f3n y Cajal, 13, local 4<br \/>38003, Santa Cruz de Tenerife<\/p><\/div>\n\t\t\t\t<\/div>\n\t\t\t\t\t\t\t\t<\/div>\n\t\t\t\t<\/div>\n\t\t\t\t<\/div>\n\t\t\t\t<section class=\"elementor-section elementor-inner-section elementor-element elementor-element-18dc3355 elementor-section-boxed elementor-section-height-default elementor-section-height-default\" data-id=\"18dc3355\" data-element_type=\"section\">\n\t\t\t\t\t\t<div class=\"elementor-container elementor-column-gap-default\">\n\t\t\t\t\t\t\t<div class=\"elementor-row\">\n\t\t\t\t\t<div class=\"elementor-column elementor-col-33 elementor-inner-column elementor-element elementor-element-38cd25c1\" data-id=\"38cd25c1\" data-element_type=\"column\">\n\t\t\t<div class=\"elementor-column-wrap elementor-element-populated\">\n\t\t\t\t\t\t\t<div class=\"elementor-widget-wrap\">\n\t\t\t\t\t\t<div class=\"elementor-element elementor-element-28d9dc64 elementor-widget elementor-widget-image\" data-id=\"28d9dc64\" data-element_type=\"widget\" data-widget_type=\"image.default\">\n\t\t\t\t<div class=\"elementor-widget-container\">\n\t\t\t\t\t\t\t\t<div class=\"elementor-image\">\n\t\t\t\t\t\t\t\t\t\t\t\t<img loading=\"lazy\" decoding=\"async\" width=\"711\" height=\"815\" src=\"https:\/\/garciamariformacion.com\/wp-content\/uploads\/2020\/05\/Dr-Luis-Garci\u0301a-Mari\u0301.jpg\" class=\"attachment-large size-large\" alt=\"Luis Garc\u00eda Mar\u00ed odont\u00f3logo de la Cl\u00ednica dental en Tenerife Garc\u00eda Mar\u00ed\" srcset=\"https:\/\/garciamariformacion.com\/wp-content\/uploads\/2020\/05\/Dr-Luis-Garci\u0301a-Mari\u0301.jpg 711w, https:\/\/garciamariformacion.com\/wp-content\/uploads\/2020\/05\/Dr-Luis-Garci\u0301a-Mari\u0301-262x300.jpg 262w\" sizes=\"(max-width: 711px) 100vw, 711px\" \/>\t\t\t\t\t\t\t\t\t\t\t\t\t\t<\/div>\n\t\t\t\t\t\t<\/div>\n\t\t\t\t<\/div>\n\t\t\t\t\t\t<\/div>\n\t\t\t\t\t<\/div>\n\t\t<\/div>\n\t\t\t\t<div class=\"elementor-column elementor-col-66 elementor-inner-column elementor-element elementor-element-414500b3\" data-id=\"414500b3\" data-element_type=\"column\">\n\t\t\t<div class=\"elementor-column-wrap elementor-element-populated\">\n\t\t\t\t\t\t\t<div class=\"elementor-widget-wrap\">\n\t\t\t\t\t\t<div class=\"elementor-element elementor-element-581065c8 elementor-widget elementor-widget-heading\" data-id=\"581065c8\" data-element_type=\"widget\" data-widget_type=\"heading.default\">\n\t\t\t\t<div class=\"elementor-widget-container\">\n\t\t\t<h2 class=\"elementor-heading-title elementor-size-default\">Dr. Luis Garc\u00eda Mar\u00ed<\/h2>\t\t<\/div>\n\t\t\t\t<\/div>\n\t\t\t\t<div class=\"elementor-element elementor-element-5809504c elementor-widget-divider--view-line elementor-widget elementor-widget-divider\" data-id=\"5809504c\" data-element_type=\"widget\" data-widget_type=\"divider.default\">\n\t\t\t\t<div class=\"elementor-widget-container\">\n\t\t\t\t\t<div class=\"elementor-divider\">\n\t\t\t<span class=\"elementor-divider-separator\">\n\t\t\t\t\t\t<\/span>\n\t\t<\/div>\n\t\t\t\t<\/div>\n\t\t\t\t<\/div>\n\t\t\t\t<div class=\"elementor-element elementor-element-21fbe598 elementor-widget elementor-widget-accordion\" data-id=\"21fbe598\" data-element_type=\"widget\" data-widget_type=\"accordion.default\">\n\t\t\t\t<div class=\"elementor-widget-container\">\n\t\t\t\t\t<div class=\"elementor-accordion\" role=\"tablist\">\n\t\t\t\t\t\t\t<div class=\"elementor-accordion-item\">\n\t\t\t\t\t<div id=\"elementor-tab-title-5701\" class=\"elementor-tab-title\" data-tab=\"1\" role=\"tab\" aria-controls=\"elementor-tab-content-5701\" aria-expanded=\"false\">\n\t\t\t\t\t\t\t\t\t\t\t\t\t<span class=\"elementor-accordion-icon elementor-accordion-icon-right\" aria-hidden=\"true\">\n\t\t\t\t\t\t\t\t\t\t\t\t\t\t\t<span class=\"elementor-accordion-icon-closed\"><i class=\"fas fa-angle-down\"><\/i><\/span>\n\t\t\t\t\t\t\t\t<span class=\"elementor-accordion-icon-opened\"><i class=\"fas fa-angle-up\"><\/i><\/span>\n\t\t\t\t\t\t\t\t\t\t\t\t\t\t<\/span>\n\t\t\t\t\t\t\t\t\t\t\t\t<a class=\"elementor-accordion-title\" href=\"\">Especialista en cirug\u00edas de alta complejidad<\/a>\n\t\t\t\t\t<\/div>\n\t\t\t\t\t<div id=\"elementor-tab-content-5701\" class=\"elementor-tab-content elementor-clearfix\" data-tab=\"1\" role=\"tabpanel\" aria-labelledby=\"elementor-tab-title-5701\"><ul style=\"color: #333333;\"><li>Licenciado en Odontolog\u00eda. Universidad de Murcia, 2002.<\/li><li>Master en Periodoncia. Universidad Par\u00eds, 2005.<\/li><li>Especialista en Periodoncia. Universidad Maim\u00f3nides de Buenos Aires, 2006.<\/li><li>Continuing Dental Education program in Implantology, cosmetic and Oral rehabilitation. New York University, 2007.<\/li><li>Especialista en Cirug\u00eda y Rehabilitaci\u00f3n Implantol\u00f3gica. Universidad de Sevilla, 2014.<\/li><li>Experto en Implantes Zigom\u00e1ticos. Universidad de L\u00e9rida, 2015.<\/li><li>Advanced Surgical Master Curriculum in Regenerative Implant Dentistry Istvan Urban Institute. University of Szeged (Hungary), 2018.<\/li><li>Dictante de numerosos curso nacionales e internacionales de regeneraci\u00f3n, uso de biomateriales y t\u00e9cnicas de elevaci\u00f3n de seno.<\/li><\/ul><\/div>\n\t\t\t\t<\/div>\n\t\t\t\t\t\t\t\t<\/div>\n\t\t\t\t<\/div>\n\t\t\t\t<\/div>\n\t\t\t\t\t\t<\/div>\n\t\t\t\t\t<\/div>\n\t\t<\/div>\n\t\t\t\t\t\t\t\t<\/div>\n\t\t\t\t\t<\/div>\n\t\t<\/section>\n\t\t\t\t\t\t<\/div>\n\t\t\t\t\t<\/div>\n\t\t<\/div>\n\t\t\t\t<div class=\"elementor-column elementor-col-33 elementor-top-column elementor-element elementor-element-5922f0d7\" data-id=\"5922f0d7\" data-element_type=\"column\">\n\t\t\t<div class=\"elementor-column-wrap elementor-element-populated\">\n\t\t\t\t\t\t\t<div class=\"elementor-widget-wrap\">\n\t\t\t\t\t\t<div class=\"elementor-element elementor-element-0d46eab elementor-cta--skin-classic elementor-animated-content elementor-bg-transform elementor-bg-transform-zoom-in elementor-widget elementor-widget-call-to-action\" data-id=\"0d46eab\" data-element_type=\"widget\" data-settings=\"{&quot;sticky&quot;:&quot;top&quot;,&quot;sticky_offset&quot;:100,&quot;sticky_on&quot;:[],&quot;sticky_effects_offset&quot;:0}\" data-widget_type=\"call-to-action.default\">\n\t\t\t\t<div class=\"elementor-widget-container\">\n\t\t\t\t\t<a href=\"https:\/\/garciamariformacion.com\/?edd_action=add_to_cart&#038;download_id=799\" class=\"elementor-cta\">\n\t\t\t\t\t\t\t<div class=\"elementor-cta__content\">\n\t\t\t\t\n\t\t\t\t\t\t\t\t\t<h2 class=\"elementor-cta__title elementor-cta__content-item elementor-content-item\">\n\t\t\t\t\t\tEstancia cl\u00ednica en Implantes dentales CAD-CAM\t\t\t\t\t<\/h2>\n\t\t\t\t\n\t\t\t\t\t\t\t\t\t<div class=\"elementor-cta__description elementor-cta__content-item elementor-content-item\">\n\t\t\t\t\t\t<strong>Fecha pr\u00f3xima edici\u00f3n:<\/strong> <br>3-4 de Marzo de 2022\n<br>\n<strong>Precio total:<\/strong> 2400,00\u20ac <i>(imp. no inlcuidos)<\/i><br>\n<strong>Reserva tu plaza ahora (Pago 50% inicial):<\/strong> 1200,00\u20ac\t\t\t\t\t<\/div>\n\t\t\t\t\n\t\t\t\t\t\t\t\t\t<div class=\"elementor-cta__button-wrapper elementor-cta__content-item elementor-content-item \">\n\t\t\t\t\t<span class=\"elementor-cta__button elementor-button elementor-size-sm\">\n\t\t\t\t\t\tReservar plaza\t\t\t\t\t<\/span>\n\t\t\t\t\t<\/div>\n\t\t\t\t\t\t\t<\/div>\n\t\t\t\t\t\t<\/a>\n\t\t\t\t<\/div>\n\t\t\t\t<\/div>\n\t\t\t\t\t\t<\/div>\n\t\t\t\t\t<\/div>\n\t\t<\/div>\n\t\t\t\t\t\t\t\t<\/div>\n\t\t\t\t\t<\/div>\n\t\t<\/section>\n\t\t\t\t\t\t<\/div>\n\t\t\t\t\t\t<\/div>\n\t\t\t\t\t<\/div>\n\t\t","protected":false},"excerpt":{"rendered":"<p>Estancia cl\u00ednica con pacientes: Implantes dentales CAD-CAM En estos dos d\u00edas veremos y realizaremos diversos casos valorando diferentes tipos de abordaje , y empleando la t\u00e9cnica m\u00e1s adecuada para cada ocasi\u00f3n. Descripci\u00f3n del curso Hoy en d\u00eda el tratamiento con implantes es una herramienta com\u00fan en la consulta dental. Si bien la rama de la [&hellip;]<\/p>\n","protected":false},"author":1,"featured_media":0,"parent":283,"menu_order":0,"comment_status":"closed","ping_status":"closed","template":"","meta":{"om_disable_all_campaigns":false,"_monsterinsights_skip_tracking":false,"_monsterinsights_sitenote_active":false,"_monsterinsights_sitenote_note":"","_monsterinsights_sitenote_category":0,"_genesis_hide_title":false,"_genesis_hide_breadcrumbs":false,"_genesis_hide_singular_image":false,"_genesis_hide_footer_widgets":false,"_genesis_custom_body_class":"","_genesis_custom_post_class":"","_genesis_layout":"","footnotes":""},"class_list":{"0":"post-62","1":"page","2":"type-page","3":"status-publish","5":"entry"},"aioseo_notices":[],"yoast_head":"<!-- This site is optimized with the Yoast SEO plugin v15.0 - https:\/\/yoast.com\/wordpress\/plugins\/seo\/ -->\n<title>Estancia cl\u00ednica en implantes dentales CAD-CAM - Garc\u00eda Mar\u00ed<\/title>\n<meta name=\"description\" content=\"Curso de implantes dentales CAD-CAM con alta carga pr\u00e1ctica donde el cursillista se ver\u00e1 involucrado en las cirug\u00edas a realizar. 2 d\u00edas de duraci\u00f3n.\" \/>\n<meta name=\"robots\" content=\"index, follow, max-snippet:-1, max-image-preview:large, max-video-preview:-1\" \/>\n<link rel=\"canonical\" href=\"https:\/\/garciamariformacion.com\/es_es\/profesionales\/cursos-de-odontologia\/implantes-dentales-cad-cam\/\" \/>\n<meta property=\"og:locale\" content=\"es_ES\" \/>\n<meta property=\"og:type\" content=\"article\" \/>\n<meta property=\"og:title\" content=\"Estancia cl\u00ednica en implantes dentales CAD-CAM - Garc\u00eda Mar\u00ed\" \/>\n<meta property=\"og:description\" content=\"Curso de implantes dentales CAD-CAM con alta carga pr\u00e1ctica donde el cursillista se ver\u00e1 involucrado en las cirug\u00edas a realizar. 2 d\u00edas de duraci\u00f3n.\" \/>\n<meta property=\"og:url\" content=\"https:\/\/garciamariformacion.com\/es_es\/profesionales\/cursos-de-odontologia\/implantes-dentales-cad-cam\/\" \/>\n<meta property=\"og:site_name\" content=\"Garc\u00eda Mar\u00ed Formaci\u00f3n\" \/>\n<meta property=\"article:modified_time\" content=\"2021-10-08T12:11:38+00:00\" \/>\n<meta property=\"og:image\" content=\"https:\/\/garciamariformacion.com\/wp-content\/uploads\/2020\/05\/Dr-Luis-Garci\u0301a-Mari\u0301.jpg\" \/>\n<meta name=\"twitter:card\" content=\"summary_large_image\" \/>\n<script type=\"application\/ld+json\" class=\"yoast-schema-graph\">{\"@context\":\"https:\/\/schema.org\",\"@graph\":[{\"@type\":\"WebSite\",\"@id\":\"https:\/\/garciamariformacion.com\/es_es\/#website\",\"url\":\"https:\/\/garciamariformacion.com\/es_es\/\",\"name\":\"Garc\\u00eda Mar\\u00ed Formaci\\u00f3n\",\"description\":\"Especialistas en formaci\\u00f3n para dentistas.\",\"potentialAction\":[{\"@type\":\"SearchAction\",\"target\":\"https:\/\/garciamariformacion.com\/es_es\/?s={search_term_string}\",\"query-input\":\"required name=search_term_string\"}],\"inLanguage\":\"es\"},{\"@type\":\"ImageObject\",\"@id\":\"https:\/\/garciamariformacion.com\/es_es\/profesionales\/cursos-de-odontologia\/implantes-dentales-cad-cam\/#primaryimage\",\"inLanguage\":\"es\",\"url\":\"https:\/\/garciamariformacion.com\/wp-content\/uploads\/2020\/05\/Dr-Luis-Garci\\u0301a-Mari\\u0301.jpg\",\"width\":711,\"height\":815,\"caption\":\"Luis Garc\\u00eda Mar\\u00ed odont\\u00f3logo de la Cl\\u00ednica dental en Tenerife Garc\\u00eda Mar\\u00ed\"},{\"@type\":\"WebPage\",\"@id\":\"https:\/\/garciamariformacion.com\/es_es\/profesionales\/cursos-de-odontologia\/implantes-dentales-cad-cam\/#webpage\",\"url\":\"https:\/\/garciamariformacion.com\/es_es\/profesionales\/cursos-de-odontologia\/implantes-dentales-cad-cam\/\",\"name\":\"Estancia cl\\u00ednica en implantes dentales CAD-CAM - Garc\\u00eda Mar\\u00ed\",\"isPartOf\":{\"@id\":\"https:\/\/garciamariformacion.com\/es_es\/#website\"},\"primaryImageOfPage\":{\"@id\":\"https:\/\/garciamariformacion.com\/es_es\/profesionales\/cursos-de-odontologia\/implantes-dentales-cad-cam\/#primaryimage\"},\"datePublished\":\"2020-05-12T07:14:30+00:00\",\"dateModified\":\"2021-10-08T12:11:38+00:00\",\"description\":\"Curso de implantes dentales CAD-CAM con alta carga pr\\u00e1ctica donde el cursillista se ver\\u00e1 involucrado en las cirug\\u00edas a realizar. 2 d\\u00edas de duraci\\u00f3n.\",\"inLanguage\":\"es\",\"potentialAction\":[{\"@type\":\"ReadAction\",\"target\":[\"https:\/\/garciamariformacion.com\/es_es\/profesionales\/cursos-de-odontologia\/implantes-dentales-cad-cam\/\"]}]}]}<\/script>\n<!-- \/ Yoast SEO plugin. -->","_links":{"self":[{"href":"https:\/\/garciamariformacion.com\/es_es\/wp-json\/wp\/v2\/pages\/62"}],"collection":[{"href":"https:\/\/garciamariformacion.com\/es_es\/wp-json\/wp\/v2\/pages"}],"about":[{"href":"https:\/\/garciamariformacion.com\/es_es\/wp-json\/wp\/v2\/types\/page"}],"author":[{"embeddable":true,"href":"https:\/\/garciamariformacion.com\/es_es\/wp-json\/wp\/v2\/users\/1"}],"replies":[{"embeddable":true,"href":"https:\/\/garciamariformacion.com\/es_es\/wp-json\/wp\/v2\/comments?post=62"}],"version-history":[{"count":0,"href":"https:\/\/garciamariformacion.com\/es_es\/wp-json\/wp\/v2\/pages\/62\/revisions"}],"up":[{"embeddable":true,"href":"https:\/\/garciamariformacion.com\/es_es\/wp-json\/wp\/v2\/pages\/283"}],"wp:attachment":[{"href":"https:\/\/garciamariformacion.com\/es_es\/wp-json\/wp\/v2\/media?parent=62"}],"curies":[{"name":"wp","href":"https:\/\/api.w.org\/{rel}","templated":true}]}}